{"id":940,"date":"2024-10-08T08:07:42","date_gmt":"2024-10-08T11:07:42","guid":{"rendered":"https:\/\/sbu.uenp.edu.br\/clm\/?page_id=940"},"modified":"2025-05-05T09:43:56","modified_gmt":"2025-05-05T12:43:56","slug":"repositorios-digitais","status":"publish","type":"page","link":"https:\/\/sbu.uenp.edu.br\/clm\/fontes\/repositorios-digitais\/","title":{"rendered":"Reposit\u00f3rios Digitais"},"content":{"rendered":"<hr \/>\n<p><span style=\"font-family: verdana, geneva, sans-serif\">Os <a href=\"https:\/\/www.gov.br\/ibict\/pt-br\/assuntos\/tecnologias-para-a-informacao\/copy_of_repositorios-digitais\" target=\"_blank\" rel=\"noopener\"><strong>Reposit\u00f3rios Digitais<\/strong><\/a> (<a href=\"https:\/\/www.gov.br\/ibict\/pt-br\/assuntos\/tecnologias-para-a-informacao\/copy_of_repositorios-digitais\" target=\"_blank\" rel=\"noopener\"><strong>RD<\/strong><\/a>) s\u00e3o plataformas que permitem o armazenamento, preserva\u00e7\u00e3o e dissemina\u00e7\u00e3o de conte\u00fados acad\u00eamicos e cient\u00edficos em formato digital. Eles desempenham um papel crucial no acesso aberto \u00e0 informa\u00e7\u00e3o, tornando poss\u00edvel a consulta de publica\u00e7\u00f5es, teses, disserta\u00e7\u00f5es, dados de pesquisa e outros materiais. Com o avan\u00e7o da ci\u00eancia aberta, esses reposit\u00f3rios t\u00eam se consolidado como ferramentas fundamentais para a democratiza\u00e7\u00e3o do conhecimento, ao garantir que pesquisadores, estudantes e a sociedade possam acessar gratuitamente o trabalho produzido por institui\u00e7\u00f5es de ensino e pesquisa.<\/span><\/p>\n<p><span style=\"font-family: verdana, geneva, sans-serif\">Existem diferentes tipologias de reposit\u00f3rios digitais, sendo tr\u00eas as principais: institucionais, tem\u00e1ticos e de dados. Os reposit\u00f3rios institucionais s\u00e3o mantidos por universidades e centros de pesquisa, abrigando a produ\u00e7\u00e3o cient\u00edfica de seus professores, alunos e pesquisadores. Eles servem como uma vitrine do que est\u00e1 sendo desenvolvido dentro dessas institui\u00e7\u00f5es, garantindo a preserva\u00e7\u00e3o do conhecimento gerado internamente e ampliando sua visibilidade.<\/span><\/p>\n<p><span style=\"font-family: verdana, geneva, sans-serif\">J\u00e1 os reposit\u00f3rios tem\u00e1ticos s\u00e3o especializados em \u00e1reas de conhecimento espec\u00edficas, como ci\u00eancias agr\u00e1rias, sa\u00fade ou engenharia. Eles agregam conte\u00fado de diferentes institui\u00e7\u00f5es, organizando a produ\u00e7\u00e3o cient\u00edfica por temas, o que facilita a busca por informa\u00e7\u00f5es em campos espec\u00edficos. Os reposit\u00f3rios de dados, por sua vez, s\u00e3o voltados para a armazenagem e compartilhamento de conjuntos de dados gerados em pesquisas, sendo essenciais para a transpar\u00eancia e reprodutibilidade cient\u00edfica, pilares da ci\u00eancia aberta.<\/span><\/p>\n","protected":false},"excerpt":{"rendered":"","protected":false},"author":4,"featured_media":0,"parent":490,"menu_order":0,"comment_status":"closed","ping_status":"closed","template":"","meta":{"footnotes":""},"class_list":["post-940","page","type-page","status-publish","hentry"],"_links":{"self":[{"href":"https:\/\/sbu.uenp.edu.br\/clm\/wp-json\/wp\/v2\/pages\/940","targetHints":{"allow":["GET"]}}],"collection":[{"href":"https:\/\/sbu.uenp.edu.br\/clm\/wp-json\/wp\/v2\/pages"}],"about":[{"href":"https:\/\/sbu.uenp.edu.br\/clm\/wp-json\/wp\/v2\/types\/page"}],"author":[{"embeddable":true,"href":"https:\/\/sbu.uenp.edu.br\/clm\/wp-json\/wp\/v2\/users\/4"}],"replies":[{"embeddable":true,"href":"https:\/\/sbu.uenp.edu.br\/clm\/wp-json\/wp\/v2\/comments?post=940"}],"version-history":[{"count":5,"href":"https:\/\/sbu.uenp.edu.br\/clm\/wp-json\/wp\/v2\/pages\/940\/revisions"}],"predecessor-version":[{"id":1482,"href":"https:\/\/sbu.uenp.edu.br\/clm\/wp-json\/wp\/v2\/pages\/940\/revisions\/1482"}],"up":[{"embeddable":true,"href":"https:\/\/sbu.uenp.edu.br\/clm\/wp-json\/wp\/v2\/pages\/490"}],"wp:attachment":[{"href":"https:\/\/sbu.uenp.edu.br\/clm\/wp-json\/wp\/v2\/media?parent=940"}],"curies":[{"name":"wp","href":"https:\/\/api.w.org\/{rel}","templated":true}]}}