{"id":905,"date":"2024-10-04T12:43:38","date_gmt":"2024-10-04T15:43:38","guid":{"rendered":"https:\/\/sbu.uenp.edu.br\/clm\/?page_id=905"},"modified":"2025-06-02T11:55:15","modified_gmt":"2025-06-02T14:55:15","slug":"multidisciplinares","status":"publish","type":"page","link":"https:\/\/sbu.uenp.edu.br\/clm\/fontes\/bases-de-dados\/multidisciplinares\/","title":{"rendered":"Multidisciplinares"},"content":{"rendered":"<hr \/>\n<ul id=\"_cvkUOcXGtMewd6\" dir=\"ltr\" style=\"list-style-type: square\">\n<li id=\"_iCBonEi0Od9eCn\" dir=\"ltr\"><span style=\"font-family: verdana, geneva, sans-serif\">Biblioteca Digital Brasileira de Teses e Disserta\u00e7\u00f5es (<strong><a href=\"https:\/\/bdtd.ibict.br\/vufind\/\" target=\"_blank\" rel=\"noopener\">BDTD<\/a><\/strong>)<\/span><\/li>\n<li id=\"_ooBOMM8X5Q7TPA\" dir=\"ltr\"><span style=\"font-family: verdana, geneva, sans-serif\">Deposita: Reposit\u00f3rio Comum do Brasil (<strong><a href=\"https:\/\/www.deposita.ibict.br\/\" target=\"_blank\" rel=\"noopener\">Ibict<\/a><\/strong>)<\/span><\/li>\n<li id=\"_nVa6NkWz1LlcDV\" dir=\"ltr\"><span style=\"font-family: verdana, geneva, sans-serif\">Diret\u00f3rios de Peri\u00f3dicos de Acesso Abertos (<strong><a href=\"https:\/\/doaj.org\/\" target=\"_blank\" rel=\"noopener\">DOAJ<\/a><\/strong>)<\/span><\/li>\n<li id=\"_clPOJkum18y0Fp\" dir=\"ltr\"><span style=\"font-family: verdana, geneva, sans-serif\">Red Latinoamericana para la Ciencia Abierta (<strong><a href=\"https:\/\/www.lareferencia.info\/pt\/\" target=\"_blank\" rel=\"noopener\">LA Referencia<\/a><\/strong>)<\/span><\/li>\n<li><span style=\"font-family: verdana, geneva, sans-serif\">Rede de Revistas Cient\u00edficas da Am\u00e9rica Latina e Caribe (<a href=\"https:\/\/redalyc.org\/\" target=\"_blank\" rel=\"noopener\"><strong>Redalyc<\/strong><\/a>)<\/span><\/li>\n<li id=\"_pcI4NSGeZPJ7gW\" dir=\"ltr\"><span style=\"font-family: verdana, geneva, sans-serif\">Portal Brasileiro de Publica\u00e7\u00f5es e Dados Cient\u00edficos em Acesso Aberto (<strong><a href=\"https:\/\/oasisbr.ibict.br\/vufind\/\" target=\"_blank\" rel=\"noopener\">Oasisbr<\/a><\/strong>)<\/span><\/li>\n<li id=\"_mI6yJmlYowJuq1\" dir=\"ltr\"><span style=\"font-family: verdana, geneva, sans-serif\">Scientific Electronic Library Online (<strong><a href=\"https:\/\/scielo.org\/\" target=\"_blank\" rel=\"noopener\">SciELO<\/a><\/strong>)<\/span><\/li>\n<\/ul>\n","protected":false},"excerpt":{"rendered":"","protected":false},"author":4,"featured_media":0,"parent":148,"menu_order":0,"comment_status":"closed","ping_status":"closed","template":"","meta":{"footnotes":""},"class_list":["post-905","page","type-page","status-publish","hentry"],"_links":{"self":[{"href":"https:\/\/sbu.uenp.edu.br\/clm\/wp-json\/wp\/v2\/pages\/905","targetHints":{"allow":["GET"]}}],"collection":[{"href":"https:\/\/sbu.uenp.edu.br\/clm\/wp-json\/wp\/v2\/pages"}],"about":[{"href":"https:\/\/sbu.uenp.edu.br\/clm\/wp-json\/wp\/v2\/types\/page"}],"author":[{"embeddable":true,"href":"https:\/\/sbu.uenp.edu.br\/clm\/wp-json\/wp\/v2\/users\/4"}],"replies":[{"embeddable":true,"href":"https:\/\/sbu.uenp.edu.br\/clm\/wp-json\/wp\/v2\/comments?post=905"}],"version-history":[{"count":6,"href":"https:\/\/sbu.uenp.edu.br\/clm\/wp-json\/wp\/v2\/pages\/905\/revisions"}],"predecessor-version":[{"id":1572,"href":"https:\/\/sbu.uenp.edu.br\/clm\/wp-json\/wp\/v2\/pages\/905\/revisions\/1572"}],"up":[{"embeddable":true,"href":"https:\/\/sbu.uenp.edu.br\/clm\/wp-json\/wp\/v2\/pages\/148"}],"wp:attachment":[{"href":"https:\/\/sbu.uenp.edu.br\/clm\/wp-json\/wp\/v2\/media?parent=905"}],"curies":[{"name":"wp","href":"https:\/\/api.w.org\/{rel}","templated":true}]}}