{"id":790,"date":"2024-09-27T10:01:03","date_gmt":"2024-09-27T13:01:03","guid":{"rendered":"https:\/\/sbu.uenp.edu.br\/clm\/?page_id=790"},"modified":"2025-05-05T09:58:36","modified_gmt":"2025-05-05T12:58:36","slug":"abnt","status":"publish","type":"page","link":"https:\/\/sbu.uenp.edu.br\/clm\/orientacoes\/normas-academicas\/abnt\/","title":{"rendered":"ABNT"},"content":{"rendered":"<hr \/>\n<p><span style=\"font-family: verdana, geneva, sans-serif\">A Associa\u00e7\u00e3o Brasileira de Normas T\u00e9cnicas (<a href=\"https:\/\/abnt.org.br\/\" target=\"_blank\" rel=\"noopener\"><strong>ABNT<\/strong><\/a>) \u00e9 a entidade respons\u00e1vel por estabelecer normas t\u00e9cnicas no Brasil, promovendo padroniza\u00e7\u00e3o, qualidade e seguran\u00e7a em diversos setores, incluindo a \u00e1rea acad\u00eamica. Suas diretrizes s\u00e3o amplamente reconhecidas e servem como refer\u00eancia para a elabora\u00e7\u00e3o e apresenta\u00e7\u00e3o de documentos t\u00e9cnicos e cient\u00edficos.<\/span><\/p>\n<p><span style=\"font-family: verdana, geneva, sans-serif\">No ambiente universit\u00e1rio, as normas da <strong><a href=\"https:\/\/abnt.org.br\/\" target=\"_blank\" rel=\"noopener\">ABNT<\/a><\/strong> s\u00e3o essenciais para orientar a estrutura e a formata\u00e7\u00e3o de produ\u00e7\u00f5es como artigos, TCCs, disserta\u00e7\u00f5es e teses. Elas abrangem diversos elementos do trabalho acad\u00eamico, como capa, folha de rosto, sum\u00e1rio, resumo, palavras-chave, cita\u00e7\u00f5es, notas de rodap\u00e9, refer\u00eancias e anexos. Entre as mais utilizadas est\u00e3o a <a href=\"https:\/\/www.abntcatalogo.com.br\/pnm.aspx?Q=d2M4ZGRuQVRDM1UvSXFjaENBbVZuRlRlQS9jV3NBMzdkaGpRQ0lHei9DUT0=\" target=\"_blank\" rel=\"noopener\"><strong>NBR 14724<\/strong><\/a> (trabalhos acad\u00eamicos), <strong><a href=\"https:\/\/www.abntcatalogo.com.br\/pnm.aspx?Q=aDRESk82NGxTRHptZ0Fjdi9PV2s1c0VDUTlFMmdwSEhWV2dISVlFakFwRT0=\" target=\"_blank\" rel=\"noopener\">NBR 6023<\/a><\/strong> (refer\u00eancias), <strong><a href=\"https:\/\/www.abntcatalogo.com.br\/pnm.aspx?Q=a1lrbFl3K3JibFVIWjhlUnJYc1FmNW9iU1Y2aVc1M0xOVUsyK2RvVVgxZz0=\" target=\"_blank\" rel=\"noopener\">NBR 6028<\/a><\/strong> (resumo) e <a href=\"https:\/\/www.abntcatalogo.com.br\/pnm.aspx?Q=WG0yV1hVVWdQeWE1UGtQQzJpaytiWDNSWHZoY29LR3laUW50U0tWWXRTaz0=\" target=\"_blank\" rel=\"noopener\"><strong>NBR 10520<\/strong><\/a> (cita\u00e7\u00f5es), que asseguram uniformidade e credibilidade \u00e0 produ\u00e7\u00e3o cient\u00edfica.<\/span><\/p>\n<p><span style=\"font-family: verdana, geneva, sans-serif\">A Biblioteca da CLM-UENP disponibiliza modelos prontos com todas essas configura\u00e7\u00f5es pr\u00e9-formatadas, al\u00e9m de materiais explicativos sobre como fazer corretamente cita\u00e7\u00f5es, refer\u00eancias, resumos e demais partes do trabalho. Para garantir a perfeita adequa\u00e7\u00e3o \u00e0s normas, recomendamos sempre consultar os manuais oficiais ou procurar orienta\u00e7\u00e3o com nossa equipe especializada.<\/span><\/p>\n","protected":false},"excerpt":{"rendered":"","protected":false},"author":4,"featured_media":0,"parent":788,"menu_order":0,"comment_status":"closed","ping_status":"closed","template":"","meta":{"footnotes":""},"class_list":["post-790","page","type-page","status-publish","hentry"],"_links":{"self":[{"href":"https:\/\/sbu.uenp.edu.br\/clm\/wp-json\/wp\/v2\/pages\/790","targetHints":{"allow":["GET"]}}],"collection":[{"href":"https:\/\/sbu.uenp.edu.br\/clm\/wp-json\/wp\/v2\/pages"}],"about":[{"href":"https:\/\/sbu.uenp.edu.br\/clm\/wp-json\/wp\/v2\/types\/page"}],"author":[{"embeddable":true,"href":"https:\/\/sbu.uenp.edu.br\/clm\/wp-json\/wp\/v2\/users\/4"}],"replies":[{"embeddable":true,"href":"https:\/\/sbu.uenp.edu.br\/clm\/wp-json\/wp\/v2\/comments?post=790"}],"version-history":[{"count":4,"href":"https:\/\/sbu.uenp.edu.br\/clm\/wp-json\/wp\/v2\/pages\/790\/revisions"}],"predecessor-version":[{"id":1332,"href":"https:\/\/sbu.uenp.edu.br\/clm\/wp-json\/wp\/v2\/pages\/790\/revisions\/1332"}],"up":[{"embeddable":true,"href":"https:\/\/sbu.uenp.edu.br\/clm\/wp-json\/wp\/v2\/pages\/788"}],"wp:attachment":[{"href":"https:\/\/sbu.uenp.edu.br\/clm\/wp-json\/wp\/v2\/media?parent=790"}],"curies":[{"name":"wp","href":"https:\/\/api.w.org\/{rel}","templated":true}]}}