{"id":788,"date":"2024-09-27T10:00:02","date_gmt":"2024-09-27T13:00:02","guid":{"rendered":"https:\/\/sbu.uenp.edu.br\/clm\/?page_id=788"},"modified":"2025-05-05T09:58:14","modified_gmt":"2025-05-05T12:58:14","slug":"normas-academicas","status":"publish","type":"page","link":"https:\/\/sbu.uenp.edu.br\/clm\/orientacoes\/normas-academicas\/","title":{"rendered":"Normas Acad\u00eamicas"},"content":{"rendered":"<hr \/>\n<p><span style=\"font-family: verdana, geneva, sans-serif\">As normas acad\u00eamicas s\u00e3o um conjunto de diretrizes que orientam a elabora\u00e7\u00e3o de trabalhos cient\u00edficos, assegurando clareza, credibilidade e uniformidade na apresenta\u00e7\u00e3o das pesquisas. Elas definem a estrutura dos textos, incluindo aspectos como formata\u00e7\u00e3o, cita\u00e7\u00f5es e refer\u00eancias bibliogr\u00e1ficas. No Brasil, as normas da Associa\u00e7\u00e3o Brasileira de Normas T\u00e9cnicas (<a href=\"https:\/\/sbu.uenp.edu.br\/clm\/orientacoes\/normas-academicas\/abnt\/\" target=\"_blank\" rel=\"noopener\"><strong>ABNT<\/strong><\/a>) s\u00e3o as mais utilizadas nas institui\u00e7\u00f5es de ensino superior, incluindo a UENP. Essas normas t\u00eam como objetivo facilitar a comunica\u00e7\u00e3o acad\u00eamica, garantindo que as produ\u00e7\u00f5es sigam um padr\u00e3o reconhecido e acess\u00edvel, tanto para quem escreve quanto para quem l\u00ea.<\/span><\/p>\n<p><span style=\"font-family: verdana, geneva, sans-serif\">A import\u00e2ncia das normas acad\u00eamicas est\u00e1 em sua capacidade de garantir a qualidade e a integridade das produ\u00e7\u00f5es cient\u00edficas. Elas evitam o pl\u00e1gio ao regulamentar como as fontes devem ser citadas corretamente e asseguram que a pesquisa seja apresentada de forma organizada, facilitando a compreens\u00e3o e a avalia\u00e7\u00e3o do conte\u00fado. Al\u00e9m disso, a padroniza\u00e7\u00e3o traz seguran\u00e7a e credibilidade ao trabalho acad\u00eamico, pois permite que todos os documentos sigam um formato claro e homog\u00eaneo, o que contribui para a seriedade e a excel\u00eancia da produ\u00e7\u00e3o cient\u00edfica.<\/span><\/p>\n<p><span style=\"font-family: verdana, geneva, sans-serif\">Para utilizar as normas acad\u00eamicas corretamente, \u00e9 necess\u00e1rio seguir as orienta\u00e7\u00f5es detalhadas sobre a formata\u00e7\u00e3o do trabalho, as regras de cita\u00e7\u00e3o e as normas para refer\u00eancias bibliogr\u00e1ficas. A Biblioteca do CLM- UENP oferece materiais de apoio e orienta\u00e7\u00f5es precisas sobre como aplicar as normas da <strong><a href=\"https:\/\/sbu.uenp.edu.br\/clm\/orientacoes\/normas-academicas\/abnt\/\" target=\"_blank\" rel=\"noopener\">ABNT<\/a><\/strong>, garantindo que alunos e docentes possam elaborar seus trabalhos dentro dos padr\u00f5es exigidos. Em caso de d\u00favidas, a equipe da biblioteca est\u00e1 \u00e0 disposi\u00e7\u00e3o para fornecer suporte t\u00e9cnico e auxiliar na aplica\u00e7\u00e3o dessas diretrizes, garantindo que todos os trabalhos acad\u00eamicos da institui\u00e7\u00e3o atendam \u00e0s exig\u00eancias cient\u00edficas.<\/span><\/p>\n","protected":false},"excerpt":{"rendered":"","protected":false},"author":4,"featured_media":0,"parent":33,"menu_order":0,"comment_status":"closed","ping_status":"closed","template":"","meta":{"footnotes":""},"class_list":["post-788","page","type-page","status-publish","hentry"],"_links":{"self":[{"href":"https:\/\/sbu.uenp.edu.br\/clm\/wp-json\/wp\/v2\/pages\/788","targetHints":{"allow":["GET"]}}],"collection":[{"href":"https:\/\/sbu.uenp.edu.br\/clm\/wp-json\/wp\/v2\/pages"}],"about":[{"href":"https:\/\/sbu.uenp.edu.br\/clm\/wp-json\/wp\/v2\/types\/page"}],"author":[{"embeddable":true,"href":"https:\/\/sbu.uenp.edu.br\/clm\/wp-json\/wp\/v2\/users\/4"}],"replies":[{"embeddable":true,"href":"https:\/\/sbu.uenp.edu.br\/clm\/wp-json\/wp\/v2\/comments?post=788"}],"version-history":[{"count":5,"href":"https:\/\/sbu.uenp.edu.br\/clm\/wp-json\/wp\/v2\/pages\/788\/revisions"}],"predecessor-version":[{"id":1378,"href":"https:\/\/sbu.uenp.edu.br\/clm\/wp-json\/wp\/v2\/pages\/788\/revisions\/1378"}],"up":[{"embeddable":true,"href":"https:\/\/sbu.uenp.edu.br\/clm\/wp-json\/wp\/v2\/pages\/33"}],"wp:attachment":[{"href":"https:\/\/sbu.uenp.edu.br\/clm\/wp-json\/wp\/v2\/media?parent=788"}],"curies":[{"name":"wp","href":"https:\/\/api.w.org\/{rel}","templated":true}]}}