{"id":786,"date":"2024-09-27T09:55:17","date_gmt":"2024-09-27T12:55:17","guid":{"rendered":"https:\/\/sbu.uenp.edu.br\/clm\/?page_id=786"},"modified":"2025-05-05T11:31:40","modified_gmt":"2025-05-05T14:31:40","slug":"zotero","status":"publish","type":"page","link":"https:\/\/sbu.uenp.edu.br\/clm\/recursos\/gerenciadores-de-referencias\/zotero\/","title":{"rendered":"Zotero"},"content":{"rendered":"<hr \/>\n<p><span style=\"font-family: verdana, geneva, sans-serif\">O <a href=\"https:\/\/www.zotero.org\/\" target=\"_blank\" rel=\"noopener\"><strong>Zotero<\/strong><\/a> \u00e9 um gerenciador de refer\u00eancias amplamente utilizado por pesquisadores de diversas \u00e1reas para coletar, organizar e citar fontes de maneira eficiente. Ele permite que os usu\u00e1rios criem uma biblioteca pessoal de artigos, livros, sites e outros materiais acad\u00eamicos com apenas um clique, facilitando o processo de gerenciamento de informa\u00e7\u00f5es durante a pesquisa. Al\u00e9m disso, o <a href=\"https:\/\/www.zotero.org\/\" target=\"_blank\" rel=\"noopener\"><strong>Zotero<\/strong><\/a> armazena automaticamente os metadados dos itens adicionados, o que inclui t\u00edtulo, autor, data de publica\u00e7\u00e3o e outros detalhes importantes, eliminando a necessidade de inserir essas informa\u00e7\u00f5es manualmente.<\/span><\/p>\n<p><span style=\"font-family: verdana, geneva, sans-serif\">Uma das maiores vantagens do <a href=\"https:\/\/www.zotero.org\/\" target=\"_blank\" rel=\"noopener\"><strong>Zotero<\/strong><\/a> \u00e9 sua integra\u00e7\u00e3o com processadores de texto, como Microsoft Word e Google Docs, possibilitando a inser\u00e7\u00e3o de cita\u00e7\u00f5es no corpo do texto e a gera\u00e7\u00e3o autom\u00e1tica de bibliografias de acordo com diversos estilos de cita\u00e7\u00e3o, como ABNT, APA, MLA, etc. Com isso, o pesquisador economiza tempo e garante que as refer\u00eancias estejam formatadas corretamente, evitando erros comuns ao lidar com grandes quantidades de fontes. Al\u00e9m disso, o <a href=\"https:\/\/www.zotero.org\/\" target=\"_blank\" rel=\"noopener\"><strong>Zotero<\/strong><\/a> facilita a troca entre estilos de cita\u00e7\u00e3o com um simples comando, adaptando-se a diferentes exig\u00eancias editoriais.<\/span><\/p>\n<p><span style=\"font-family: verdana, geneva, sans-serif\">Outro ponto forte do <a href=\"https:\/\/www.zotero.org\/\" target=\"_blank\" rel=\"noopener\"><strong>Zotero<\/strong><\/a> \u00e9 a sua capacidade de sincroniza\u00e7\u00e3o e compartilhamento. Como ele oferece armazenamento em nuvem, o pesquisador pode acessar sua biblioteca de qualquer lugar e dispositivo, garantindo que as refer\u00eancias estejam sempre dispon\u00edveis. Tamb\u00e9m \u00e9 poss\u00edvel criar grupos colaborativos, onde v\u00e1rias pessoas podem contribuir com refer\u00eancias para um projeto comum, promovendo a integra\u00e7\u00e3o em equipes de pesquisa. Essa funcionalidade \u00e9 especialmente \u00fatil em projetos multidisciplinares, onde a gest\u00e3o coletiva de refer\u00eancias \u00e9 essencial.<\/span><\/p>\n","protected":false},"excerpt":{"rendered":"","protected":false},"author":4,"featured_media":0,"parent":260,"menu_order":0,"comment_status":"closed","ping_status":"closed","template":"","meta":{"footnotes":""},"class_list":["post-786","page","type-page","status-publish","hentry"],"_links":{"self":[{"href":"https:\/\/sbu.uenp.edu.br\/clm\/wp-json\/wp\/v2\/pages\/786","targetHints":{"allow":["GET"]}}],"collection":[{"href":"https:\/\/sbu.uenp.edu.br\/clm\/wp-json\/wp\/v2\/pages"}],"about":[{"href":"https:\/\/sbu.uenp.edu.br\/clm\/wp-json\/wp\/v2\/types\/page"}],"author":[{"embeddable":true,"href":"https:\/\/sbu.uenp.edu.br\/clm\/wp-json\/wp\/v2\/users\/4"}],"replies":[{"embeddable":true,"href":"https:\/\/sbu.uenp.edu.br\/clm\/wp-json\/wp\/v2\/comments?post=786"}],"version-history":[{"count":5,"href":"https:\/\/sbu.uenp.edu.br\/clm\/wp-json\/wp\/v2\/pages\/786\/revisions"}],"predecessor-version":[{"id":1521,"href":"https:\/\/sbu.uenp.edu.br\/clm\/wp-json\/wp\/v2\/pages\/786\/revisions\/1521"}],"up":[{"embeddable":true,"href":"https:\/\/sbu.uenp.edu.br\/clm\/wp-json\/wp\/v2\/pages\/260"}],"wp:attachment":[{"href":"https:\/\/sbu.uenp.edu.br\/clm\/wp-json\/wp\/v2\/media?parent=786"}],"curies":[{"name":"wp","href":"https:\/\/api.w.org\/{rel}","templated":true}]}}