{"id":784,"date":"2024-09-27T09:54:37","date_gmt":"2024-09-27T12:54:37","guid":{"rendered":"https:\/\/sbu.uenp.edu.br\/clm\/?page_id=784"},"modified":"2025-05-05T11:18:18","modified_gmt":"2025-05-05T14:18:18","slug":"mendeley","status":"publish","type":"page","link":"https:\/\/sbu.uenp.edu.br\/clm\/recursos\/gerenciadores-de-referencias\/mendeley\/","title":{"rendered":"Mendeley"},"content":{"rendered":"<hr \/>\n<p><span style=\"font-family: verdana, geneva, sans-serif\">O <a href=\"https:\/\/www.mendeley.com\" target=\"_blank\" rel=\"noopener\"><strong>Mendeley<\/strong><\/a> \u00e9 um gerenciador de refer\u00eancias e uma plataforma de colabora\u00e7\u00e3o acad\u00eamica que facilita a organiza\u00e7\u00e3o, leitura e cita\u00e7\u00e3o de fontes em pesquisas. Com ele, os usu\u00e1rios podem armazenar, classificar e acessar artigos cient\u00edficos, livros e outros materiais de forma centralizada. O <a href=\"https:\/\/www.mendeley.com\" target=\"_blank\" rel=\"noopener\"><strong>Mendeley<\/strong><\/a> permite a importa\u00e7\u00e3o direta de arquivos PDF, automaticamente extraindo metadados como t\u00edtulo, autor e ano de publica\u00e7\u00e3o, o que simplifica a cataloga\u00e7\u00e3o das fontes. Al\u00e9m disso, o software possui uma ferramenta integrada de leitura e anota\u00e7\u00e3o, que torna poss\u00edvel destacar trechos importantes e fazer anota\u00e7\u00f5es diretamente nos documentos.<\/span><\/p>\n<p><span style=\"font-family: verdana, geneva, sans-serif\">Uma das grandes vantagens do <a href=\"https:\/\/www.mendeley.com\" target=\"_blank\" rel=\"noopener\"><strong>Mendeley<\/strong><\/a> \u00e9 a sua capacidade de gerar cita\u00e7\u00f5es e bibliografias automaticamente em diferentes estilos de formata\u00e7\u00e3o, como ABNT, APA e Vancouver. Ele se integra de forma eficiente com processadores de texto como o Microsoft Word e o LibreOffice, o que permite a inser\u00e7\u00e3o de cita\u00e7\u00f5es diretamente no texto enquanto o usu\u00e1rio escreve. Isso otimiza o processo de reda\u00e7\u00e3o acad\u00eamica, garantindo precis\u00e3o na formata\u00e7\u00e3o e facilitando o gerenciamento de grandes quantidades de refer\u00eancias bibliogr\u00e1ficas, o que \u00e9 essencial para a consist\u00eancia no trabalho acad\u00eamico.<\/span><\/p>\n<p><span style=\"font-family: verdana, geneva, sans-serif\">Outro diferencial importante do <a href=\"https:\/\/www.mendeley.com\" target=\"_blank\" rel=\"noopener\"><strong>Mendeley<\/strong><\/a> \u00e9 sua funcionalidade de rede social acad\u00eamica. A plataforma permite que pesquisadores criem perfis, conectem-se com colegas de todo o mundo e compartilhem seus arquivos de refer\u00eancias. Al\u00e9m disso, \u00e9 poss\u00edvel colaborar em grupos privados ou p\u00fablicos, facilitando a troca de informa\u00e7\u00f5es e o desenvolvimento de projetos conjuntos. O <a href=\"https:\/\/www.mendeley.com\" target=\"_blank\" rel=\"noopener\"><strong>Mendeley<\/strong><\/a> tamb\u00e9m oferece recomenda\u00e7\u00f5es personalizadas de artigos, ajudando os pesquisadores a descobrir novas fontes e t\u00f3picos relacionados ao seu campo de estudo, promovendo a atualiza\u00e7\u00e3o constante no panorama da pesquisa cient\u00edfica.<\/span><\/p>\n","protected":false},"excerpt":{"rendered":"","protected":false},"author":4,"featured_media":0,"parent":260,"menu_order":0,"comment_status":"closed","ping_status":"closed","template":"","meta":{"footnotes":""},"class_list":["post-784","page","type-page","status-publish","hentry"],"_links":{"self":[{"href":"https:\/\/sbu.uenp.edu.br\/clm\/wp-json\/wp\/v2\/pages\/784","targetHints":{"allow":["GET"]}}],"collection":[{"href":"https:\/\/sbu.uenp.edu.br\/clm\/wp-json\/wp\/v2\/pages"}],"about":[{"href":"https:\/\/sbu.uenp.edu.br\/clm\/wp-json\/wp\/v2\/types\/page"}],"author":[{"embeddable":true,"href":"https:\/\/sbu.uenp.edu.br\/clm\/wp-json\/wp\/v2\/users\/4"}],"replies":[{"embeddable":true,"href":"https:\/\/sbu.uenp.edu.br\/clm\/wp-json\/wp\/v2\/comments?post=784"}],"version-history":[{"count":5,"href":"https:\/\/sbu.uenp.edu.br\/clm\/wp-json\/wp\/v2\/pages\/784\/revisions"}],"predecessor-version":[{"id":979,"href":"https:\/\/sbu.uenp.edu.br\/clm\/wp-json\/wp\/v2\/pages\/784\/revisions\/979"}],"up":[{"embeddable":true,"href":"https:\/\/sbu.uenp.edu.br\/clm\/wp-json\/wp\/v2\/pages\/260"}],"wp:attachment":[{"href":"https:\/\/sbu.uenp.edu.br\/clm\/wp-json\/wp\/v2\/media?parent=784"}],"curies":[{"name":"wp","href":"https:\/\/api.w.org\/{rel}","templated":true}]}}