{"id":780,"date":"2024-09-27T09:53:14","date_gmt":"2024-09-27T12:53:14","guid":{"rendered":"https:\/\/sbu.uenp.edu.br\/clm\/?page_id=780"},"modified":"2025-05-05T11:52:28","modified_gmt":"2025-05-05T14:52:28","slug":"doi","status":"publish","type":"page","link":"https:\/\/sbu.uenp.edu.br\/clm\/recursos\/identificadores-persistentes\/doi\/","title":{"rendered":"DOI"},"content":{"rendered":"<hr \/>\n<p><span style=\"font-family: verdana, geneva, sans-serif\">O Digital Object Identifier (<a href=\"https:\/\/www.doi.org\/\" target=\"_blank\" rel=\"noopener\"><strong>DOI<\/strong><\/a>) \u00e9 um identificador persistente usado para designar objetos digitais de maneira \u00fanica e duradoura, independentemente de altera\u00e7\u00f5es em sua localiza\u00e7\u00e3o f\u00edsica ou digital. Sua principal fun\u00e7\u00e3o \u00e9 garantir que documentos como artigos cient\u00edficos, livros, dados e outros tipos de m\u00eddia digital possam ser encontrados de forma confi\u00e1vel, mesmo que a URL ou o local onde estejam hospedados mude. O <a href=\"https:\/\/www.doi.org\/\" target=\"_blank\" rel=\"noopener\"><strong>DOI<\/strong><\/a> atua como um \u201cendere\u00e7o permanente\u201d que redireciona o usu\u00e1rio para o conte\u00fado original, promovendo a estabilidade e a acessibilidade de recursos digitais ao longo do tempo.<\/span><\/p>\n<p><span style=\"font-family: verdana, geneva, sans-serif\">Esse sistema \u00e9 amplamente utilizado na publica\u00e7\u00e3o acad\u00eamica, onde os <a href=\"https:\/\/www.doi.org\/\" target=\"_blank\" rel=\"noopener\"><strong>DOI<\/strong><\/a> s\u00e3o atribu\u00eddos a artigos cient\u00edficos, cap\u00edtulos de livros e outros materiais de pesquisa. Quando um artigo recebe um <a href=\"https:\/\/www.doi.org\/\" target=\"_blank\" rel=\"noopener\"><strong>DOI<\/strong><\/a>, ele pode ser citado com precis\u00e3o em futuras pesquisas, independentemente de onde o artigo esteja fisicamente armazenado. Isso facilita n\u00e3o s\u00f3 o processo de cita\u00e7\u00e3o, mas tamb\u00e9m a capacidade de pesquisadores de acessar o trabalho acad\u00eamico de maneira confi\u00e1vel. O <a href=\"https:\/\/www.doi.org\/\" target=\"_blank\" rel=\"noopener\"><strong>DOI<\/strong><\/a>, al\u00e9m de ser um identificador \u00fanico, carrega consigo informa\u00e7\u00f5es importantes sobre o item digital, como o nome da editora e o ano de publica\u00e7\u00e3o, proporcionando transpar\u00eancia e rastreabilidade na dissemina\u00e7\u00e3o do conhecimento cient\u00edfico.<\/span><\/p>\n<p><span style=\"font-family: verdana, geneva, sans-serif\">O <a href=\"https:\/\/www.doi.org\/\" target=\"_blank\" rel=\"noopener\"><strong>DOI<\/strong><\/a>\u00a0\u00e9 mantido por uma infraestrutura global gerida pela <em>International DOI Foundation<\/em> (IDF), que supervisiona o processo de atribui\u00e7\u00e3o e manuten\u00e7\u00e3o dos identificadores. Ele \u00e9 amplamente aceito em v\u00e1rias disciplinas e setores, incluindo editoras acad\u00eamicas, ind\u00fastrias criativas e at\u00e9 no com\u00e9rcio eletr\u00f4nico, onde o <a href=\"https:\/\/www.doi.org\/\" target=\"_blank\" rel=\"noopener\"><strong>DOI<\/strong><\/a>\u00a0\u00e9 utilizado para rastrear objetos digitais de forma segura. Seu uso proporciona vantagens para autores, editores e leitores, garantindo uma maneira confi\u00e1vel e eficiente de gerenciar e acessar conte\u00fados digitais no longo prazo.<\/span><\/p>\n<p>&nbsp;<\/p>\n","protected":false},"excerpt":{"rendered":"","protected":false},"author":4,"featured_media":0,"parent":778,"menu_order":0,"comment_status":"closed","ping_status":"closed","template":"","meta":{"footnotes":""},"class_list":["post-780","page","type-page","status-publish","hentry"],"_links":{"self":[{"href":"https:\/\/sbu.uenp.edu.br\/clm\/wp-json\/wp\/v2\/pages\/780","targetHints":{"allow":["GET"]}}],"collection":[{"href":"https:\/\/sbu.uenp.edu.br\/clm\/wp-json\/wp\/v2\/pages"}],"about":[{"href":"https:\/\/sbu.uenp.edu.br\/clm\/wp-json\/wp\/v2\/types\/page"}],"author":[{"embeddable":true,"href":"https:\/\/sbu.uenp.edu.br\/clm\/wp-json\/wp\/v2\/users\/4"}],"replies":[{"embeddable":true,"href":"https:\/\/sbu.uenp.edu.br\/clm\/wp-json\/wp\/v2\/comments?post=780"}],"version-history":[{"count":4,"href":"https:\/\/sbu.uenp.edu.br\/clm\/wp-json\/wp\/v2\/pages\/780\/revisions"}],"predecessor-version":[{"id":1523,"href":"https:\/\/sbu.uenp.edu.br\/clm\/wp-json\/wp\/v2\/pages\/780\/revisions\/1523"}],"up":[{"embeddable":true,"href":"https:\/\/sbu.uenp.edu.br\/clm\/wp-json\/wp\/v2\/pages\/778"}],"wp:attachment":[{"href":"https:\/\/sbu.uenp.edu.br\/clm\/wp-json\/wp\/v2\/media?parent=780"}],"curies":[{"name":"wp","href":"https:\/\/api.w.org\/{rel}","templated":true}]}}