{"id":778,"date":"2024-09-27T09:52:03","date_gmt":"2024-09-27T12:52:03","guid":{"rendered":"https:\/\/sbu.uenp.edu.br\/clm\/?page_id=778"},"modified":"2025-05-05T11:52:11","modified_gmt":"2025-05-05T14:52:11","slug":"identificadores-persistentes","status":"publish","type":"page","link":"https:\/\/sbu.uenp.edu.br\/clm\/recursos\/identificadores-persistentes\/","title":{"rendered":"Identificadores Persistentes"},"content":{"rendered":"<hr \/>\n<p><span style=\"font-family: verdana, geneva, sans-serif\">Identificadores Persistentes (PIDs) s\u00e3o elementos fundamentais na gest\u00e3o e organiza\u00e7\u00e3o de informa\u00e7\u00f5es digitais, pois garantem o acesso cont\u00ednuo a objetos, documentos ou dados ao longo do tempo, independentemente de mudan\u00e7as de localiza\u00e7\u00e3o f\u00edsica ou tecnol\u00f3gica. Esses identificadores, como os Digital Object Identifiers (<a href=\"https:\/\/www.doi.org\/\" target=\"_blank\" rel=\"noopener\"><strong>DOI<\/strong><\/a>s), atribuem uma refer\u00eancia \u00fanica e est\u00e1vel a um recurso digital, permitindo que ele seja facilmente encontrado, citado e compartilhado. Em um ambiente onde o conte\u00fado digital est\u00e1 sujeito a modifica\u00e7\u00f5es ou remo\u00e7\u00e3o, os identificadores persistentes garantem que as refer\u00eancias continuem v\u00e1lidas e acess\u00edveis, promovendo a integridade e longevidade dos dados.<\/span><\/p>\n<p><span style=\"font-family: verdana, geneva, sans-serif\">No campo acad\u00eamico e cient\u00edfico, o uso de identificadores persistentes \u00e9 especialmente importante para manter a credibilidade e rastreabilidade de publica\u00e7\u00f5es e conjuntos de dados. Um exemplo \u00e9 o <a href=\"https:\/\/www.doi.org\/\" target=\"_blank\" rel=\"noopener\"><strong>DOI<\/strong><\/a>, amplamente utilizado para artigos cient\u00edficos, que permite que pesquisadores acessem e citem fontes de forma consistente, independentemente de onde esses artigos est\u00e3o armazenados ou hospedados. Assim, o DOI serve como um mecanismo eficaz para evitar o problema dos &#8220;links quebrados&#8221; e facilita a interconex\u00e3o de conhecimentos, promovendo um fluxo cont\u00ednuo de informa\u00e7\u00f5es na comunidade cient\u00edfica.<\/span><\/p>\n<p><span style=\"font-family: verdana, geneva, sans-serif\">Al\u00e9m disso, identificadores persistentes s\u00e3o \u00fateis para o gerenciamento de grandes volumes de dados. Eles ajudam a preservar o acesso a cole\u00e7\u00f5es digitais e garantem que os recursos possam ser localizados e utilizados em projetos futuros, mesmo que a infraestrutura de armazenamento ou os sistemas de informa\u00e7\u00e3o mudem. Dessa forma, o uso de identificadores persistentes contribui para a preserva\u00e7\u00e3o digital e o acesso sustent\u00e1vel a longo prazo, sendo uma pe\u00e7a central nas estrat\u00e9gias de curadoria de dados e documenta\u00e7\u00e3o.<\/span><\/p>\n","protected":false},"excerpt":{"rendered":"","protected":false},"author":4,"featured_media":0,"parent":546,"menu_order":0,"comment_status":"closed","ping_status":"closed","template":"","meta":{"footnotes":""},"class_list":["post-778","page","type-page","status-publish","hentry"],"_links":{"self":[{"href":"https:\/\/sbu.uenp.edu.br\/clm\/wp-json\/wp\/v2\/pages\/778","targetHints":{"allow":["GET"]}}],"collection":[{"href":"https:\/\/sbu.uenp.edu.br\/clm\/wp-json\/wp\/v2\/pages"}],"about":[{"href":"https:\/\/sbu.uenp.edu.br\/clm\/wp-json\/wp\/v2\/types\/page"}],"author":[{"embeddable":true,"href":"https:\/\/sbu.uenp.edu.br\/clm\/wp-json\/wp\/v2\/users\/4"}],"replies":[{"embeddable":true,"href":"https:\/\/sbu.uenp.edu.br\/clm\/wp-json\/wp\/v2\/comments?post=778"}],"version-history":[{"count":5,"href":"https:\/\/sbu.uenp.edu.br\/clm\/wp-json\/wp\/v2\/pages\/778\/revisions"}],"predecessor-version":[{"id":963,"href":"https:\/\/sbu.uenp.edu.br\/clm\/wp-json\/wp\/v2\/pages\/778\/revisions\/963"}],"up":[{"embeddable":true,"href":"https:\/\/sbu.uenp.edu.br\/clm\/wp-json\/wp\/v2\/pages\/546"}],"wp:attachment":[{"href":"https:\/\/sbu.uenp.edu.br\/clm\/wp-json\/wp\/v2\/media?parent=778"}],"curies":[{"name":"wp","href":"https:\/\/api.w.org\/{rel}","templated":true}]}}