{"id":770,"date":"2024-09-27T09:42:25","date_gmt":"2024-09-27T12:42:25","guid":{"rendered":"https:\/\/sbu.uenp.edu.br\/clm\/?page_id=770"},"modified":"2025-05-05T08:46:10","modified_gmt":"2025-05-05T11:46:10","slug":"ciencias-agrarias","status":"publish","type":"page","link":"https:\/\/sbu.uenp.edu.br\/clm\/fontes\/bases-de-dados\/ciencias-agrarias\/","title":{"rendered":"Ci\u00eancias Agr\u00e1rias"},"content":{"rendered":"<hr \/>\n<ul id=\"_TPbVnRlAl0Sjpu\" dir=\"ltr\" style=\"list-style-type: square\">\n<li dir=\"ltr\"><span style=\"font-family: verdana, geneva, sans-serif\">Acesso Livre \u00e0 Informa\u00e7\u00e3o Cient\u00edfica da Embrapa (<strong><a href=\"https:\/\/www.alice.cnptia.embrapa.br\/alice\/\" target=\"_blank\" rel=\"noopener\">Alice<\/a><\/strong>)<\/span><\/li>\n<li dir=\"ltr\"><span style=\"font-family: verdana, geneva, sans-serif\">Base de Dados da Pesquisa Agropecu\u00e1ria (<strong><a href=\"https:\/\/www.bdpa.cnptia.embrapa.br\/consulta\/\" target=\"_blank\" rel=\"noopener\">BDPA<\/a><\/strong>)<\/span><\/li>\n<li id=\"_3ByaYdg0N40vj9\" dir=\"ltr\"><span style=\"font-family: verdana, geneva, sans-serif\">Biblioteca Virtual em Medicina Veterin\u00e1ria e Zootecnia (<strong><a href=\"https:\/\/www.bvs-vet.org.br\" target=\"_blank\" rel=\"noopener\">BVS-Vet<\/a><\/strong>)<\/span><\/li>\n<li dir=\"ltr\"><span style=\"font-family: verdana, geneva, sans-serif\">Livros Eletr\u00f4nicos da Embrapa (<a href=\"https:\/\/www.embrapa.br\/busca-de-publicacoes?p_auth=QXTgadf1&amp;p_p_id=buscapublicacao_WAR_pcebusca6_1portlet&amp;p_p_lifecycle=1&amp;p_p_state=normal&amp;p_p_mode=view&amp;p_p_col_id=column-1&amp;p_p_col_count=3&amp;_buscapublicacao_WAR_pcebusca6_1portlet_javax.portlet.action=buscarPublicacoes&amp;_buscapublicacao_WAR_pcebusca6_1portlet_filtroCamposSelecionados=3&amp;_buscapublicacao_WAR_pcebusca6_1portlet_filtroCamposSelecionados=5&amp;_buscapublicacao_WAR_pcebusca6_1portlet_filtroCamposSelecionados=2&amp;_buscapublicacao_WAR_pcebusca6_1portlet_filtroCamposSelecionados=4&amp;_buscapublicacao_WAR_pcebusca6_1portlet_filtroCamposSelecionados=1&amp;_buscapublicacao_WAR_pcebusca6_1portlet_keywords=&amp;p_p_lifecycle=1&amp;_buscapublicacao_WAR_pcebusca6_1portlet_ordenarPor=ano&amp;_buscapublicacao_WAR_pcebusca6_1portlet_formDate=1698524971982&amp;_buscapublicacao_WAR_pcebusca6_1portlet_advancedSearch=false&amp;_buscapublicacao_WAR_pcebusca6_1portlet_direcao=desc&amp;_buscapublicacao_WAR_pcebusca6_1portlet_delta=10&amp;_buscapublicacao_WAR_pcebusca6_1portlet_palavrasChave=&amp;_buscapublicacao_WAR_pcebusca6_1portlet_resetCur=false&amp;_buscapublicacao_WAR_pcebusca6_1portlet_andOperator=true&amp;_buscapublicacao_WAR_pcebusca6_1portlet_anoPublicacaoFim=&amp;_buscapublicacao_WAR_pcebusca6_1portlet_ultimaBusca=12345&amp;_buscapublicacao_WAR_pcebusca6_1portlet_tiposPublicacaoSelecionados=17&amp;_buscapublicacao_WAR_pcebusca6_1portlet_anoPublicacaoInicio=2003&amp;_buscapublicacao_WAR_pcebusca6_1portlet_cur=1\" target=\"_blank\" rel=\"noopener\"><strong>LEE<\/strong><\/a>)<\/span><\/li>\n<li dir=\"ltr\"><span style=\"font-family: verdana, geneva, sans-serif\">Reposit\u00f3rio de Informa\u00e7\u00e3o Tecnol\u00f3gica da Embrapa (<strong><a href=\"https:\/\/www.infoteca.cnptia.embrapa.br\/infoteca\/\" target=\"_blank\" rel=\"noopener\">Infoteca-E<\/a><\/strong>)<\/span><\/li>\n<li dir=\"ltr\"><span style=\"font-family: verdana, geneva, sans-serif\">Sistema Aberto e Integrado de Informa\u00e7\u00e3o em Agricultura (<strong><a href=\"https:\/\/www.sabiia.cnptia.embrapa.br\/sabiia\/\" target=\"_blank\" rel=\"noopener\">Sabiia<\/a><\/strong>)<\/span><\/li>\n<\/ul>\n<p>&nbsp;<\/p>\n","protected":false},"excerpt":{"rendered":"","protected":false},"author":4,"featured_media":0,"parent":148,"menu_order":0,"comment_status":"closed","ping_status":"closed","template":"","meta":{"footnotes":""},"class_list":["post-770","page","type-page","status-publish","hentry"],"_links":{"self":[{"href":"https:\/\/sbu.uenp.edu.br\/clm\/wp-json\/wp\/v2\/pages\/770","targetHints":{"allow":["GET"]}}],"collection":[{"href":"https:\/\/sbu.uenp.edu.br\/clm\/wp-json\/wp\/v2\/pages"}],"about":[{"href":"https:\/\/sbu.uenp.edu.br\/clm\/wp-json\/wp\/v2\/types\/page"}],"author":[{"embeddable":true,"href":"https:\/\/sbu.uenp.edu.br\/clm\/wp-json\/wp\/v2\/users\/4"}],"replies":[{"embeddable":true,"href":"https:\/\/sbu.uenp.edu.br\/clm\/wp-json\/wp\/v2\/comments?post=770"}],"version-history":[{"count":4,"href":"https:\/\/sbu.uenp.edu.br\/clm\/wp-json\/wp\/v2\/pages\/770\/revisions"}],"predecessor-version":[{"id":1464,"href":"https:\/\/sbu.uenp.edu.br\/clm\/wp-json\/wp\/v2\/pages\/770\/revisions\/1464"}],"up":[{"embeddable":true,"href":"https:\/\/sbu.uenp.edu.br\/clm\/wp-json\/wp\/v2\/pages\/148"}],"wp:attachment":[{"href":"https:\/\/sbu.uenp.edu.br\/clm\/wp-json\/wp\/v2\/media?parent=770"}],"curies":[{"name":"wp","href":"https:\/\/api.w.org\/{rel}","templated":true}]}}