{"id":763,"date":"2024-09-27T09:16:31","date_gmt":"2024-09-27T12:16:31","guid":{"rendered":"https:\/\/sbu.uenp.edu.br\/clm\/?page_id=763"},"modified":"2026-02-09T16:08:36","modified_gmt":"2026-02-09T19:08:36","slug":"ciencias-tecnologicas","status":"publish","type":"page","link":"https:\/\/sbu.uenp.edu.br\/clm\/fontes\/periodicos\/ciencias-tecnologicas\/","title":{"rendered":"Ci\u00eancias Tecnol\u00f3gicas"},"content":{"rendered":"<hr \/>\n<ul>\n<li dir=\"ltr\"><span style=\"font-family: verdana, geneva, sans-serif\">Brazilian Journal of Information Systems (<a href=\"https:\/\/journals-sol.sbc.org.br\/index.php\/isys\" target=\"_blank\" rel=\"noopener\"><strong>iSys<\/strong><\/a>)<\/span><\/li>\n<li dir=\"ltr\"><span style=\"font-family: verdana, geneva, sans-serif\">Iberoamerican Journal of Applied Computing (<a href=\"https:\/\/revistas.uepg.br\/index.php\/ijac\/index\" target=\"_blank\" rel=\"noopener\"><strong>IJAC<\/strong><\/a>)<\/span><\/li>\n<li dir=\"ltr\"><span style=\"font-family: verdana, geneva, sans-serif\">Journal of Information and Data Management (<strong><a href=\"https:\/\/journals-sol.sbc.org.br\/index.php\/jidm\/index\" target=\"_blank\" rel=\"noopener\">JIDM<\/a><\/strong>)<\/span><\/li>\n<li dir=\"ltr\"><span style=\"font-family: verdana, geneva, sans-serif\">Journal on Interactive Systems (<a href=\"https:\/\/journals-sol.sbc.org.br\/index.php\/jis\/index\" target=\"_blank\" rel=\"noopener\"><strong>JIS<\/strong><\/a>)<\/span><\/li>\n<li dir=\"ltr\"><span style=\"font-family: verdana, geneva, sans-serif\">Journal of Internet Services and Applications (<a href=\"https:\/\/journals-sol.sbc.org.br\/index.php\/jisa\/index\" target=\"_blank\" rel=\"noopener\"><strong>JISA<\/strong><\/a>)<\/span><\/li>\n<li dir=\"ltr\"><span style=\"font-family: verdana, geneva, sans-serif\">Journal of the Brazilian Computer Society (<a href=\"https:\/\/journals-sol.sbc.org.br\/index.php\/jbcs\/index\" target=\"_blank\" rel=\"noopener\"><strong>JBCS<\/strong><\/a>)<\/span><\/li>\n<li dir=\"ltr\"><span style=\"font-family: verdana, geneva, sans-serif\">Revista Brasileira de Inform\u00e1tica na Educa\u00e7\u00e3o (<strong><a href=\"https:\/\/journals-sol.sbc.org.br\/index.php\/rbie\" target=\"_blank\" rel=\"noopener\">RBIE<\/a><\/strong>)<\/span><\/li>\n<li dir=\"ltr\"><span style=\"font-family: verdana, geneva, sans-serif\">Revista de Computa\u00e7\u00e3o Aplicada ao Agroneg\u00f3cio (<a href=\"https:\/\/periodicos.utfpr.edu.br\/rcaa\" target=\"_blank\" rel=\"noopener\"><strong>RCAA<\/strong><\/a>)<\/span><\/li>\n<\/ul>\n<p><span style=\"font-family: verdana, geneva, sans-serif\">Conhece algum peri\u00f3dico que deveria estar em nossa lista? Se sim, envie sua sugest\u00e3o para an\u00e1lise do nosso bibliotec\u00e1rio pelo e-mail: <a href=\"mailto:coordenacao.biblioteca.clm@uenp.edu.br\" target=\"_blank\" rel=\"noopener\"><strong>coordenacao.biblioteca.clm@uenp.edu.br<\/strong><\/a><\/span><\/p>\n","protected":false},"excerpt":{"rendered":"","protected":false},"author":4,"featured_media":0,"parent":497,"menu_order":0,"comment_status":"closed","ping_status":"closed","template":"","meta":{"footnotes":""},"class_list":["post-763","page","type-page","status-publish","hentry"],"_links":{"self":[{"href":"https:\/\/sbu.uenp.edu.br\/clm\/wp-json\/wp\/v2\/pages\/763","targetHints":{"allow":["GET"]}}],"collection":[{"href":"https:\/\/sbu.uenp.edu.br\/clm\/wp-json\/wp\/v2\/pages"}],"about":[{"href":"https:\/\/sbu.uenp.edu.br\/clm\/wp-json\/wp\/v2\/types\/page"}],"author":[{"embeddable":true,"href":"https:\/\/sbu.uenp.edu.br\/clm\/wp-json\/wp\/v2\/users\/4"}],"replies":[{"embeddable":true,"href":"https:\/\/sbu.uenp.edu.br\/clm\/wp-json\/wp\/v2\/comments?post=763"}],"version-history":[{"count":5,"href":"https:\/\/sbu.uenp.edu.br\/clm\/wp-json\/wp\/v2\/pages\/763\/revisions"}],"predecessor-version":[{"id":1969,"href":"https:\/\/sbu.uenp.edu.br\/clm\/wp-json\/wp\/v2\/pages\/763\/revisions\/1969"}],"up":[{"embeddable":true,"href":"https:\/\/sbu.uenp.edu.br\/clm\/wp-json\/wp\/v2\/pages\/497"}],"wp:attachment":[{"href":"https:\/\/sbu.uenp.edu.br\/clm\/wp-json\/wp\/v2\/media?parent=763"}],"curies":[{"name":"wp","href":"https:\/\/api.w.org\/{rel}","templated":true}]}}