{"id":761,"date":"2024-09-27T09:14:48","date_gmt":"2024-09-27T12:14:48","guid":{"rendered":"https:\/\/sbu.uenp.edu.br\/clm\/?page_id=761"},"modified":"2026-02-09T16:09:12","modified_gmt":"2026-02-09T19:09:12","slug":"ciencias-da-saude","status":"publish","type":"page","link":"https:\/\/sbu.uenp.edu.br\/clm\/fontes\/periodicos\/ciencias-da-saude\/","title":{"rendered":"Ci\u00eancias da Sa\u00fade"},"content":{"rendered":"<hr \/>\n<ul id=\"_MKAd7LxJJDaesK\" dir=\"ltr\">\n<li id=\"_RVIvB9XmMrEBSY\" dir=\"ltr\"><span style=\"font-family: verdana, geneva, sans-serif\">Advances in Nursing and Health (<strong><a href=\"https:\/\/ojs.uel.br\/revistas\/uel\/index.php\/anh\/index\" target=\"_blank\" rel=\"noopener\">ANH<\/a><\/strong>)<\/span><\/li>\n<li dir=\"ltr\"><span style=\"font-family: verdana, geneva, sans-serif\">Cadernos Sa\u00fade Coletiva (<strong><a href=\"https:\/\/www.scielo.br\/j\/cadsc\/\" target=\"_blank\" rel=\"noopener\">CADSC<\/a><\/strong>)<\/span><\/li>\n<li dir=\"ltr\"><span style=\"font-family: verdana, geneva, sans-serif\">Cadernos de Sa\u00fade P\u00fablica (<strong><a href=\"https:\/\/www.scielo.br\/j\/csp\/\" target=\"_blank\" rel=\"noopener\">CSP<\/a><\/strong>)<\/span><\/li>\n<li dir=\"ltr\"><span style=\"font-family: verdana, geneva, sans-serif\">Ci\u00eancia, Cuidado e Sa\u00fade (<a href=\"https:\/\/periodicos.uem.br\/ojs\/index.php\/CiencCuidSaude\" target=\"_blank\" rel=\"noopener\"><strong>CCS<\/strong><\/a>)<\/span><\/li>\n<li dir=\"ltr\"><span style=\"font-family: verdana, geneva, sans-serif\">Cogitare Enfermagem (<a href=\"https:\/\/www.scielo.br\/j\/cenf\/\" target=\"_blank\" rel=\"noopener\"><strong>CENF<\/strong><\/a>)<\/span><\/li>\n<li dir=\"ltr\"><span style=\"font-family: verdana, geneva, sans-serif\">Revista Brasileira de Enfermagem (<strong><a href=\"https:\/\/www.scielo.br\/j\/reben\/\" target=\"_blank\" rel=\"noopener\">REBEn<\/a><\/strong>)<\/span><\/li>\n<li dir=\"ltr\"><span style=\"font-family: verdana, geneva, sans-serif\">Sa\u00fade em Debate (<a href=\"https:\/\/www.scielo.br\/j\/sdeb\/\" target=\"_blank\" rel=\"noopener\"><strong>SDEB<\/strong><\/a>)<\/span><\/li>\n<li dir=\"ltr\"><span style=\"font-family: verdana, geneva, sans-serif\">Sa\u00fade e Sociedade (<a href=\"https:\/\/www.scielo.br\/j\/sausoc\/\" target=\"_blank\" rel=\"noopener\"><strong>SAUSOC<\/strong><\/a>)<\/span><\/li>\n<\/ul>\n<p><span style=\"font-family: verdana, geneva, sans-serif\">Conhece algum peri\u00f3dico que deveria estar em nossa lista? Se sim, envie sua sugest\u00e3o para an\u00e1lise do nosso bibliotec\u00e1rio pelo e-mail: <a href=\"mailto:coordenacao.biblioteca.clm@uenp.edu.br\" target=\"_blank\" rel=\"noopener\"><strong>coordenacao.biblioteca.clm@uenp.edu.br<\/strong><\/a><\/span><\/p>\n","protected":false},"excerpt":{"rendered":"","protected":false},"author":4,"featured_media":0,"parent":497,"menu_order":0,"comment_status":"closed","ping_status":"closed","template":"","meta":{"footnotes":""},"class_list":["post-761","page","type-page","status-publish","hentry"],"_links":{"self":[{"href":"https:\/\/sbu.uenp.edu.br\/clm\/wp-json\/wp\/v2\/pages\/761","targetHints":{"allow":["GET"]}}],"collection":[{"href":"https:\/\/sbu.uenp.edu.br\/clm\/wp-json\/wp\/v2\/pages"}],"about":[{"href":"https:\/\/sbu.uenp.edu.br\/clm\/wp-json\/wp\/v2\/types\/page"}],"author":[{"embeddable":true,"href":"https:\/\/sbu.uenp.edu.br\/clm\/wp-json\/wp\/v2\/users\/4"}],"replies":[{"embeddable":true,"href":"https:\/\/sbu.uenp.edu.br\/clm\/wp-json\/wp\/v2\/comments?post=761"}],"version-history":[{"count":5,"href":"https:\/\/sbu.uenp.edu.br\/clm\/wp-json\/wp\/v2\/pages\/761\/revisions"}],"predecessor-version":[{"id":1970,"href":"https:\/\/sbu.uenp.edu.br\/clm\/wp-json\/wp\/v2\/pages\/761\/revisions\/1970"}],"up":[{"embeddable":true,"href":"https:\/\/sbu.uenp.edu.br\/clm\/wp-json\/wp\/v2\/pages\/497"}],"wp:attachment":[{"href":"https:\/\/sbu.uenp.edu.br\/clm\/wp-json\/wp\/v2\/media?parent=761"}],"curies":[{"name":"wp","href":"https:\/\/api.w.org\/{rel}","templated":true}]}}