{"id":756,"date":"2024-09-27T09:12:01","date_gmt":"2024-09-27T12:12:01","guid":{"rendered":"https:\/\/sbu.uenp.edu.br\/clm\/?page_id=756"},"modified":"2026-02-09T16:10:38","modified_gmt":"2026-02-09T19:10:38","slug":"ciencias-agrarias","status":"publish","type":"page","link":"https:\/\/sbu.uenp.edu.br\/clm\/fontes\/periodicos\/ciencias-agrarias\/","title":{"rendered":"Ci\u00eancias Agr\u00e1rias"},"content":{"rendered":"<hr \/>\n<ul>\n<li><span style=\"font-family: verdana, geneva, sans-serif\">Acta Scientiarum: Animal Sicence (<a href=\"https:\/\/periodicos.uem.br\/ojs\/index.php\/ActaSciAnimSci\/index\" target=\"_blank\" rel=\"noopener\"><strong>ASAS<\/strong><\/a>)<\/span><\/li>\n<li><span style=\"font-family: verdana, geneva, sans-serif\">Acta Scientiae Veterinariae (<strong><a href=\"https:\/\/seer.ufrgs.br\/ActaScientiaeVeterinariae\" target=\"_blank\" rel=\"noopener\">ASV<\/a><\/strong>)<\/span><\/li>\n<li><span style=\"font-family: verdana, geneva, sans-serif\">Archives of Veterinary Science (<a href=\"https:\/\/revistas.ufpr.br\/veterinary\/index\" target=\"_blank\" rel=\"noopener\"><strong>AVS<\/strong><\/a>)<\/span><\/li>\n<li><span style=\"font-family: verdana, geneva, sans-serif\">Brazilian Journal of Food Technology (<a href=\"https:\/\/www.scielo.br\/j\/bjft\/\" target=\"_blank\" rel=\"noopener\"><strong>BJFT<\/strong><\/a>)<\/span><\/li>\n<li><span style=\"font-family: verdana, geneva, sans-serif\">Food Science and Technology (<a href=\"https:\/\/fstjournal.com.br\/revista\" target=\"_blank\" rel=\"noopener\"><strong>FST<\/strong><\/a>)<\/span><\/li>\n<li><span style=\"font-family: verdana, geneva, sans-serif\">Pesquisa Agropecu\u00e1ria Brasileira (<strong><a href=\"https:\/\/www.scielo.br\/j\/pab\/\" target=\"_blank\" rel=\"noopener\">PAB<\/a><\/strong>)<\/span><\/li>\n<li><span style=\"font-family: verdana, geneva, sans-serif\">Revista Brasileira de Agroecologia (<a href=\"https:\/\/periodicos.unb.br\/index.php\/rbagroecologia\/index\" target=\"_blank\" rel=\"noopener\"><strong>RBA<\/strong><\/a>)<\/span><\/li>\n<li><span style=\"font-family: verdana, geneva, sans-serif\">Revista Brasileira de Parasitologia Veterin\u00e1ria (<a href=\"https:\/\/www.scielo.br\/j\/rbpv\/\" target=\"_blank\" rel=\"noopener\"><strong>RBPV<\/strong><\/a>)<\/span><\/li>\n<li><span style=\"font-family: verdana, geneva, sans-serif\">Revista de Ci\u00eancias Agroveterin\u00e1rias (<strong><a href=\"https:\/\/www.periodicos.udesc.br\/index.php\/agroveterinaria\" target=\"_blank\" rel=\"noopener\">RCA<\/a><\/strong>)<\/span><\/li>\n<li><span style=\"font-family: verdana, geneva, sans-serif\">Scientia Agricola (<a href=\"https:\/\/www.scielo.br\/j\/sa\/\" target=\"_blank\" rel=\"noopener\"><strong>SA<\/strong><\/a>)<\/span><\/li>\n<\/ul>\n<ul id=\"_TPbVnRlAl0Sjpu\" dir=\"ltr\"><\/ul>\n<p><span style=\"font-family: verdana, geneva, sans-serif\">Conhece algum peri\u00f3dico que deveria estar em nossa lista? Se sim, envie sua sugest\u00e3o para an\u00e1lise do nosso bibliotec\u00e1rio pelo e-mail: <a href=\"mailto:coordenacao.biblioteca.clm@uenp.edu.br\" target=\"_blank\" rel=\"noopener\"><strong>coordenacao.biblioteca.clm@uenp.edu.br<\/strong><\/a><\/span><\/p>\n","protected":false},"excerpt":{"rendered":"","protected":false},"author":4,"featured_media":0,"parent":497,"menu_order":0,"comment_status":"closed","ping_status":"closed","template":"","meta":{"footnotes":""},"class_list":["post-756","page","type-page","status-publish","hentry"],"_links":{"self":[{"href":"https:\/\/sbu.uenp.edu.br\/clm\/wp-json\/wp\/v2\/pages\/756","targetHints":{"allow":["GET"]}}],"collection":[{"href":"https:\/\/sbu.uenp.edu.br\/clm\/wp-json\/wp\/v2\/pages"}],"about":[{"href":"https:\/\/sbu.uenp.edu.br\/clm\/wp-json\/wp\/v2\/types\/page"}],"author":[{"embeddable":true,"href":"https:\/\/sbu.uenp.edu.br\/clm\/wp-json\/wp\/v2\/users\/4"}],"replies":[{"embeddable":true,"href":"https:\/\/sbu.uenp.edu.br\/clm\/wp-json\/wp\/v2\/comments?post=756"}],"version-history":[{"count":7,"href":"https:\/\/sbu.uenp.edu.br\/clm\/wp-json\/wp\/v2\/pages\/756\/revisions"}],"predecessor-version":[{"id":1972,"href":"https:\/\/sbu.uenp.edu.br\/clm\/wp-json\/wp\/v2\/pages\/756\/revisions\/1972"}],"up":[{"embeddable":true,"href":"https:\/\/sbu.uenp.edu.br\/clm\/wp-json\/wp\/v2\/pages\/497"}],"wp:attachment":[{"href":"https:\/\/sbu.uenp.edu.br\/clm\/wp-json\/wp\/v2\/media?parent=756"}],"curies":[{"name":"wp","href":"https:\/\/api.w.org\/{rel}","templated":true}]}}