{"id":751,"date":"2024-09-26T14:29:47","date_gmt":"2024-09-26T17:29:47","guid":{"rendered":"https:\/\/sbu.uenp.edu.br\/clm\/?page_id=751"},"modified":"2025-05-05T12:00:48","modified_gmt":"2025-05-05T15:00:48","slug":"verificacao-de-similaridades","status":"publish","type":"page","link":"https:\/\/sbu.uenp.edu.br\/clm\/recursos\/verificacao-de-similaridades\/","title":{"rendered":"Similaridades"},"content":{"rendered":"<hr \/>\n<p><span style=\"font-family: verdana, geneva, sans-serif\">No contexto acad\u00eamico, similaridade textual refere-se \u00e0 correspond\u00eancia entre o conte\u00fado de um trabalho e outras fontes j\u00e1 existentes, como artigos, livros ou publica\u00e7\u00f5es online. Essa pr\u00e1tica \u00e9 fundamental para garantir a originalidade e a integridade intelectual dos trabalhos acad\u00eamicos.\u200b<\/span><\/p>\n<p><span style=\"font-family: verdana, geneva, sans-serif\">Ao elaborar um texto, \u00e9 natural que se baseie em ideias e informa\u00e7\u00f5es de outras fontes. No entanto, \u00e9 imprescind\u00edvel que essas fontes sejam devidamente citadas e referenciadas, para que o trabalho reflita sua pr\u00f3pria an\u00e1lise e compreens\u00e3o do tema. A simples c\u00f3pia de trechos de textos sem a devida cita\u00e7\u00e3o configura pl\u00e1gio, uma infra\u00e7\u00e3o \u00e9tica e acad\u00eamica grave.\u200b<\/span><\/p>\n<p><span style=\"font-family: verdana, geneva, sans-serif\">Ferramentas de verifica\u00e7\u00e3o de similaridade textual s\u00e3o recursos essenciais para auxiliar estudantes e pesquisadores na identifica\u00e7\u00e3o de poss\u00edveis coincid\u00eancias com outras obras, permitindo a revis\u00e3o e corre\u00e7\u00e3o antes da submiss\u00e3o final.<\/span><\/p>\n<p><span style=\"font-family: verdana, geneva, sans-serif\"><strong>Ferramentas para verifica\u00e7\u00e3o de similaridade textual<\/strong><\/span><\/p>\n<ul>\n<li><span style=\"font-family: verdana, geneva, sans-serif\"><a href=\"https:\/\/smallseotools.com\/plagiarism-checker\/\" target=\"_blank\" rel=\"noopener\"><strong>Plagiarism Checker<\/strong><\/a><\/span><br \/>\n<span style=\"font-family: verdana, geneva, sans-serif\">Ferramenta que permite verificar a similaridade de textos rapidamente, com a op\u00e7\u00e3o de comparar pequenos trechos de conte\u00fado;<\/span><\/li>\n<li><span style=\"font-family: verdana, geneva, sans-serif\"><a href=\"https:\/\/www.duplichecker.com\/\" target=\"_blank\" rel=\"noopener\"><strong>DupliChecker<\/strong><\/a><\/span><br \/>\n<span style=\"font-family: verdana, geneva, sans-serif\">Oferece uma vers\u00e3o para checar textos curtos, identificando poss\u00edveis pl\u00e1gios e similaridades com outras fontes online;<\/span><\/li>\n<li><span style=\"font-family: verdana, geneva, sans-serif\"><a href=\"https:\/\/www.plagscan.com\/plagiarism-check\/\" target=\"_blank\" rel=\"noopener\"><strong>Plagscan<\/strong><\/a><\/span><br \/>\n<span style=\"font-family: verdana, geneva, sans-serif\">Uma vers\u00e3o limitada do Plagscan que oferece a verifica\u00e7\u00e3o de um n\u00famero de palavras para detec\u00e7\u00e3o de pl\u00e1gio.<\/span><\/li>\n<\/ul>\n<p><span style=\"font-family: verdana, geneva, sans-serif\">A Biblioteca da UENP-CLM promove a conscientiza\u00e7\u00e3o sobre a import\u00e2ncia da originalidade acad\u00eamica.<\/span><\/p>\n","protected":false},"excerpt":{"rendered":"","protected":false},"author":4,"featured_media":0,"parent":546,"menu_order":0,"comment_status":"closed","ping_status":"closed","template":"","meta":{"footnotes":""},"class_list":["post-751","page","type-page","status-publish","hentry"],"_links":{"self":[{"href":"https:\/\/sbu.uenp.edu.br\/clm\/wp-json\/wp\/v2\/pages\/751","targetHints":{"allow":["GET"]}}],"collection":[{"href":"https:\/\/sbu.uenp.edu.br\/clm\/wp-json\/wp\/v2\/pages"}],"about":[{"href":"https:\/\/sbu.uenp.edu.br\/clm\/wp-json\/wp\/v2\/types\/page"}],"author":[{"embeddable":true,"href":"https:\/\/sbu.uenp.edu.br\/clm\/wp-json\/wp\/v2\/users\/4"}],"replies":[{"embeddable":true,"href":"https:\/\/sbu.uenp.edu.br\/clm\/wp-json\/wp\/v2\/comments?post=751"}],"version-history":[{"count":8,"href":"https:\/\/sbu.uenp.edu.br\/clm\/wp-json\/wp\/v2\/pages\/751\/revisions"}],"predecessor-version":[{"id":1527,"href":"https:\/\/sbu.uenp.edu.br\/clm\/wp-json\/wp\/v2\/pages\/751\/revisions\/1527"}],"up":[{"embeddable":true,"href":"https:\/\/sbu.uenp.edu.br\/clm\/wp-json\/wp\/v2\/pages\/546"}],"wp:attachment":[{"href":"https:\/\/sbu.uenp.edu.br\/clm\/wp-json\/wp\/v2\/media?parent=751"}],"curies":[{"name":"wp","href":"https:\/\/api.w.org\/{rel}","templated":true}]}}