{"id":747,"date":"2024-09-26T10:41:19","date_gmt":"2024-09-26T13:41:19","guid":{"rendered":"https:\/\/sbu.uenp.edu.br\/clm\/?page_id=747"},"modified":"2025-05-05T11:02:37","modified_gmt":"2025-05-05T14:02:37","slug":"principios-fair","status":"publish","type":"page","link":"https:\/\/sbu.uenp.edu.br\/clm\/recursos\/ciencia-aberta\/principios-fair\/","title":{"rendered":"Princ\u00edpios FAIR"},"content":{"rendered":"<hr \/>\n<p><span style=\"font-family: verdana, geneva, sans-serif\">Os <a href=\"https:\/\/www.go-fair.org\/fair-principles\/\" target=\"_blank\" rel=\"noopener\"><strong>Princ\u00edpios FAIR<\/strong><\/a> (<em>Findable, Accessible, Interoperable, Reusable<\/em>) foram desenvolvidos para garantir que os dados cient\u00edficos sejam gerenciados de forma que possam ser localizados, acessados, integrados e reutilizados com facilidade. Esses princ\u00edpios est\u00e3o no cerne das iniciativas de ci\u00eancia aberta e visam melhorar a transpar\u00eancia e a efici\u00eancia da pesquisa cient\u00edfica, permitindo que dados e metadados sejam reutilizados de maneira mais eficaz por diferentes sistemas e pesquisadores. A aplica\u00e7\u00e3o dos princ\u00edpios FAIR \u00e9 fundamental para maximizar o impacto das pesquisas e facilitar a colabora\u00e7\u00e3o em grande escala.<\/span><\/p>\n<p><span style=\"font-family: verdana, geneva, sans-serif\">O primeiro princ\u00edpio, &#8220;<em>Findable<\/em>&#8221; (encontr\u00e1vel), significa que os dados devem ser localiz\u00e1veis por pessoas e m\u00e1quinas. Isso inclui o uso de identificadores \u00fanicos e permanentes, como Digital Object Identifiers (<a href=\"https:\/\/www.doi.org\/\" target=\"_blank\" rel=\"noopener\"><strong>DOI<\/strong><\/a>s), e a cria\u00e7\u00e3o de metadados descritivos que permitam que os dados sejam indexados em reposit\u00f3rios digitais. &#8220;<em>Accessible<\/em>&#8221; (acess\u00edvel) se refere \u00e0 capacidade de obter os dados e metadados de forma clara e aberta, mesmo que seja necess\u00e1rio controle de acesso. O objetivo \u00e9 garantir que qualquer usu\u00e1rio, com as permiss\u00f5es adequadas, consiga acessar os dados facilmente.<\/span><\/p>\n<p><span style=\"font-family: verdana, geneva, sans-serif\">Os princ\u00edpios &#8220;<em>Interoperable<\/em>&#8221; (interoper\u00e1vel) e &#8220;<em>Reusable<\/em>&#8221; (reutiliz\u00e1vel) tratam da capacidade de integra\u00e7\u00e3o dos dados e de sua utiliza\u00e7\u00e3o em diferentes plataformas e contextos. Para que os dados sejam interoper\u00e1veis, eles devem estar em formatos padronizados e seguir regras que permitam que diferentes sistemas e softwares os compreendam e usem. J\u00e1 para serem reutiliz\u00e1veis, os dados precisam ser bem descritos e acompanhados de metadados claros, incluindo informa\u00e7\u00f5es sobre sua proveni\u00eancia e condi\u00e7\u00f5es de uso. A aplica\u00e7\u00e3o desses princ\u00edpios melhora a qualidade da pesquisa, promove a colabora\u00e7\u00e3o entre cientistas e garante que o conhecimento gerado possa ser amplamente aproveitado e expandido.<\/span><\/p>\n","protected":false},"excerpt":{"rendered":"","protected":false},"author":4,"featured_media":0,"parent":273,"menu_order":0,"comment_status":"closed","ping_status":"closed","template":"","meta":{"footnotes":""},"class_list":["post-747","page","type-page","status-publish","hentry"],"_links":{"self":[{"href":"https:\/\/sbu.uenp.edu.br\/clm\/wp-json\/wp\/v2\/pages\/747","targetHints":{"allow":["GET"]}}],"collection":[{"href":"https:\/\/sbu.uenp.edu.br\/clm\/wp-json\/wp\/v2\/pages"}],"about":[{"href":"https:\/\/sbu.uenp.edu.br\/clm\/wp-json\/wp\/v2\/types\/page"}],"author":[{"embeddable":true,"href":"https:\/\/sbu.uenp.edu.br\/clm\/wp-json\/wp\/v2\/users\/4"}],"replies":[{"embeddable":true,"href":"https:\/\/sbu.uenp.edu.br\/clm\/wp-json\/wp\/v2\/comments?post=747"}],"version-history":[{"count":4,"href":"https:\/\/sbu.uenp.edu.br\/clm\/wp-json\/wp\/v2\/pages\/747\/revisions"}],"predecessor-version":[{"id":1516,"href":"https:\/\/sbu.uenp.edu.br\/clm\/wp-json\/wp\/v2\/pages\/747\/revisions\/1516"}],"up":[{"embeddable":true,"href":"https:\/\/sbu.uenp.edu.br\/clm\/wp-json\/wp\/v2\/pages\/273"}],"wp:attachment":[{"href":"https:\/\/sbu.uenp.edu.br\/clm\/wp-json\/wp\/v2\/media?parent=747"}],"curies":[{"name":"wp","href":"https:\/\/api.w.org\/{rel}","templated":true}]}}