{"id":702,"date":"2024-09-25T16:37:03","date_gmt":"2024-09-25T19:37:03","guid":{"rendered":"https:\/\/sbu.uenp.edu.br\/clm\/?page_id=702"},"modified":"2026-04-08T11:54:37","modified_gmt":"2026-04-08T14:54:37","slug":"biblioteca-virtual-pearson","status":"publish","type":"page","link":"https:\/\/sbu.uenp.edu.br\/clm\/fontes\/biblioteca-virtual-pearson\/","title":{"rendered":"Biblioteca Virtual da Pearson"},"content":{"rendered":"<hr \/>\n<p><a href=\"https:\/\/plataforma.bvirtual.com.br\/Account\/Login\"><img loading=\"lazy\" decoding=\"async\" class=\"alignright wp-image-719 size-medium\" src=\"https:\/\/sbu.uenp.edu.br\/clm\/wp-content\/uploads\/sites\/24\/2024\/09\/bv-digital-300x95.png\" alt=\"\" width=\"300\" height=\"95\" srcset=\"https:\/\/sbu.uenp.edu.br\/clm\/wp-content\/uploads\/sites\/24\/2024\/09\/bv-digital-300x95.png 300w, https:\/\/sbu.uenp.edu.br\/clm\/wp-content\/uploads\/sites\/24\/2024\/09\/bv-digital.png 590w\" sizes=\"auto, (max-width: 300px) 100vw, 300px\" \/><\/a><span style=\"font-family: verdana, geneva, sans-serif\">\u00c9 uma plataforma de e-books acad\u00eamicos desenvolvida pela Pearson, uma das maiores editoras de materiais educacionais do mundo. Voltada principalmente para institui\u00e7\u00f5es de ensino superior, ela oferece um vasto acervo de livros em diversas \u00e1reas do conhecimento, como ci\u00eancias humanas, exatas, sa\u00fade, neg\u00f3cios e tecnologia. A plataforma \u00e9 projetada para permitir que os usu\u00e1rios acessem os livros de qualquer lugar e a qualquer momento, desde que estejam conectados \u00e0 internet.<\/span><\/p>\n<p><span style=\"font-family: verdana, geneva, sans-serif\">O acervo inclui obras acad\u00eamicas e t\u00e9cnicas publicadas pela Pearson e por outras editoras parceiras, garantindo uma ampla gama de t\u00edtulos dispon\u00edveis para consulta. Al\u00e9m disso, a plataforma oferece diversos recursos que facilitam o estudo, como a possibilidade de fazer marca\u00e7\u00f5es de texto, anota\u00e7\u00f5es e destaques, al\u00e9m de permitir a cria\u00e7\u00e3o de listas personalizadas de livros. Esses recursos ajudam os usu\u00e1rios a organizarem suas leituras e estudos de maneira eficiente.<\/span><\/p>\n<p><span style=\"font-family: verdana, geneva, sans-serif\">A <a href=\"https:\/\/www.bvirtual.com.br\/\" target=\"_blank\" rel=\"noopener\"><strong>Biblioteca Virtual<\/strong><\/a> conta com uma interface de busca avan\u00e7ada que permite encontrar rapidamente os t\u00edtulos por meio de palavras-chave, autores ou \u00e1reas tem\u00e1ticas. \u00c9 uma solu\u00e7\u00e3o pr\u00e1tica e econ\u00f4mica para institui\u00e7\u00f5es de ensino que buscam oferecer a seus estudantes e docentes acesso a conte\u00fados acad\u00eamicos de qualidade e de forma digital.<\/span><\/p>\n<p><span style=\"font-family: verdana, geneva, sans-serif\">Caso algum membro da Comunidade Acad\u00eamica da BCLM queira possuir um cadastro na Biblioteca Virtual, basta clicar <strong><a href=\"https:\/\/nti.uenp.edu.br\/xs1sd\/\" target=\"_blank\" rel=\"noopener\">aqui<\/a><\/strong>, inserir as suas credenciais do SUAP e logo ap\u00f3s, acessar o Portal do NTI e procurar pelo \u00edcone &#8220;<strong><a href=\"https:\/\/nti.uenp.edu.br\/sistemas\/bv-biblioteca-virtual-apresentacao\/\" target=\"_blank\" rel=\"noopener\">Acessar a Biblioteca Virtual<\/a><\/strong>&#8220;. O n\u00famero total de licen\u00e7as dispon\u00edveis para a Comunidade UENP diz respeito a aproximadamente 30% do n\u00famero total de discentes matriculados na Institui\u00e7\u00e3o.<\/span><\/p>\n<p><span style=\"font-family: verdana, geneva, sans-serif\">Em caso de d\u00favidas, contate o bibliotec\u00e1rio pelo seguinte e-mail: <a href=\"mailto:coordenacao.biblioteca.clm@uenp.edu.br\" target=\"_blank\" rel=\"noopener\"><strong>coordenacao.biblioteca.clm@uenp.edu.br<\/strong><\/a><\/span><\/p>\n<p><span style=\"font-family: verdana, geneva, sans-serif\">Aos membros da Comunidade CLM-UENP que possuam acesso \u00e0 Biblioteca Virtual, podem acessar a plataforma clicando <strong><a href=\"https:\/\/plataforma.bvirtual.com.br\/Account\/Login\" target=\"_blank\" rel=\"noopener\">aqui<\/a><\/strong>.<\/span><\/p>\n<p><span style=\"font-family: verdana, geneva, sans-serif\">A Biblioteca Virtual conta com aplicativo para celular dispon\u00edvel para os sistemas <strong><a href=\"https:\/\/play.google.com\/store\/apps\/details?id=com.bibliotecavirtual.bvpearson&amp;hl=pt_BR&amp;pli=1\" target=\"_blank\" rel=\"noopener\">Android<\/a> <\/strong>e <strong><a href=\"https:\/\/apps.apple.com\/br\/app\/biblioteca-virtual-by-pearson\/id1480060221\" target=\"_blank\" rel=\"noopener\">iOS<\/a><\/strong>. Baixe agora mesmo!<\/span><\/p>\n","protected":false},"excerpt":{"rendered":"","protected":false},"author":4,"featured_media":0,"parent":490,"menu_order":0,"comment_status":"closed","ping_status":"closed","template":"","meta":{"footnotes":""},"class_list":["post-702","page","type-page","status-publish","hentry"],"_links":{"self":[{"href":"https:\/\/sbu.uenp.edu.br\/clm\/wp-json\/wp\/v2\/pages\/702","targetHints":{"allow":["GET"]}}],"collection":[{"href":"https:\/\/sbu.uenp.edu.br\/clm\/wp-json\/wp\/v2\/pages"}],"about":[{"href":"https:\/\/sbu.uenp.edu.br\/clm\/wp-json\/wp\/v2\/types\/page"}],"author":[{"embeddable":true,"href":"https:\/\/sbu.uenp.edu.br\/clm\/wp-json\/wp\/v2\/users\/4"}],"replies":[{"embeddable":true,"href":"https:\/\/sbu.uenp.edu.br\/clm\/wp-json\/wp\/v2\/comments?post=702"}],"version-history":[{"count":15,"href":"https:\/\/sbu.uenp.edu.br\/clm\/wp-json\/wp\/v2\/pages\/702\/revisions"}],"predecessor-version":[{"id":2011,"href":"https:\/\/sbu.uenp.edu.br\/clm\/wp-json\/wp\/v2\/pages\/702\/revisions\/2011"}],"up":[{"embeddable":true,"href":"https:\/\/sbu.uenp.edu.br\/clm\/wp-json\/wp\/v2\/pages\/490"}],"wp:attachment":[{"href":"https:\/\/sbu.uenp.edu.br\/clm\/wp-json\/wp\/v2\/media?parent=702"}],"curies":[{"name":"wp","href":"https:\/\/api.w.org\/{rel}","templated":true}]}}