{"id":680,"date":"2024-09-25T08:07:23","date_gmt":"2024-09-25T11:07:23","guid":{"rendered":"https:\/\/sbu.uenp.edu.br\/clm\/?page_id=680"},"modified":"2025-09-05T10:39:56","modified_gmt":"2025-09-05T13:39:56","slug":"terminologicas","status":"publish","type":"page","link":"https:\/\/sbu.uenp.edu.br\/clm\/fontes\/terminologicas\/","title":{"rendered":"Terminologia"},"content":{"rendered":"<hr \/>\n<p><span style=\"font-family: verdana, geneva, sans-serif\">Os instrumentos de controle de vocabul\u00e1rio s\u00e3o ferramentas essenciais para organizar e padronizar a terminologia utilizada na descri\u00e7\u00e3o e recupera\u00e7\u00e3o de informa\u00e7\u00f5es em bibliotecas e bases de dados. Eles garantem a consist\u00eancia na categoriza\u00e7\u00e3o de conte\u00fados, permitindo que diferentes usu\u00e1rios encontrem materiais relevantes de maneira eficiente, mesmo que utilizem termos diferentes para descrever o mesmo conceito. Exemplos de instrumentos de controle incluem tesauros, listas de cabe\u00e7alhos de assunto e gloss\u00e1rios, entre outros.<\/span><\/p>\n<p><span style=\"font-family: verdana, geneva, sans-serif\">Esses instrumentos desempenham um papel crucial na redu\u00e7\u00e3o de ambiguidades e na melhoria da precis\u00e3o das buscas. Por meio deles, termos sin\u00f4nimos e relacionados s\u00e3o agrupados, e conceitos mais amplos ou mais espec\u00edficos s\u00e3o indicados, orientando o usu\u00e1rio durante o processo de pesquisa. Em um sistema bibliogr\u00e1fico bem estruturado, o controle de vocabul\u00e1rio ajuda a evitar dispers\u00e3o de informa\u00e7\u00f5es, facilitando o acesso a conte\u00fados pertinentes, mesmo que descritos de maneiras diferentes em fontes variadas.<\/span><\/p>\n<p><span style=\"font-family: verdana, geneva, sans-serif\">Al\u00e9m disso, os instrumentos de controle de vocabul\u00e1rio s\u00e3o fundamentais para a interoperabilidade entre diferentes sistemas de informa\u00e7\u00e3o, especialmente no ambiente digital, onde diferentes plataformas e unidades de informa\u00e7\u00e3o compartilham e integram seus cat\u00e1logos. Eles permitem que a indexa\u00e7\u00e3o de conte\u00fados seja mais eficiente, contribuindo para uma busca mais intuitiva e \u00e1gil. Assim, a padroniza\u00e7\u00e3o dos termos garante uma melhor experi\u00eancia para o usu\u00e1rio final e aprimora a gest\u00e3o de informa\u00e7\u00e3o nos servi\u00e7os bibliotec\u00e1rios.<\/span><\/p>\n<p><span style=\"font-family: verdana, geneva, sans-serif\">Veja a seguir, alguns exemplos de instrumentos de controle terminol\u00f3gico pertinentes \u00e0s \u00e1reas que a BCLM atende:<\/span><\/p>\n<p><span style=\"font-family: verdana, geneva, sans-serif\"><strong>Ci\u00eancias Agr\u00e1rias<\/strong><\/span><\/p>\n<ul style=\"list-style-type: square\">\n<li><strong><span style=\"font-family: verdana, geneva, sans-serif\"><a href=\"https:\/\/sistemas.sede.embrapa.br\/agrotermos\/\" target=\"_blank\" rel=\"noopener\">AgroTermos<\/a><\/span><\/strong><\/li>\n<li><span style=\"font-family: verdana, geneva, sans-serif\">Agro Vocabulary (<strong><a href=\"https:\/\/agrovoc.fao.org\/browse\/agrovoc\/en\/?clang=pt-BR\" target=\"_blank\" rel=\"noopener\">AGROVOC<\/a><\/strong>)<\/span><\/li>\n<\/ul>\n<p><span style=\"font-family: verdana, geneva, sans-serif\"><strong>Ci\u00eancias Biol\u00f3gicas<\/strong><\/span><\/p>\n<ul style=\"list-style-type: square\">\n<li><span style=\"font-family: verdana, geneva, sans-serif\">Bio-Dictionary (<strong><a href=\"https:\/\/explorebiology.org\/bio-dictionary\" target=\"_blank\" rel=\"noopener\">BD<\/a><\/strong>)<\/span><\/li>\n<li><span style=\"font-family: verdana, geneva, sans-serif\">General Multilingual Environmental Thesaurus (<a href=\"https:\/\/www.eionet.europa.eu\/gemet\/en\/about\/\" target=\"_blank\" rel=\"noopener\"><strong>GEMET<\/strong><\/a>)<\/span><\/li>\n<\/ul>\n<p><span style=\"font-family: verdana, geneva, sans-serif\"><strong>Ci\u00eancias da Sa\u00fade<\/strong><\/span><\/p>\n<ul style=\"list-style-type: square\">\n<li><span style=\"font-family: verdana, geneva, sans-serif\">Descritores em Ci\u00eancias da Sa\u00fade (<strong><a href=\"https:\/\/decs.bvs.br\/\" target=\"_blank\" rel=\"noopener\">DeCS<\/a><\/strong>)<\/span><\/li>\n<li><span style=\"font-family: verdana, geneva, sans-serif\">Medical Subject Headings (<a href=\"https:\/\/meshb.nlm.nih.gov\/?_gl=1*1pt9o1m*_ga*MjAwOTc4NzM1My4xNzI3MTc3NTkz*_ga_P1FPTH9PL4*MTcyODA2MjEyNy41LjEuMTcyODA2MzgxNy4wLjAuMA..*_ga_7147EPK006*MTcyODA2MjEyNi41LjEuMTcyODA2MzgxOC4wLjAuMA..\" target=\"_blank\" rel=\"noopener\"><strong>MeSH<\/strong><\/a>)<\/span><\/li>\n<\/ul>\n<p><span style=\"font-family: verdana, geneva, sans-serif\"><strong>Ci\u00eancias Tecnol\u00f3gicas<\/strong><\/span><\/p>\n<p><span style=\"font-family: verdana, geneva, sans-serif\">Glossary Tech (<a href=\"https:\/\/glossarytech.com\/\" target=\"_blank\" rel=\"noopener\"><strong>GT<\/strong><\/a>)<\/span><\/p>\n<p><span style=\"font-family: verdana, geneva, sans-serif\"><strong>Multidisciplinares<\/strong><\/span><\/p>\n<p><span style=\"font-family: verdana, geneva, sans-serif\">UNESCO <a href=\"https:\/\/vocabularies.unesco.org\/browser\/thesaurus\/en\/\" target=\"_blank\" rel=\"noopener\"><strong><em>Thesaurus<\/em><\/strong><\/a><\/span><\/p>\n","protected":false},"excerpt":{"rendered":"","protected":false},"author":4,"featured_media":0,"parent":490,"menu_order":0,"comment_status":"closed","ping_status":"closed","template":"","meta":{"footnotes":""},"class_list":["post-680","page","type-page","status-publish","hentry"],"_links":{"self":[{"href":"https:\/\/sbu.uenp.edu.br\/clm\/wp-json\/wp\/v2\/pages\/680","targetHints":{"allow":["GET"]}}],"collection":[{"href":"https:\/\/sbu.uenp.edu.br\/clm\/wp-json\/wp\/v2\/pages"}],"about":[{"href":"https:\/\/sbu.uenp.edu.br\/clm\/wp-json\/wp\/v2\/types\/page"}],"author":[{"embeddable":true,"href":"https:\/\/sbu.uenp.edu.br\/clm\/wp-json\/wp\/v2\/users\/4"}],"replies":[{"embeddable":true,"href":"https:\/\/sbu.uenp.edu.br\/clm\/wp-json\/wp\/v2\/comments?post=680"}],"version-history":[{"count":10,"href":"https:\/\/sbu.uenp.edu.br\/clm\/wp-json\/wp\/v2\/pages\/680\/revisions"}],"predecessor-version":[{"id":1896,"href":"https:\/\/sbu.uenp.edu.br\/clm\/wp-json\/wp\/v2\/pages\/680\/revisions\/1896"}],"up":[{"embeddable":true,"href":"https:\/\/sbu.uenp.edu.br\/clm\/wp-json\/wp\/v2\/pages\/490"}],"wp:attachment":[{"href":"https:\/\/sbu.uenp.edu.br\/clm\/wp-json\/wp\/v2\/media?parent=680"}],"curies":[{"name":"wp","href":"https:\/\/api.w.org\/{rel}","templated":true}]}}