{"id":652,"date":"2024-09-23T09:24:17","date_gmt":"2024-09-23T12:24:17","guid":{"rendered":"https:\/\/sbu.uenp.edu.br\/clm\/?page_id=652"},"modified":"2025-05-05T08:15:53","modified_gmt":"2025-05-05T11:15:53","slug":"relatorios","status":"publish","type":"page","link":"https:\/\/sbu.uenp.edu.br\/clm\/conheca\/relatorios\/","title":{"rendered":"Relat\u00f3rios"},"content":{"rendered":"<div class=\"ds-markdown ds-markdown--block\">\n<hr \/>\n<div class=\"ds-markdown ds-markdown--block\">\n<p><span style=\"font-family: verdana, geneva, sans-serif\">O relat\u00f3rio anual de atividades e gest\u00e3o da BCLM \u00e9 uma ferramenta essencial para documentar, avaliar e comunicar as a\u00e7\u00f5es realizadas ao longo do ano, servindo como um registro hist\u00f3rico e estrat\u00e9gico. Ele permite que a Biblioteca demonstre seu impacto no apoio ao ensino, \u00e0 pesquisa e \u00e0 extens\u00e3o, destacando os servi\u00e7os oferecidos, os avan\u00e7os conquistados e os desafios enfrentados. Al\u00e9m disso, o relat\u00f3rio facilita a presta\u00e7\u00e3o de contas \u00e0 comunidade acad\u00eamica e \u00e0s inst\u00e2ncias superiores, refor\u00e7ando a transpar\u00eancia e a credibilidade da gest\u00e3o bibliotec\u00e1ria. Ao sistematizar dados quantitativos e qualitativos, o documento tamb\u00e9m se torna uma base valiosa para o planejamento futuro, identificando pontos de melhoria e oportunidades de crescimento.<\/span><\/p>\n<p><span style=\"font-family: verdana, geneva, sans-serif\">Outro aspecto fundamental do relat\u00f3rio anual \u00e9 sua capacidade de promover a visibilidade da Biblioteca como um espa\u00e7o din\u00e2mico e indispens\u00e1vel para a universidade. Ao apresentar m\u00e9tricas de uso, como empr\u00e9stimos, consultas ao acervo, participa\u00e7\u00e3o em eventos e treinamentos, o relat\u00f3rio evidencia o valor da Biblioteca para a forma\u00e7\u00e3o acad\u00eamica e cient\u00edfica. Al\u00e9m disso, ele pode ser utilizado como instrumento de <em>advocacy<\/em>, fortalecendo a defesa por mais investimentos e recursos. Em resumo, o relat\u00f3rio anual n\u00e3o apenas consolida as conquistas e aprendizados do ano, mas tamb\u00e9m fortalece o papel da Biblioteca como um pilar estrat\u00e9gico no ecossistema universit\u00e1rio.<\/span><\/p>\n<p><span style=\"font-family: verdana, geneva, sans-serif\">A seguir, acesse os relat\u00f3rios executivos da BCLM:<\/span><\/p>\n<\/div>\n<ul style=\"list-style-type: square\">\n<li><span style=\"font-family: verdana, geneva, sans-serif;font-size: 12pt\"><a href=\"https:\/\/drive.google.com\/file\/d\/1ce_O_MpzHTEpGHO51Vgqhd2mGOImpawz\/view?usp=sharing\" target=\"_blank\" rel=\"noopener\"><strong>2024<\/strong><\/a><\/span><\/li>\n<li><span style=\"font-family: verdana, geneva, sans-serif;font-size: 12pt\"><a href=\"https:\/\/drive.google.com\/file\/d\/1Mj-kWlV7k3XWSY0Ft1k9IKYjTAKNvj4k\/view?usp=sharing\" target=\"_blank\" rel=\"noopener\"><strong>2021<\/strong><\/a><\/span><\/li>\n<li><span style=\"font-family: verdana, geneva, sans-serif;font-size: 12pt\"><a href=\"https:\/\/drive.google.com\/file\/d\/1iV1KwzhxLOKoIhkn1eN99p1pSnEZm0vG\/view?usp=sharing\" target=\"_blank\" rel=\"noopener\"><strong><span style=\"font-family: verdana, geneva, sans-serif;font-size: 12pt\">2003<\/span><\/strong><\/a><\/span><\/li>\n<\/ul>\n<\/div>\n","protected":false},"excerpt":{"rendered":"","protected":false},"author":4,"featured_media":0,"parent":11,"menu_order":0,"comment_status":"closed","ping_status":"closed","template":"","meta":{"footnotes":""},"class_list":["post-652","page","type-page","status-publish","hentry"],"_links":{"self":[{"href":"https:\/\/sbu.uenp.edu.br\/clm\/wp-json\/wp\/v2\/pages\/652","targetHints":{"allow":["GET"]}}],"collection":[{"href":"https:\/\/sbu.uenp.edu.br\/clm\/wp-json\/wp\/v2\/pages"}],"about":[{"href":"https:\/\/sbu.uenp.edu.br\/clm\/wp-json\/wp\/v2\/types\/page"}],"author":[{"embeddable":true,"href":"https:\/\/sbu.uenp.edu.br\/clm\/wp-json\/wp\/v2\/users\/4"}],"replies":[{"embeddable":true,"href":"https:\/\/sbu.uenp.edu.br\/clm\/wp-json\/wp\/v2\/comments?post=652"}],"version-history":[{"count":15,"href":"https:\/\/sbu.uenp.edu.br\/clm\/wp-json\/wp\/v2\/pages\/652\/revisions"}],"predecessor-version":[{"id":1281,"href":"https:\/\/sbu.uenp.edu.br\/clm\/wp-json\/wp\/v2\/pages\/652\/revisions\/1281"}],"up":[{"embeddable":true,"href":"https:\/\/sbu.uenp.edu.br\/clm\/wp-json\/wp\/v2\/pages\/11"}],"wp:attachment":[{"href":"https:\/\/sbu.uenp.edu.br\/clm\/wp-json\/wp\/v2\/media?parent=652"}],"curies":[{"name":"wp","href":"https:\/\/api.w.org\/{rel}","templated":true}]}}