{"id":550,"date":"2024-09-19T20:51:12","date_gmt":"2024-09-19T23:51:12","guid":{"rendered":"https:\/\/sbu.uenp.edu.br\/clm\/?page_id=550"},"modified":"2025-05-05T10:21:35","modified_gmt":"2025-05-05T13:21:35","slug":"referencias","status":"publish","type":"page","link":"https:\/\/sbu.uenp.edu.br\/clm\/orientacoes\/normas-academicas\/abnt\/referencias\/","title":{"rendered":"Refer\u00eancias"},"content":{"rendered":"<hr \/>\n<p><span style=\"font-family: verdana, geneva, sans-serif;font-size: 12pt\">As refer\u00eancias bibliogr\u00e1ficas segundo as normas da Associa\u00e7\u00e3o Brasileira de Normas T\u00e9cnicas (ABNT) constituem um elemento fundamental em trabalhos acad\u00eamicos, cient\u00edficos e t\u00e9cnicos no Brasil. Estabelecidas pela NBR 6023, estas normas padronizam a forma de apresentar as fontes consultadas durante a pesquisa, permitindo que outros pesquisadores possam localizar e verificar as informa\u00e7\u00f5es citadas. O sistema ABNT de refer\u00eancias segue uma estrutura espec\u00edfica que inclui elementos essenciais como autoria, t\u00edtulo, edi\u00e7\u00e3o, local de publica\u00e7\u00e3o, editora e data, podendo variar conforme o tipo de material referenciado (livros, artigos, documentos eletr\u00f4nicos, entre outros). Esta padroniza\u00e7\u00e3o n\u00e3o apenas confere credibilidade ao trabalho acad\u00eamico, mas tamb\u00e9m facilita o interc\u00e2mbio de informa\u00e7\u00f5es na comunidade cient\u00edfica, promovendo a comunica\u00e7\u00e3o eficiente entre pesquisadores e a democratiza\u00e7\u00e3o do conhecimento.<br \/>\n<\/span><\/p>\n<p><span style=\"font-family: verdana, geneva, sans-serif;font-size: 12pt\">Veja a seguir, alguns exemplos pr\u00e1ticos:<\/span><\/p>\n<p><strong><span style=\"font-family: verdana, geneva, sans-serif;font-size: 12pt\">Livros<\/span><\/strong><\/p>\n<p><span style=\"font-family: verdana, geneva, sans-serif\">Estrutura b\u00e1sica para um autor:<\/span><\/p>\n<blockquote><p><span style=\"font-family: verdana, geneva, sans-serif\">SOBRENOME, Nome. <strong>T\u00edtulo<\/strong>: subt\u00edtulo (se houver). Edi\u00e7\u00e3o (se houver). Local: Editora, ano de publica\u00e7\u00e3o.<\/span><\/p><\/blockquote>\n<p><span style=\"font-family: verdana, geneva, sans-serif\">Exemplo:<\/span><\/p>\n<blockquote><p><span style=\"font-family: verdana, geneva, sans-serif\">ASSIS, Machado de. <strong>Dom Casmurro<\/strong>. S\u00e3o Paulo: Martin Claret, 2007.<\/span><\/p><\/blockquote>\n<p><span style=\"font-family: verdana, geneva, sans-serif\">Para dois ou tr\u00eas autores: u<\/span><span style=\"font-family: verdana, geneva, sans-serif\">se ponto e v\u00edrgula (;) entre os autores<\/span><\/p>\n<blockquote><p><span style=\"font-family: verdana, geneva, sans-serif\">SOBRENOME, Nome; SOBRENOME, Nome. <strong>T\u00edtulo<\/strong>&#8230;<\/span><\/p><\/blockquote>\n<p><span style=\"font-family: verdana, geneva, sans-serif\">Para mais de tr\u00eas autores: a<\/span><span style=\"font-family: verdana, geneva, sans-serif\"> norma recomenda a cita\u00e7\u00e3o completa de autoria, mas usar o primeiro autor seguido de &#8220;<em>et al.<\/em>&#8221; ainda \u00e9 aceit\u00e1vel<\/span><\/p>\n<blockquote><p><span style=\"font-family: verdana, geneva, sans-serif\">SOBRENOME, Nome <em>et al<\/em>. <strong>T\u00edtulo<\/strong>&#8230;<\/span><\/p><\/blockquote>\n<p><strong><span style=\"font-family: verdana, geneva, sans-serif\">Artigos de peri\u00f3dicos (f\u00edsicos)<br \/>\n<\/span><\/strong><\/p>\n<p><span style=\"font-family: verdana, geneva, sans-serif\">Estrutura b\u00e1sica:<\/span><\/p>\n<blockquote><p><span style=\"font-family: verdana, geneva, sans-serif\">SOBRENOME, Nome. T\u00edtulo do artigo. <strong>Nome do peri\u00f3dico<\/strong>, Local, volume, n\u00famero, p\u00e1ginas inicial-final, m\u00eas ano.<\/span><\/p><\/blockquote>\n<p><span style=\"font-family: verdana, geneva, sans-serif\">Exemplo:<\/span><\/p>\n<blockquote><p><span style=\"font-family: verdana, geneva, sans-serif\">SILVA, Jo\u00e3o. A import\u00e2ncia da leitura. <strong>Revista Brasileira de Educa\u00e7\u00e3o<\/strong>, Rio de Janeiro, v. 15, n. 2, p. 23-29, maio 2010.<\/span><\/p><\/blockquote>\n<p><strong><span style=\"font-family: verdana, geneva, sans-serif\">Documentos digitais<br \/>\n<\/span><\/strong><\/p>\n<p><span style=\"font-family: verdana, geneva, sans-serif\">Estrutura b\u00e1sica:<\/span><\/p>\n<blockquote><p><span style=\"font-family: verdana, geneva, sans-serif\">SOBRENOME, Nome. <strong>T\u00edtulo<\/strong>. Ano. Dispon\u00edvel em: URL. Acesso em: dia m\u00eas. ano.<\/span><\/p><\/blockquote>\n<p><span style=\"font-family: verdana, geneva, sans-serif\">Exemplo:<\/span><\/p>\n<blockquote><p><span style=\"font-family: verdana, geneva, sans-serif\">SANTOS, Maria. <strong>Pesquisa cient\u00edfica na era digital<\/strong>. 2022. Dispon\u00edvel em: http:\/\/www.exemplo.com.br. Acesso em: 15 jan. 2024.<\/span><\/p><\/blockquote>\n<p><strong><span style=\"font-family: verdana, geneva, sans-serif\">Teses e Disserta\u00e7\u00f5es<\/span><\/strong><\/p>\n<p><span style=\"font-family: verdana, geneva, sans-serif\">Estrutura b\u00e1sica:<\/span><\/p>\n<blockquote><p><span style=\"font-family: verdana, geneva, sans-serif\">SOBRENOME, Nome. <strong>T\u00edtulo<\/strong>: subt\u00edtulo. Ano. N\u00famero de folhas. Disserta\u00e7\u00e3o\/Tese (Mestrado\/Doutorado em&#8230;) &#8211; Institui\u00e7\u00e3o, Local, ano.<\/span><\/p><\/blockquote>\n<p><span style=\"font-family: verdana, geneva, sans-serif\">Exemplo:<\/span><\/p>\n<blockquote><p><span style=\"font-family: verdana, geneva, sans-serif\">OLIVEIRA, Ana. <strong>Educa\u00e7\u00e3o e tecnologia<\/strong>: um estudo sobre aprendizagem h\u00edbrida. 2023. 156 f. Disserta\u00e7\u00e3o (Mestrado em Educa\u00e7\u00e3o) &#8211; Universidade do Estado do Paran\u00e1, Curitiba, 2023.<\/span><\/p><\/blockquote>\n<p><strong><span style=\"font-family: verdana, geneva, sans-serif\">Formata\u00e7\u00e3o geral<\/span><\/strong><\/p>\n<ul style=\"list-style-type: square\">\n<li><span style=\"font-family: verdana, geneva, sans-serif\">Use letras mai\u00fasculas para sobrenomes dos autores;<\/span><\/li>\n<li><span style=\"font-family: verdana, geneva, sans-serif\">T\u00edtulos em negrito (exceto para artigos de peri\u00f3dicos);<\/span><\/li>\n<li><span style=\"font-family: verdana, geneva, sans-serif\">Subt\u00edtulos separados por dois pontos (:);<\/span><\/li>\n<li><span style=\"font-family: verdana, geneva, sans-serif\">Refer\u00eancias alinhadas \u00e0 esquerda;<\/span><\/li>\n<li><span style=\"font-family: verdana, geneva, sans-serif\">Espa\u00e7amento simples dentro da refer\u00eancia;<\/span><\/li>\n<li><span style=\"font-family: verdana, geneva, sans-serif\">Espa\u00e7amento duplo entre refer\u00eancias.<\/span><\/li>\n<\/ul>\n<p><span style=\"font-family: verdana, geneva, sans-serif\"><strong>Datas<\/strong><\/span><\/p>\n<p><span style=\"font-family: verdana, geneva, sans-serif\">Meses devem ser abreviados (exceto maio), conforme segue:<\/span><\/p>\n<blockquote><p><span style=\"font-family: verdana, geneva, sans-serif\">jan., fev., mar., abr., maio, jun., jul., ago., set., out., nov., dez.<\/span><\/p><\/blockquote>\n<p><strong><span style=\"font-family: verdana, geneva, sans-serif\">Elementos essenciais<\/span><\/strong><\/p>\n<ul style=\"list-style-type: square\">\n<li><span style=\"font-family: verdana, geneva, sans-serif\">Autor (quando houver)<\/span><\/li>\n<li><span style=\"font-family: verdana, geneva, sans-serif\">T\u00edtulo<\/span><\/li>\n<li><span style=\"font-family: verdana, geneva, sans-serif\">Edi\u00e7\u00e3o (se houver)<\/span><\/li>\n<li><span style=\"font-family: verdana, geneva, sans-serif\">Local<\/span><\/li>\n<li><span style=\"font-family: verdana, geneva, sans-serif\">Editora<\/span><\/li>\n<li><span style=\"font-family: verdana, geneva, sans-serif\">Data<\/span><\/li>\n<\/ul>\n<p><strong><span style=\"font-family: verdana, geneva, sans-serif\">Ordena\u00e7\u00e3o das Refer\u00eancias<\/span><\/strong><\/p>\n<ul style=\"list-style-type: square\">\n<li><span style=\"font-family: verdana, geneva, sans-serif\">Ordem alfab\u00e9tica de sobrenome de autor<\/span><\/li>\n<li><span style=\"font-family: verdana, geneva, sans-serif\">Ordem cronol\u00f3gica para obras do mesmo autor<\/span><\/li>\n<li><span style=\"font-family: verdana, geneva, sans-serif\">Obras do mesmo autor no mesmo ano: diferenciadas por letras (2023a, 2023b)<\/span><\/li>\n<\/ul>\n<p><strong><span style=\"font-family: verdana, geneva, sans-serif\">Casos Especiais<\/span><\/strong><\/p>\n<p><span style=\"font-family: verdana, geneva, sans-serif\">Trabalhos sem autor (i<\/span><span style=\"font-family: verdana, geneva, sans-serif\">nicie pela primeira palavra do t\u00edtulo em mai\u00fasculas)<\/span><\/p>\n<p><strong><span style=\"font-family: verdana, geneva, sans-serif\">Documentos jur\u00eddicos<\/span><\/strong><\/p>\n<blockquote><p><span style=\"font-family: verdana, geneva, sans-serif\">JURISDI\u00c7\u00c3O. T\u00edtulo. Numera\u00e7\u00e3o. Local: Editora, ano.<\/span><\/p><\/blockquote>\n<p><strong><span style=\"font-family: verdana, geneva, sans-serif\">Eventos (anais, encontros, proceedings, workshops, etc.)<\/span><\/strong><\/p>\n<blockquote><p><span style=\"font-family: verdana, geneva, sans-serif\">NOME DO EVENTO, n\u00famero., ano, local. T\u00edtulo&#8230; Local: Editora, ano.<\/span><\/p><\/blockquote>\n<p><strong><span style=\"font-family: verdana, geneva, sans-serif\">Dicas<br \/>\n<\/span><\/strong><\/p>\n<ul style=\"list-style-type: square\">\n<li><span style=\"font-family: verdana, geneva, sans-serif\">Verifique se todos os documentos citados no texto est\u00e3o nas refer\u00eancias;<\/span><\/li>\n<li><span style=\"font-family: verdana, geneva, sans-serif\">Mantenha consist\u00eancia no formato em toda a lista;<\/span><\/li>\n<li><span style=\"font-family: verdana, geneva, sans-serif\">Use ferramentas de gerenciamento bibliogr\u00e1fico para auxiliar;<\/span><\/li>\n<li><span style=\"font-family: verdana, geneva, sans-serif\">Revise cuidadosamente a formata\u00e7\u00e3o;<\/span><\/li>\n<li><span style=\"font-family: verdana, geneva, sans-serif\">C<span style=\"font-size: 12pt\">onsulte a norma NBR 6023 em caso de d\u00favidas espec\u00edficas.<\/span><\/span><\/li>\n<\/ul>\n<p><strong><span style=\"font-family: verdana, geneva, sans-serif;font-size: 12pt\">Refer\u00eancia normativa<\/span><\/strong><\/p>\n<p><span style=\"font-family: verdana, geneva, sans-serif;font-size: 12pt\">ASSOCIA\u00c7\u00c3O BRASILEIRA DE NORMAS T\u00c9CNICAS. <b>ABNT NBR 6023<\/b>: Informa\u00e7\u00e3o e documenta\u00e7\u00e3o: refer\u00eancias: elabora\u00e7\u00e3o. Rio de Janeiro: ABNT, 2020.<\/span><\/p>\n","protected":false},"excerpt":{"rendered":"","protected":false},"author":4,"featured_media":0,"parent":790,"menu_order":0,"comment_status":"closed","ping_status":"closed","template":"","meta":{"footnotes":""},"class_list":["post-550","page","type-page","status-publish","hentry"],"_links":{"self":[{"href":"https:\/\/sbu.uenp.edu.br\/clm\/wp-json\/wp\/v2\/pages\/550","targetHints":{"allow":["GET"]}}],"collection":[{"href":"https:\/\/sbu.uenp.edu.br\/clm\/wp-json\/wp\/v2\/pages"}],"about":[{"href":"https:\/\/sbu.uenp.edu.br\/clm\/wp-json\/wp\/v2\/types\/page"}],"author":[{"embeddable":true,"href":"https:\/\/sbu.uenp.edu.br\/clm\/wp-json\/wp\/v2\/users\/4"}],"replies":[{"embeddable":true,"href":"https:\/\/sbu.uenp.edu.br\/clm\/wp-json\/wp\/v2\/comments?post=550"}],"version-history":[{"count":5,"href":"https:\/\/sbu.uenp.edu.br\/clm\/wp-json\/wp\/v2\/pages\/550\/revisions"}],"predecessor-version":[{"id":1142,"href":"https:\/\/sbu.uenp.edu.br\/clm\/wp-json\/wp\/v2\/pages\/550\/revisions\/1142"}],"up":[{"embeddable":true,"href":"https:\/\/sbu.uenp.edu.br\/clm\/wp-json\/wp\/v2\/pages\/790"}],"wp:attachment":[{"href":"https:\/\/sbu.uenp.edu.br\/clm\/wp-json\/wp\/v2\/media?parent=550"}],"curies":[{"name":"wp","href":"https:\/\/api.w.org\/{rel}","templated":true}]}}