{"id":548,"date":"2024-09-19T20:50:09","date_gmt":"2024-09-19T23:50:09","guid":{"rendered":"https:\/\/sbu.uenp.edu.br\/clm\/?page_id=548"},"modified":"2025-05-05T11:02:13","modified_gmt":"2025-05-05T14:02:13","slug":"ciencia-cidada","status":"publish","type":"page","link":"https:\/\/sbu.uenp.edu.br\/clm\/recursos\/ciencia-aberta\/ciencia-cidada\/","title":{"rendered":"Ci\u00eancia Cidad\u00e3"},"content":{"rendered":"<hr \/>\n<p><span style=\"font-family: verdana, geneva, sans-serif\">A <a href=\"https:\/\/sibbr.gov.br\/cienciacidada\/oquee.html\" target=\"_blank\" rel=\"noopener\"><strong>ci\u00eancia cidad\u00e3<\/strong><\/a> \u00e9 uma abordagem que envolve a participa\u00e7\u00e3o ativa do p\u00fablico em geral no processo cient\u00edfico, permitindo que cidad\u00e3os contribuam com dados, observa\u00e7\u00f5es e ideias para pesquisas acad\u00eamicas. Esse conceito visa aproximar a ci\u00eancia da sociedade, oferecendo oportunidades para que pessoas sem forma\u00e7\u00e3o cient\u00edfica formal colaborem em diversas etapas das pesquisas, como a coleta de dados, o monitoramento ambiental ou a an\u00e1lise de resultados. Essa participa\u00e7\u00e3o pode ocorrer em diferentes \u00e1reas do conhecimento, desde ci\u00eancias naturais at\u00e9 ci\u00eancias sociais, e \u00e9 facilitada pelo uso de tecnologias digitais, como aplicativos e plataformas online.<\/span><\/p>\n<p><span style=\"font-family: verdana, geneva, sans-serif\">Um dos principais benef\u00edcios da ci\u00eancia cidad\u00e3 \u00e9 o aumento da conscientiza\u00e7\u00e3o p\u00fablica sobre quest\u00f5es cient\u00edficas e ambientais, ao mesmo tempo que proporciona uma troca enriquecedora entre cientistas e cidad\u00e3os. Projetos de ci\u00eancia cidad\u00e3 podem abranger temas como a conserva\u00e7\u00e3o da biodiversidade, o monitoramento de qualidade do ar e da \u00e1gua, e at\u00e9 mesmo estudos astron\u00f4micos. Ao envolver o p\u00fablico, as pesquisas ganham em escala e diversidade de dados, al\u00e9m de fomentar um maior engajamento social com temas de relev\u00e2ncia global.<\/span><\/p>\n<p><span style=\"font-family: verdana, geneva, sans-serif\"><strong>Como a BCLM pode contribuir com a ci\u00eancia cidad\u00e3?<\/strong><\/span><\/p>\n<p><span style=\"font-family: verdana, geneva, sans-serif\">A Biblioteca deve desempenhar um papel importante na promo\u00e7\u00e3o da ci\u00eancia cidad\u00e3 ao fornecer recursos, ferramentas e orienta\u00e7\u00e3o para que a comunidade acad\u00eamica e o p\u00fablico em geral possam participar de projetos cient\u00edficos. A BCLM busca, por exemplo, divulgar iniciativas de ci\u00eancia cidad\u00e3 em andamento, oferecer capacita\u00e7\u00e3o em ferramentas digitais de coleta de dados e disponibilizar materiais de apoio para que os cidad\u00e3os possam contribuir de forma qualificada. Ao apoiar esses projetos, fortalecemos o elo entre ci\u00eancia e sociedade, contribuindo para o desenvolvimento de uma ci\u00eancia mais inclusiva e participativa.<\/span><\/p>\n","protected":false},"excerpt":{"rendered":"","protected":false},"author":4,"featured_media":0,"parent":273,"menu_order":0,"comment_status":"closed","ping_status":"closed","template":"","meta":{"footnotes":""},"class_list":["post-548","page","type-page","status-publish","hentry"],"_links":{"self":[{"href":"https:\/\/sbu.uenp.edu.br\/clm\/wp-json\/wp\/v2\/pages\/548","targetHints":{"allow":["GET"]}}],"collection":[{"href":"https:\/\/sbu.uenp.edu.br\/clm\/wp-json\/wp\/v2\/pages"}],"about":[{"href":"https:\/\/sbu.uenp.edu.br\/clm\/wp-json\/wp\/v2\/types\/page"}],"author":[{"embeddable":true,"href":"https:\/\/sbu.uenp.edu.br\/clm\/wp-json\/wp\/v2\/users\/4"}],"replies":[{"embeddable":true,"href":"https:\/\/sbu.uenp.edu.br\/clm\/wp-json\/wp\/v2\/comments?post=548"}],"version-history":[{"count":5,"href":"https:\/\/sbu.uenp.edu.br\/clm\/wp-json\/wp\/v2\/pages\/548\/revisions"}],"predecessor-version":[{"id":1514,"href":"https:\/\/sbu.uenp.edu.br\/clm\/wp-json\/wp\/v2\/pages\/548\/revisions\/1514"}],"up":[{"embeddable":true,"href":"https:\/\/sbu.uenp.edu.br\/clm\/wp-json\/wp\/v2\/pages\/273"}],"wp:attachment":[{"href":"https:\/\/sbu.uenp.edu.br\/clm\/wp-json\/wp\/v2\/media?parent=548"}],"curies":[{"name":"wp","href":"https:\/\/api.w.org\/{rel}","templated":true}]}}