{"id":535,"date":"2024-09-19T20:36:17","date_gmt":"2024-09-19T23:36:17","guid":{"rendered":"https:\/\/sbu.uenp.edu.br\/clm\/?page_id=535"},"modified":"2026-03-11T11:42:41","modified_gmt":"2026-03-11T14:42:41","slug":"modelos","status":"publish","type":"page","link":"https:\/\/sbu.uenp.edu.br\/clm\/orientacoes\/normas-academicas\/abnt\/modelos\/","title":{"rendered":"Modelos para Trabalhos Acad\u00eamicos"},"content":{"rendered":"<hr \/>\n<p><span style=\"font-family: verdana, geneva, sans-serif\">A padroniza\u00e7\u00e3o institucional de modelos para trabalhos acad\u00eamicos \u00e9 essencial para garantir uniformidade, qualidade e organiza\u00e7\u00e3o nas produ\u00e7\u00f5es acad\u00eamicas. Ao seguir normas de formata\u00e7\u00e3o como a ABNT, os trabalhos se tornam mais f\u00e1ceis de ler e avaliar, promovendo a credibilidade e a correta utiliza\u00e7\u00e3o de refer\u00eancias, al\u00e9m de reduzir o risco de pl\u00e1gio. Para bibliotecas, essa padroniza\u00e7\u00e3o facilita a cataloga\u00e7\u00e3o e o acesso \u00e0 informa\u00e7\u00e3o, beneficiando tanto os estudantes quanto os pesquisadores.<\/span><\/p>\n<p><span style=\"font-family: verdana, geneva, sans-serif\">Al\u00e9m disso, a padroniza\u00e7\u00e3o contribui para a forma\u00e7\u00e3o acad\u00eamica, incentivando os estudantes a desenvolverem habilidades metodol\u00f3gicas importantes. Ela tamb\u00e9m reflete a identidade institucional e assegura comparabilidade justa entre os trabalhos, garantindo que todos sigam as mesmas diretrizes e apresentem uma estrutura clara e coesa.<\/span><\/p>\n<p><span style=\"font-family: verdana, geneva, sans-serif\">Dessa forma, os modelos sugeridos<strong>*<\/strong> pela BCLM encontram-se dispostos a seguir:<\/span><\/p>\n<p><span style=\"font-family: verdana, geneva, sans-serif\"><strong>Capa e folha de rosto<\/strong><\/span><\/p>\n<ul style=\"list-style-type: square\">\n<li><span style=\"font-family: verdana, geneva, sans-serif\">Geral \u2013 adapt\u00e1vel a todos os cursos (dispon\u00edvel para baixar via <a href=\"https:\/\/docs.google.com\/document\/d\/1WG0EMHdI85czmQm70fXOs2Zx801CH15X\/edit?usp=sharing&amp;ouid=108784310434903709377&amp;rtpof=true&amp;sd=true\" target=\"_blank\" rel=\"noopener\"><strong>Google Docs<\/strong><\/a> e <a href=\"https:\/\/www.overleaf.com\/latex\/templates\/capa-e-folha-de-rosto-universidade-estadual-do-norte-do-parana-uenp\/szcxrvzpxmmp\" target=\"_blank\" rel=\"noopener\"><strong>LaTeX<\/strong><\/a>)<\/span><\/li>\n<\/ul>\n<p><span style=\"font-family: verdana, geneva, sans-serif\"><strong>Relat\u00f3rios<\/strong><\/span><\/p>\n<ul style=\"list-style-type: square\">\n<li><span style=\"font-family: verdana, geneva, sans-serif\">Agronomia <span data-huuid=\"15342685387372411009\">\u2014<\/span> Bioqu\u00edmica (dispon\u00edvel para baixar via <strong><a href=\"https:\/\/docs.google.com\/document\/d\/1LvghAy8eea2lZiqfmemSujN_6kJn4FyS\/edit?usp=sharing&amp;ouid=108784310434903709377&amp;rtpof=true&amp;sd=true\" target=\"_blank\" rel=\"noopener\">Google Docs<\/a><\/strong>)<\/span><\/li>\n<li><span style=\"font-family: verdana, geneva, sans-serif\">Agronomia <span data-huuid=\"15342685387372411009\">\u2014<\/span> Fisiologia Vegetal (dispon\u00edvel para baixar via <strong><a href=\"https:\/\/docs.google.com\/document\/d\/1JaRNhmcqUblw18GdNG-sbovXzY7zq_Ld\/edit?usp=sharing&amp;ouid=108784310434903709377&amp;rtpof=true&amp;sd=true\">Google Docs<\/a><\/strong>)<\/span><\/li>\n<li><span style=\"font-family: verdana, geneva, sans-serif\">Agronomia <span data-huuid=\"15342685387372411009\">\u2014<\/span> Tecnologia de aplica\u00e7\u00e3o de produtos fitossanit\u00e1rios (dispon\u00edvel para baixar via <strong><a href=\"https:\/\/docs.google.com\/document\/d\/134wYr9iphZgHQhsdosH8Rl7QiithGJNa\/edit?usp=sharing&amp;ouid=108784310434903709377&amp;rtpof=true&amp;sd=true\">Google Docs<\/a><\/strong>)<\/span><\/li>\n<li><span style=\"font-family: verdana, geneva, sans-serif\">Medicina Veterin\u00e1ria <span data-huuid=\"15342685387372411009\">\u2014<\/span> Bioqu\u00edmica (dispon\u00edvel para baixar via <a href=\"https:\/\/docs.google.com\/document\/d\/1i2pk3Ba0RH3JA1xO9FQxW8KihfxQ0MgK\/edit?usp=sharing&amp;ouid=108784310434903709377&amp;rtpof=true&amp;sd=true\" target=\"_blank\" rel=\"noopener\"><strong>Google Docs<\/strong><\/a>)<\/span><\/li>\n<\/ul>\n<p><span style=\"font-family: verdana, geneva, sans-serif\"><strong>Trabalho de Conclus\u00e3o de Curso<\/strong><\/span><\/p>\n<ul style=\"list-style-type: square\">\n<li><span style=\"font-family: verdana, geneva, sans-serif\">Agronomia (dispon\u00edvel para baixar via <strong><a href=\"https:\/\/docs.google.com\/document\/d\/19sK1Y4pwl1B1I6M0aJc-BNwDxqhjOSGT\/edit?usp=sharing&amp;ouid=108784310434903709377&amp;rtpof=true&amp;sd=true\" target=\"_blank\" rel=\"noopener\">Google Docs<\/a><\/strong>)<\/span><\/li>\n<li><span style=\"font-family: verdana, geneva, sans-serif\">Ci\u00eancia da Computa\u00e7\u00e3o (dispon\u00edvel para baixar via <strong><a href=\"https:\/\/docs.google.com\/document\/d\/1JI75dA03pLwfCXOK7cALjnlV2HcNZU_9\/edit?usp=sharing&amp;ouid=108784310434903709377&amp;rtpof=true&amp;sd=true\" target=\"_blank\" rel=\"noopener\">Google Docs<\/a><\/strong> e <strong><a href=\"https:\/\/www.overleaf.com\/latex\/templates\/tcc-ciencia-da-computacao-universidade-estadual-do-norte-do-parana-uenp\/xzcvffsdmtwd\" target=\"_blank\" rel=\"noopener\">LaTeX<\/a><\/strong>)<\/span><\/li>\n<li><span style=\"font-family: verdana, geneva, sans-serif\">Ci\u00eancias Biol\u00f3gicas (dispon\u00edvel para baixar via <strong><a href=\"https:\/\/docs.google.com\/document\/d\/1-2gAbHS9nJl8PT0sjDYvBaZMzTa1iLjF\/edit?usp=sharing&amp;ouid=108784310434903709377&amp;rtpof=true&amp;sd=true\" target=\"_blank\" rel=\"noopener\">Google Docs<\/a><\/strong>)<\/span><\/li>\n<li><span style=\"font-family: verdana, geneva, sans-serif\">Enfermagem (dispon\u00edvel para baixar via <a href=\"https:\/\/docs.google.com\/document\/d\/120ZG2xwNW0jdLBzu7xfzM-J5RM84Xcku\/edit?usp=sharing&amp;ouid=108784310434903709377&amp;rtpof=true&amp;sd=true\" target=\"_blank\" rel=\"noopener\"><strong>Google Docs<\/strong><\/a>)<\/span><\/li>\n<li><span style=\"font-family: verdana, geneva, sans-serif\">Medicina Veterin\u00e1ria (dispon\u00edvel para baixar via <a href=\"https:\/\/docs.google.com\/document\/d\/1xbJrKxJFl682aLp9S51z0uWIE9AJe9q5\/edit?usp=sharing&amp;ouid=108784310434903709377&amp;rtpof=true&amp;sd=true\" target=\"_blank\" rel=\"noopener\"><strong>Google Docs<\/strong><\/a>)<\/span><\/li>\n<\/ul>\n<p><span style=\"font-family: verdana, geneva, sans-serif\"><strong>Trabalho de Conclus\u00e3o de Resid\u00eancia<\/strong><\/span><\/p>\n<ul style=\"list-style-type: square\">\n<li><span style=\"font-family: verdana, geneva, sans-serif\">Medicina Veterin\u00e1ria (dispon\u00edvel para baixar via <a href=\"https:\/\/docs.google.com\/document\/d\/1R_ChO-9t33PhiNBUutGSp8PAx0QRbeZM\/edit?usp=sharing&amp;ouid=108784310434903709377&amp;rtpof=true&amp;sd=true\" target=\"_blank\" rel=\"noopener\"><strong>Google Docs<\/strong><\/a>)<\/span><\/li>\n<\/ul>\n<p><span style=\"font-family: verdana, geneva, sans-serif\"><strong>Disserta\u00e7\u00e3o<\/strong><\/span><\/p>\n<ul style=\"list-style-type: square\">\n<li><span style=\"font-family: verdana, geneva, sans-serif\">Programa de P\u00f3s-Gradua\u00e7\u00e3o em Agronomia (dispon\u00edvel para baixar via <a href=\"https:\/\/docs.google.com\/document\/d\/19ydbUKECI43yefGvTgYUjcNC44BDLKdw\/edit?usp=sharing&amp;ouid=108784310434903709377&amp;rtpof=true&amp;sd=true\" target=\"_blank\" rel=\"noopener\"><strong>Google Docs<\/strong><\/a>)<\/span><\/li>\n<li><span style=\"font-family: verdana, geneva, sans-serif\">Progr<span style=\"font-size: 12pt\">ama de P\u00f3s-Gradua\u00e7\u00e3o em Enfermagem em Aten\u00e7\u00e3o Prim\u00e1ria \u00e0 Sa\u00fade (dispon\u00edvel para baixar via <a href=\"https:\/\/docs.google.com\/document\/d\/1XeGNcttvLdnxFxohxaW5qONFfXCWKWRc\/edit?usp=sharing&amp;ouid=108784310434903709377&amp;rtpof=true&amp;sd=true\" target=\"_blank\" rel=\"noopener\"><strong>Google Docs<\/strong><\/a>)<\/span><\/span><\/li>\n<li><span style=\"font-family: verdana, geneva, sans-serif;font-size: 12pt\">Programa de P\u00f3s-Gradua\u00e7\u00e3o em Produ\u00e7\u00e3o Agropecu\u00e1ria Sustent\u00e1vel (dispon\u00edvel para baixar via <a href=\"https:\/\/docs.google.com\/document\/d\/1bSjL2LjA8ihXO5u4EH7dN7PtmgpyHwgy\/edit?usp=sharing&amp;ouid=108784310434903709377&amp;rtpof=true&amp;sd=true\" target=\"_blank\" rel=\"noopener\"><strong>Google Docs<\/strong><\/a>)<\/span><\/li>\n<\/ul>\n<p><span style=\"font-family: verdana, geneva, sans-serif;font-size: 12pt\"><strong>*<\/strong> Os modelos configuram-se como sugest\u00f5es, devido \u00e0s Coordena\u00e7\u00f5es dos TCCs e Programas de P\u00f3s-gradua\u00e7\u00e3o contarem com autonomia para adotar ou n\u00e3o a vers\u00e3o sugerida pela Biblioteca.<\/span><\/p>\n<p><span style=\"font-family: verdana, geneva, sans-serif;font-size: 12pt\"><strong>Refer\u00eancias normativas<\/strong><\/span><\/p>\n<ul style=\"list-style-type: square\">\n<li><span style=\"font-family: verdana, geneva, sans-serif\"><span style=\"font-size: 12pt\">ASSOCIA\u00c7\u00c3O BR<\/span>ASILEIRA DE NORMAS T\u00c9CNICAS. <a href=\"https:\/\/www.abntcatalogo.com.br\/pnm.aspx?Q=WG0yV1hVVWdQeWE1UGtQQzJpaytiWDNSWHZoY29LR3laUW50U0tWWXRTaz0=\" target=\"_blank\" rel=\"noopener\"><b>ABNT NBR 10520<\/b><\/a>: Informa\u00e7\u00e3o e documenta\u00e7\u00e3o: cita\u00e7\u00f5es em documentos: apresenta\u00e7\u00e3o. Rio de Janeiro: ABNT, 2023.<\/span><\/li>\n<li><span style=\"font-family: verdana, geneva, sans-serif\">ASSOCIA\u00c7\u00c3O BRASILEIRA DE NORMAS T\u00c9CNICAS. <a href=\"https:\/\/www.abntcatalogo.com.br\/pnm.aspx?Q=d2M4ZGRuQVRDM1UvSXFjaENBbVZuRlRlQS9jV3NBMzdkaGpRQ0lHei9DUT0=\" target=\"_blank\" rel=\"noopener\"><b>ABNT NBR 14724<\/b><\/a>: Informa\u00e7\u00e3o e documenta\u00e7\u00e3o: trabalhos acad\u00eamicos: apresenta\u00e7\u00e3o. Rio de Janeiro: ABNT, 2024.<\/span><\/li>\n<li><span style=\"font-family: verdana, geneva, sans-serif\">ASSOCIA\u00c7\u00c3O BRASILEIRA DE NORMAS T\u00c9CNICAS. <a href=\"https:\/\/www.abntcatalogo.com.br\/pnm.aspx?Q=aDRESk82NGxTRHptZ0Fjdi9PV2s1c0VDUTlFMmdwSEhWV2dISVlFakFwRT0=\" target=\"_blank\" rel=\"noopener\"><b>ABNT NBR 6023<\/b><\/a>: Informa\u00e7\u00e3o e documenta\u00e7\u00e3o: refer\u00eancias: elabora\u00e7\u00e3o. Rio de Janeiro: ABNT, 2020.<\/span><\/li>\n<li><span style=\"font-family: verdana, geneva, sans-serif\">ASSOCIA\u00c7\u00c3O BRASILEIRA DE NORMAS T\u00c9CNICAS. <a href=\"https:\/\/www.abntcatalogo.com.br\/pnm.aspx?Q=a1lrbFl3K3JibFVIWjhlUnJYc1FmNW9iU1Y2aVc1M0xOVUsyK2RvVVgxZz0=\" target=\"_blank\" rel=\"noopener\"><b>ABNT NBR 6028<\/b><\/a>: Informa\u00e7\u00e3o e documenta\u00e7\u00e3o: resumo, resenha e recens\u00e3o: apresenta\u00e7\u00e3o. Rio de Janeiro: ABNT, 2021.<\/span><\/li>\n<\/ul>\n","protected":false},"excerpt":{"rendered":"","protected":false},"author":4,"featured_media":0,"parent":790,"menu_order":0,"comment_status":"closed","ping_status":"closed","template":"","meta":{"footnotes":""},"class_list":["post-535","page","type-page","status-publish","hentry"],"_links":{"self":[{"href":"https:\/\/sbu.uenp.edu.br\/clm\/wp-json\/wp\/v2\/pages\/535","targetHints":{"allow":["GET"]}}],"collection":[{"href":"https:\/\/sbu.uenp.edu.br\/clm\/wp-json\/wp\/v2\/pages"}],"about":[{"href":"https:\/\/sbu.uenp.edu.br\/clm\/wp-json\/wp\/v2\/types\/page"}],"author":[{"embeddable":true,"href":"https:\/\/sbu.uenp.edu.br\/clm\/wp-json\/wp\/v2\/users\/4"}],"replies":[{"embeddable":true,"href":"https:\/\/sbu.uenp.edu.br\/clm\/wp-json\/wp\/v2\/comments?post=535"}],"version-history":[{"count":30,"href":"https:\/\/sbu.uenp.edu.br\/clm\/wp-json\/wp\/v2\/pages\/535\/revisions"}],"predecessor-version":[{"id":1997,"href":"https:\/\/sbu.uenp.edu.br\/clm\/wp-json\/wp\/v2\/pages\/535\/revisions\/1997"}],"up":[{"embeddable":true,"href":"https:\/\/sbu.uenp.edu.br\/clm\/wp-json\/wp\/v2\/pages\/790"}],"wp:attachment":[{"href":"https:\/\/sbu.uenp.edu.br\/clm\/wp-json\/wp\/v2\/media?parent=535"}],"curies":[{"name":"wp","href":"https:\/\/api.w.org\/{rel}","templated":true}]}}