{"id":508,"date":"2024-09-19T19:56:42","date_gmt":"2024-09-19T22:56:42","guid":{"rendered":"https:\/\/sbu.uenp.edu.br\/clm\/?page_id=508"},"modified":"2025-05-05T11:03:30","modified_gmt":"2025-05-05T14:03:30","slug":"curriculo-lattes","status":"publish","type":"page","link":"https:\/\/sbu.uenp.edu.br\/clm\/recursos\/curriculo-lattes\/","title":{"rendered":"Curr\u00edculo Lattes"},"content":{"rendered":"<hr \/>\n<p><span style=\"font-family: verdana, geneva, sans-serif\">A <a href=\"https:\/\/lattes.cnpq.br\/\" target=\"_blank\" rel=\"noopener\"><strong>Plataforma Lattes<\/strong><\/a> \u00e9 um sistema de curr\u00edculos e banco de dados desenvolvido e mantido pelo Conselho Nacional de Desenvolvimento Cient\u00edfico e Tecnol\u00f3gico (<a href=\"https:\/\/www.gov.br\/cnpq\/pt-br\" target=\"_blank\" rel=\"noopener\"><strong>CNPq<\/strong><\/a>), no Brasil. Criada em 1999, a plataforma se consolidou como uma das principais ferramentas para reunir informa\u00e7\u00f5es sobre a produ\u00e7\u00e3o acad\u00eamica, cient\u00edfica e tecnol\u00f3gica de pesquisadores brasileiros e institui\u00e7\u00f5es de ensino e pesquisa. O Curr\u00edculo Lattes, componente mais conhecido da plataforma, \u00e9 utilizado por pesquisadores de diversas \u00e1reas para registrar suas publica\u00e7\u00f5es, projetos, orienta\u00e7\u00f5es, pr\u00eamios e outras atividades relacionadas \u00e0 carreira acad\u00eamica. Dessa forma, a plataforma se tornou uma refer\u00eancia para a avalia\u00e7\u00e3o de pesquisadores em processos de sele\u00e7\u00e3o de bolsas, editais e concursos p\u00fablicos.<\/span><\/p>\n<p><span style=\"font-family: verdana, geneva, sans-serif\">Um dos principais pontos fortes da Plataforma Lattes \u00e9 sua abrang\u00eancia e integra\u00e7\u00e3o. Ao centralizar os dados de pesquisadores e institui\u00e7\u00f5es, ela facilita o acesso \u00e0 informa\u00e7\u00e3o cient\u00edfica para ag\u00eancias de fomento, universidades e demais \u00f3rg\u00e3os ligados \u00e0 ci\u00eancia e tecnologia. Al\u00e9m disso, a plataforma serve como uma base para a an\u00e1lise de indicadores de desempenho cient\u00edfico do Brasil, permitindo que gestores e formuladores de pol\u00edticas p\u00fablicas identifiquem tend\u00eancias, lacunas e \u00e1reas de destaque na produ\u00e7\u00e3o acad\u00eamica nacional. Ao longo dos anos, o Curr\u00edculo Lattes tamb\u00e9m se tornou uma exig\u00eancia para a submiss\u00e3o de projetos de pesquisa a ag\u00eancias como o CNPq, a <a href=\"https:\/\/www.gov.br\/capes\/pt-br\" target=\"_blank\" rel=\"noopener\"><strong>CAPES<\/strong><\/a> e outras ag\u00eancias de fomento, refor\u00e7ando seu papel como um padr\u00e3o no sistema cient\u00edfico brasileiro.<\/span><\/p>\n<p><span style=\"font-family: verdana, geneva, sans-serif\">Al\u00e9m de seu uso institucional e cient\u00edfico, a Plataforma Lattes desempenha um papel importante na visibilidade dos pesquisadores. Ao manter seus curr\u00edculos atualizados na plataforma, pesquisadores podem demonstrar de forma transparente sua trajet\u00f3ria acad\u00eamica, publica\u00e7\u00f5es e colabora\u00e7\u00f5es cient\u00edficas. A plataforma tamb\u00e9m contribui para a internacionaliza\u00e7\u00e3o da ci\u00eancia brasileira, pois facilita o acesso de pesquisadores estrangeiros e institui\u00e7\u00f5es internacionais ao curr\u00edculo de cientistas brasileiros, promovendo interc\u00e2mbios e colabora\u00e7\u00f5es. Em um contexto de crescente digitaliza\u00e7\u00e3o da ci\u00eancia, a Plataforma Lattes continua a ser um dos principais instrumentos de gest\u00e3o e promo\u00e7\u00e3o da ci\u00eancia e tecnologia no Brasil.<\/span><\/p>\n","protected":false},"excerpt":{"rendered":"","protected":false},"author":4,"featured_media":0,"parent":546,"menu_order":0,"comment_status":"closed","ping_status":"closed","template":"","meta":{"footnotes":""},"class_list":["post-508","page","type-page","status-publish","hentry"],"_links":{"self":[{"href":"https:\/\/sbu.uenp.edu.br\/clm\/wp-json\/wp\/v2\/pages\/508","targetHints":{"allow":["GET"]}}],"collection":[{"href":"https:\/\/sbu.uenp.edu.br\/clm\/wp-json\/wp\/v2\/pages"}],"about":[{"href":"https:\/\/sbu.uenp.edu.br\/clm\/wp-json\/wp\/v2\/types\/page"}],"author":[{"embeddable":true,"href":"https:\/\/sbu.uenp.edu.br\/clm\/wp-json\/wp\/v2\/users\/4"}],"replies":[{"embeddable":true,"href":"https:\/\/sbu.uenp.edu.br\/clm\/wp-json\/wp\/v2\/comments?post=508"}],"version-history":[{"count":4,"href":"https:\/\/sbu.uenp.edu.br\/clm\/wp-json\/wp\/v2\/pages\/508\/revisions"}],"predecessor-version":[{"id":1517,"href":"https:\/\/sbu.uenp.edu.br\/clm\/wp-json\/wp\/v2\/pages\/508\/revisions\/1517"}],"up":[{"embeddable":true,"href":"https:\/\/sbu.uenp.edu.br\/clm\/wp-json\/wp\/v2\/pages\/546"}],"wp:attachment":[{"href":"https:\/\/sbu.uenp.edu.br\/clm\/wp-json\/wp\/v2\/media?parent=508"}],"curies":[{"name":"wp","href":"https:\/\/api.w.org\/{rel}","templated":true}]}}