{"id":506,"date":"2024-09-19T19:52:51","date_gmt":"2024-09-19T22:52:51","guid":{"rendered":"https:\/\/sbu.uenp.edu.br\/clm\/?page_id=506"},"modified":"2025-07-07T07:48:52","modified_gmt":"2025-07-07T10:48:52","slug":"minha-biblioteca","status":"publish","type":"page","link":"https:\/\/sbu.uenp.edu.br\/clm\/fontes\/minha-biblioteca\/","title":{"rendered":"Minha Biblioteca"},"content":{"rendered":"<hr \/>\n<p><a href=\"https:\/\/dliportal.zbra.com.br\/Login.aspx?key=UENP\"><img loading=\"lazy\" decoding=\"async\" class=\"alignright wp-image-722 size-full\" src=\"https:\/\/sbu.uenp.edu.br\/clm\/wp-content\/uploads\/sites\/24\/2024\/09\/MB-logo250x250.7f18478c01014d9cb094.webp\" alt=\"\" width=\"250\" height=\"250\" srcset=\"https:\/\/sbu.uenp.edu.br\/clm\/wp-content\/uploads\/sites\/24\/2024\/09\/MB-logo250x250.7f18478c01014d9cb094.webp 250w, https:\/\/sbu.uenp.edu.br\/clm\/wp-content\/uploads\/sites\/24\/2024\/09\/MB-logo250x250.7f18478c01014d9cb094-150x150.webp 150w\" sizes=\"auto, (max-width: 250px) 100vw, 250px\" \/><\/a><\/p>\n<p><span style=\"font-family: verdana, geneva, sans-serif\">\u00c9 uma plataforma digital que oferece acesso a livros acad\u00eamicos em formato eletr\u00f4nico, bastante utilizada por institui\u00e7\u00f5es de ensino superior no Brasil. O seu cat\u00e1logo \u00e9 amplo e diversificado, abrangendo v\u00e1rias \u00e1reas do conhecimento, como ci\u00eancias humanas, exatas, sa\u00fade, engenharia e neg\u00f3cios, entre outras.<\/span><\/p>\n<p><span style=\"font-family: verdana, geneva, sans-serif\">A plataforma permite o acesso remoto, possibilitando que os usu\u00e1rios consultem os livros de qualquer lugar e a qualquer momento, desde que estejam conectados \u00e0 internet. Al\u00e9m disso, a leitura pode ser feita em diferentes dispositivos, como computadores, tablets e smartphones, o que torna o uso flex\u00edvel e acess\u00edvel.<\/span><\/p>\n<p><span style=\"font-family: verdana, geneva, sans-serif\">Entre os recursos oferecidos pela <strong><a href=\"https:\/\/minhabiblioteca.com.br\/\" target=\"_blank\" rel=\"noopener\">Minha Biblioteca<\/a><\/strong>, est\u00e3o ferramentas que auxiliam no estudo, como a possibilidade de fazer marca\u00e7\u00f5es, anota\u00e7\u00f5es, destacar textos e criar listas de livros favoritos, facilitando a organiza\u00e7\u00e3o do material de leitura. A plataforma tamb\u00e9m conta com uma busca avan\u00e7ada, que permite localizar conte\u00fados por palavras-chave, t\u00edtulo, autor ou assunto, otimizando a pesquisa no acervo.<\/span><\/p>\n<p><span style=\"font-family: verdana, geneva, sans-serif\">Caso algum membro da Comunidade Acad\u00eamica da BCLM queira um cadastro na <a href=\"https:\/\/minhabiblioteca.com.br\/\" target=\"_blank\" rel=\"noopener\"><strong>Minha Biblioteca<\/strong><\/a>, \u00e9 necess\u00e1rio se inscrever em edital espec\u00edfico publicado semestralmente pela Reitoria. O n\u00famero total de licen\u00e7as dispon\u00edveis para a Comunidade UENP diz respeito a aproximadamente 30% do n\u00famero total de discentes matriculados na Institui\u00e7\u00e3o.<\/span><\/p>\n<p><span style=\"font-family: verdana, geneva, sans-serif\">Aos membros da Comunidade CLM-UENP que possuam acesso \u00e0 Minha Biblioteca, podem acessar a plataforma clicando <strong><a href=\"https:\/\/dliportal.zbra.com.br\/Login.aspx?key=UENP\" target=\"_blank\" rel=\"noopener\">aqui<\/a><\/strong>.<\/span><\/p>\n<p><span style=\"font-family: verdana, geneva, sans-serif\">A Minha Biblioteca conta tamb\u00e9m como um aplicativo para os sistemas <a href=\"https:\/\/play.google.com\/store\/apps\/details?id=com.minha.biblioteca&amp;hl=pt_BR\" target=\"_blank\" rel=\"noopener\"><strong>Android<\/strong><\/a> e <a href=\"https:\/\/apps.apple.com\/br\/app\/minha-biblioteca\/id1467409368\" target=\"_blank\" rel=\"noopener\"><strong>iOS<\/strong><\/a>. Baixe agora mesmo!<\/span><\/p>\n<p><span style=\"font-family: verdana, geneva, sans-serif\"><strong>\u00daltimo edital publicado pela Reitoria<\/strong>: 21 de maio de 2025.<\/span><\/p>\n<p>&nbsp;<\/p>\n","protected":false},"excerpt":{"rendered":"","protected":false},"author":4,"featured_media":0,"parent":490,"menu_order":0,"comment_status":"closed","ping_status":"closed","template":"","meta":{"footnotes":""},"class_list":["post-506","page","type-page","status-publish","hentry"],"_links":{"self":[{"href":"https:\/\/sbu.uenp.edu.br\/clm\/wp-json\/wp\/v2\/pages\/506","targetHints":{"allow":["GET"]}}],"collection":[{"href":"https:\/\/sbu.uenp.edu.br\/clm\/wp-json\/wp\/v2\/pages"}],"about":[{"href":"https:\/\/sbu.uenp.edu.br\/clm\/wp-json\/wp\/v2\/types\/page"}],"author":[{"embeddable":true,"href":"https:\/\/sbu.uenp.edu.br\/clm\/wp-json\/wp\/v2\/users\/4"}],"replies":[{"embeddable":true,"href":"https:\/\/sbu.uenp.edu.br\/clm\/wp-json\/wp\/v2\/comments?post=506"}],"version-history":[{"count":11,"href":"https:\/\/sbu.uenp.edu.br\/clm\/wp-json\/wp\/v2\/pages\/506\/revisions"}],"predecessor-version":[{"id":1733,"href":"https:\/\/sbu.uenp.edu.br\/clm\/wp-json\/wp\/v2\/pages\/506\/revisions\/1733"}],"up":[{"embeddable":true,"href":"https:\/\/sbu.uenp.edu.br\/clm\/wp-json\/wp\/v2\/pages\/490"}],"wp:attachment":[{"href":"https:\/\/sbu.uenp.edu.br\/clm\/wp-json\/wp\/v2\/media?parent=506"}],"curies":[{"name":"wp","href":"https:\/\/api.w.org\/{rel}","templated":true}]}}