{"id":499,"date":"2024-09-19T19:44:36","date_gmt":"2024-09-19T22:44:36","guid":{"rendered":"https:\/\/sbu.uenp.edu.br\/clm\/?page_id=499"},"modified":"2025-05-05T09:45:52","modified_gmt":"2025-05-05T12:45:52","slug":"repositorios-institucionais","status":"publish","type":"page","link":"https:\/\/sbu.uenp.edu.br\/clm\/fontes\/repositorios-digitais\/repositorios-institucionais\/","title":{"rendered":"Reposit\u00f3rios Institucionais"},"content":{"rendered":"<hr \/>\n<p><span style=\"font-family: verdana, geneva, sans-serif\">Os Reposit\u00f3rios Institucionais (RI) s\u00e3o plataformas digitais desenvolvidas por universidades e centros de pesquisa com o objetivo de reunir, preservar e disponibilizar a produ\u00e7\u00e3o cient\u00edfica de sua comunidade acad\u00eamica. Neles, s\u00e3o armazenados documentos como artigos, teses, disserta\u00e7\u00f5es, monografias, entre outros tipos de trabalhos acad\u00eamicos. Ao centralizar e organizar esses materiais, os reposit\u00f3rios institucionais ampliam a visibilidade da produ\u00e7\u00e3o intelectual de docentes e discentes, facilitando o acesso ao conhecimento gerado dentro das institui\u00e7\u00f5es.<\/span><\/p>\n<p><span style=\"font-family: verdana, geneva, sans-serif\">Al\u00e9m de promoverem a dissemina\u00e7\u00e3o do conhecimento, os RIs t\u00eam uma fun\u00e7\u00e3o estrat\u00e9gica para as universidades, pois s\u00e3o uma forma de preservar a mem\u00f3ria acad\u00eamica. Ao longo do tempo, esses espa\u00e7os digitais garantem a preserva\u00e7\u00e3o de documentos, mesmo em meio \u00e0 r\u00e1pida evolu\u00e7\u00e3o tecnol\u00f3gica, tornando a produ\u00e7\u00e3o cient\u00edfica acess\u00edvel para futuras gera\u00e7\u00f5es. Esses reposit\u00f3rios tamb\u00e9m contribuem para que as universidades cumpram com pol\u00edticas de ci\u00eancia aberta e de acesso livre, ao oferecerem material acad\u00eamico sem custos e barreiras de acesso.<\/span><\/p>\n<p><span style=\"font-family: verdana, geneva, sans-serif\">Os RIs tamb\u00e9m possuem um importante papel no fortalecimento da colabora\u00e7\u00e3o acad\u00eamica. Ao tornarem vis\u00edveis os trabalhos desenvolvidos internamente, eles facilitam o interc\u00e2mbio de informa\u00e7\u00f5es entre pesquisadores de diferentes institui\u00e7\u00f5es e pa\u00edses. Isso fomenta a inova\u00e7\u00e3o e o avan\u00e7o cient\u00edfico, al\u00e9m de contribuir para o aumento das cita\u00e7\u00f5es de trabalhos e para a reputa\u00e7\u00e3o acad\u00eamica da institui\u00e7\u00e3o.<\/span><\/p>\n<p><span style=\"font-family: verdana, geneva, sans-serif\">A seguir, veja alguns RIs confi\u00e1veis que podem servir como uma importante fonte de informa\u00e7\u00e3o para suas buscas na Web:<\/span><\/p>\n<ul style=\"list-style-type: square\">\n<li><span style=\"font-family: verdana, geneva, sans-serif\">Reposit\u00f3rio Institucional do Instituto Federal de Rond\u00f4nia (<a href=\"https:\/\/repositorio.ifro.edu.br\/\" target=\"_blank\" rel=\"noopener\"><strong>IFRO<\/strong><\/a>)<\/span><\/li>\n<li><span style=\"font-family: verdana, geneva, sans-serif\">Reposit\u00f3rio Institucional da Universidade de Bras\u00edlia (<a href=\"https:\/\/repositorio.unb.br\/jspui\/\" target=\"_blank\" rel=\"noopener\"><strong>RIUnB<\/strong><\/a>)<\/span><\/li>\n<li><span style=\"font-family: verdana, geneva, sans-serif\">Reposit\u00f3rio Institucional da Universidade Estadual Paulista (<a href=\"https:\/\/repositorio.unesp.br\/\" target=\"_blank\" rel=\"noopener\"><strong>Unesp<\/strong><\/a>)<\/span><\/li>\n<li><span style=\"font-family: verdana, geneva, sans-serif\">Reposit\u00f3rio Institucional da Universidade Federal da Grande Dourados (<a href=\"https:\/\/repositorio.ufgd.edu.br\/jspui\/\" target=\"_blank\" rel=\"noopener\"><strong>UFGD<\/strong><\/a>)<\/span><\/li>\n<li><span style=\"font-family: verdana, geneva, sans-serif\">Reposit\u00f3rio Institucional da Universidade Federal do Rio Grande do Norte (<a href=\"https:\/\/repositorio.ufrn.br\/\" target=\"_blank\" rel=\"noopener\"><strong>UFRN<\/strong><\/a>)<\/span><\/li>\n<li><span style=\"font-family: verdana, geneva, sans-serif\">Reposit\u00f3rio Institucional da Universidade Tecnol\u00f3gica Federal do Paran\u00e1 (<a href=\"https:\/\/repositorio.utfpr.edu.br\/jspui\/\" target=\"_blank\" rel=\"noopener\"><strong>RIUT<\/strong><\/a>)<\/span><\/li>\n<\/ul>\n","protected":false},"excerpt":{"rendered":"","protected":false},"author":4,"featured_media":0,"parent":940,"menu_order":0,"comment_status":"closed","ping_status":"closed","template":"","meta":{"footnotes":""},"class_list":["post-499","page","type-page","status-publish","hentry"],"_links":{"self":[{"href":"https:\/\/sbu.uenp.edu.br\/clm\/wp-json\/wp\/v2\/pages\/499","targetHints":{"allow":["GET"]}}],"collection":[{"href":"https:\/\/sbu.uenp.edu.br\/clm\/wp-json\/wp\/v2\/pages"}],"about":[{"href":"https:\/\/sbu.uenp.edu.br\/clm\/wp-json\/wp\/v2\/types\/page"}],"author":[{"embeddable":true,"href":"https:\/\/sbu.uenp.edu.br\/clm\/wp-json\/wp\/v2\/users\/4"}],"replies":[{"embeddable":true,"href":"https:\/\/sbu.uenp.edu.br\/clm\/wp-json\/wp\/v2\/comments?post=499"}],"version-history":[{"count":4,"href":"https:\/\/sbu.uenp.edu.br\/clm\/wp-json\/wp\/v2\/pages\/499\/revisions"}],"predecessor-version":[{"id":943,"href":"https:\/\/sbu.uenp.edu.br\/clm\/wp-json\/wp\/v2\/pages\/499\/revisions\/943"}],"up":[{"embeddable":true,"href":"https:\/\/sbu.uenp.edu.br\/clm\/wp-json\/wp\/v2\/pages\/940"}],"wp:attachment":[{"href":"https:\/\/sbu.uenp.edu.br\/clm\/wp-json\/wp\/v2\/media?parent=499"}],"curies":[{"name":"wp","href":"https:\/\/api.w.org\/{rel}","templated":true}]}}