{"id":497,"date":"2024-09-19T19:42:15","date_gmt":"2024-09-19T22:42:15","guid":{"rendered":"https:\/\/sbu.uenp.edu.br\/clm\/?page_id=497"},"modified":"2025-05-05T09:30:14","modified_gmt":"2025-05-05T12:30:14","slug":"periodicos","status":"publish","type":"page","link":"https:\/\/sbu.uenp.edu.br\/clm\/fontes\/periodicos\/","title":{"rendered":"Peri\u00f3dicos"},"content":{"rendered":"<hr \/>\n<p><span style=\"font-family: verdana, geneva, sans-serif\">Os peri\u00f3dicos cient\u00edficos s\u00e3o uma fonte vital de informa\u00e7\u00e3o atualizada e confi\u00e1vel para a comunidade acad\u00eamica. Eles oferecem acesso \u00e0s mais recentes pesquisas, inova\u00e7\u00f5es e debates em diversas \u00e1reas do conhecimento, sendo essenciais para estudantes, professores e pesquisadores que buscam se manter atualizados e basear seus trabalhos em dados validados e revisados por especialistas.<\/span><\/p>\n<p><span style=\"font-family: verdana, geneva, sans-serif\">Ao fornecer uma vasta cole\u00e7\u00e3o de peri\u00f3dicos, a biblioteca cumpre seu papel de apoiar o desenvolvimento acad\u00eamico e cient\u00edfico. Esses recursos s\u00e3o fundamentais tanto para a realiza\u00e7\u00e3o de novas pesquisas quanto para a constru\u00e7\u00e3o de atividades de ensino, garantindo que o aprendizado e a produ\u00e7\u00e3o acad\u00eamica sejam pautados por informa\u00e7\u00f5es de qualidade e de credibilidade.<\/span><\/p>\n<p><span style=\"font-family: verdana, geneva, sans-serif\">Al\u00e9m disso, os peri\u00f3dicos promovem a visibilidade da produ\u00e7\u00e3o cient\u00edfica regional, assim como quando incluem publica\u00e7\u00f5es vinculadas \u00e0 pr\u00f3pria universidade. Ao democratizar o acesso a esse conhecimento, a biblioteca fortalece sua miss\u00e3o de ser um ponto de refer\u00eancia para o ensino, pesquisa, extens\u00e3o e inova\u00e7\u00e3o, facilitando o acesso a esses conte\u00fados tanto no ambiente f\u00edsico quanto no digital.<\/span><\/p>\n","protected":false},"excerpt":{"rendered":"","protected":false},"author":4,"featured_media":0,"parent":490,"menu_order":0,"comment_status":"closed","ping_status":"closed","template":"","meta":{"footnotes":""},"class_list":["post-497","page","type-page","status-publish","hentry"],"_links":{"self":[{"href":"https:\/\/sbu.uenp.edu.br\/clm\/wp-json\/wp\/v2\/pages\/497","targetHints":{"allow":["GET"]}}],"collection":[{"href":"https:\/\/sbu.uenp.edu.br\/clm\/wp-json\/wp\/v2\/pages"}],"about":[{"href":"https:\/\/sbu.uenp.edu.br\/clm\/wp-json\/wp\/v2\/types\/page"}],"author":[{"embeddable":true,"href":"https:\/\/sbu.uenp.edu.br\/clm\/wp-json\/wp\/v2\/users\/4"}],"replies":[{"embeddable":true,"href":"https:\/\/sbu.uenp.edu.br\/clm\/wp-json\/wp\/v2\/comments?post=497"}],"version-history":[{"count":12,"href":"https:\/\/sbu.uenp.edu.br\/clm\/wp-json\/wp\/v2\/pages\/497\/revisions"}],"predecessor-version":[{"id":691,"href":"https:\/\/sbu.uenp.edu.br\/clm\/wp-json\/wp\/v2\/pages\/497\/revisions\/691"}],"up":[{"embeddable":true,"href":"https:\/\/sbu.uenp.edu.br\/clm\/wp-json\/wp\/v2\/pages\/490"}],"wp:attachment":[{"href":"https:\/\/sbu.uenp.edu.br\/clm\/wp-json\/wp\/v2\/media?parent=497"}],"curies":[{"name":"wp","href":"https:\/\/api.w.org\/{rel}","templated":true}]}}