{"id":490,"date":"2024-09-19T19:38:45","date_gmt":"2024-09-19T22:38:45","guid":{"rendered":"https:\/\/sbu.uenp.edu.br\/clm\/?page_id=490"},"modified":"2025-05-05T08:44:37","modified_gmt":"2025-05-05T11:44:37","slug":"fontes","status":"publish","type":"page","link":"https:\/\/sbu.uenp.edu.br\/clm\/fontes\/","title":{"rendered":"Fontes"},"content":{"rendered":"<hr \/>\n<p><span style=\"font-family: verdana, geneva, sans-serif\">Fontes de informa\u00e7\u00e3o s\u00e3o meios ou recursos que oferecem dados e conhecimentos para pesquisa, aprendizado ou tomada de decis\u00f5es. Elas podem ser classificadas em diferentes tipos:<\/span><\/p>\n<p><span style=\"font-family: verdana, geneva, sans-serif\"><strong>Fontes prim\u00e1rias<\/strong>: s\u00e3o as mais pr\u00f3ximas do evento ou assunto pesquisado. Incluem artigos cient\u00edficos originais, patentes, relat\u00f3rios t\u00e9cnicos, teses, disserta\u00e7\u00f5es e pesquisas de campo. S\u00e3o fundamentais em \u00e1reas acad\u00eamicas, especialmente em ci\u00eancias.<\/span><\/p>\n<p><span style=\"font-family: verdana, geneva, sans-serif\"><strong>Fontes secund\u00e1rias<\/strong>: interpretam, analisam ou resumem fontes prim\u00e1rias. Exemplos incluem revis\u00f5es bibliogr\u00e1ficas, livros did\u00e1ticos e artigos de revis\u00e3o. Elas ajudam a contextualizar e consolidar a informa\u00e7\u00e3o j\u00e1 publicada.<\/span><\/p>\n<p><span style=\"font-family: verdana, geneva, sans-serif\"><strong>Fontes terci\u00e1rias<\/strong>: organizam e compilam informa\u00e7\u00f5es de fontes prim\u00e1rias e secund\u00e1rias. Envolvem enciclop\u00e9dias, \u00edndices, resumos, bibliografias e bases de dados, que facilitam a localiza\u00e7\u00e3o de informa\u00e7\u00f5es e pesquisas.<\/span><\/p>\n","protected":false},"excerpt":{"rendered":"","protected":false},"author":4,"featured_media":0,"parent":0,"menu_order":0,"comment_status":"closed","ping_status":"closed","template":"","meta":{"footnotes":""},"class_list":["post-490","page","type-page","status-publish","hentry"],"_links":{"self":[{"href":"https:\/\/sbu.uenp.edu.br\/clm\/wp-json\/wp\/v2\/pages\/490","targetHints":{"allow":["GET"]}}],"collection":[{"href":"https:\/\/sbu.uenp.edu.br\/clm\/wp-json\/wp\/v2\/pages"}],"about":[{"href":"https:\/\/sbu.uenp.edu.br\/clm\/wp-json\/wp\/v2\/types\/page"}],"author":[{"embeddable":true,"href":"https:\/\/sbu.uenp.edu.br\/clm\/wp-json\/wp\/v2\/users\/4"}],"replies":[{"embeddable":true,"href":"https:\/\/sbu.uenp.edu.br\/clm\/wp-json\/wp\/v2\/comments?post=490"}],"version-history":[{"count":4,"href":"https:\/\/sbu.uenp.edu.br\/clm\/wp-json\/wp\/v2\/pages\/490\/revisions"}],"predecessor-version":[{"id":898,"href":"https:\/\/sbu.uenp.edu.br\/clm\/wp-json\/wp\/v2\/pages\/490\/revisions\/898"}],"wp:attachment":[{"href":"https:\/\/sbu.uenp.edu.br\/clm\/wp-json\/wp\/v2\/media?parent=490"}],"curies":[{"name":"wp","href":"https:\/\/api.w.org\/{rel}","templated":true}]}}