{"id":33,"date":"2024-09-02T11:22:37","date_gmt":"2024-09-02T14:22:37","guid":{"rendered":"http:\/\/sbu.uenp.edu.br\/clm\/?page_id=33"},"modified":"2025-05-05T09:50:13","modified_gmt":"2025-05-05T12:50:13","slug":"orientacoes","status":"publish","type":"page","link":"https:\/\/sbu.uenp.edu.br\/clm\/orientacoes\/","title":{"rendered":"Orienta\u00e7\u00f5es"},"content":{"rendered":"<hr \/>\n<p><span style=\"font-family: verdana, geneva, sans-serif\">Esta p\u00e1gina re\u00fane recursos e informa\u00e7\u00f5es essenciais para apoiar estudantes, pesquisadores e docentes da UENP em todas as etapas do processo acad\u00eamico e cient\u00edfico. Aqui, voc\u00ea encontrar\u00e1 materiais e ferramentas que auxiliam na produ\u00e7\u00e3o de trabalhos, na organiza\u00e7\u00e3o de refer\u00eancias, na gest\u00e3o de dados e na publica\u00e7\u00e3o respons\u00e1vel de suas pesquisas. Explore os conte\u00fados dispon\u00edveis nos seguintes t\u00f3picos:<\/span><\/p>\n<ul style=\"list-style-type: square\">\n<li><span style=\"font-family: verdana, geneva, sans-serif\"><a href=\"https:\/\/sbu.uenp.edu.br\/clm\/orientacoes\/bibliografias\/\" target=\"_blank\" rel=\"noopener\"><strong>Bibliografias<\/strong><\/a>: dicas e ferramentas para organizar e utilizar fontes bibliogr\u00e1ficas de forma eficiente.<\/span><\/li>\n<li><span style=\"font-family: verdana, geneva, sans-serif\"><a href=\"https:\/\/sbu.uenp.edu.br\/clm\/orientacoes\/doacoes\/\" target=\"_blank\" rel=\"noopener\"><strong>Doa\u00e7\u00f5es<\/strong><\/a>: informa\u00e7\u00f5es sobre como doar ou receber materiais acad\u00eamicos e cient\u00edficos.<\/span><\/li>\n<li><span style=\"font-family: verdana, geneva, sans-serif\"><a href=\"https:\/\/sbu.uenp.edu.br\/clm\/orientacoes\/estrategias-de-busca\/\" target=\"_blank\" rel=\"noopener\"><strong>Estrat\u00e9gias de busca<\/strong><\/a>: m\u00e9todos para encontrar fontes confi\u00e1veis em bases de dados, cat\u00e1logos e reposit\u00f3rios.<\/span><\/li>\n<li><span style=\"font-family: verdana, geneva, sans-serif\"><a href=\"https:\/\/sbu.uenp.edu.br\/clm\/orientacoes\/gestao-de-dados\/\" target=\"_blank\" rel=\"noopener\"><strong>Gest\u00e3o de dados<\/strong><\/a>: orienta\u00e7\u00f5es sobre boas pr\u00e1ticas no armazenamento, organiza\u00e7\u00e3o e compartilhamento de dados de pesquisa.<\/span><\/li>\n<li><span style=\"font-family: verdana, geneva, sans-serif\"><a href=\"https:\/\/sbu.uenp.edu.br\/clm\/orientacoes\/gestao-de-dados\/pgd-br\/\" target=\"_blank\" rel=\"noopener\"><strong>PGD-BR<\/strong><\/a>: plataforma brasileira para elabora\u00e7\u00e3o de planos de gest\u00e3o de dados.<\/span><\/li>\n<li><span style=\"font-family: verdana, geneva, sans-serif\"><a href=\"https:\/\/sbu.uenp.edu.br\/clm\/orientacoes\/normas-academicas\/\" target=\"_blank\" rel=\"noopener\"><strong>Normas acad\u00eamicas<\/strong><\/a>: diretrizes para a formata\u00e7\u00e3o e estrutura\u00e7\u00e3o de trabalhos acad\u00eamicos.<\/span><\/li>\n<li><span style=\"font-family: verdana, geneva, sans-serif\"><a href=\"https:\/\/sbu.uenp.edu.br\/clm\/orientacoes\/normas-academicas\/abnt\/\" target=\"_blank\" rel=\"noopener\"><strong>ABNT<\/strong><\/a>: regras atualizadas para formata\u00e7\u00e3o conforme a Associa\u00e7\u00e3o Brasileira de Normas<\/span><\/li>\n<li><span style=\"font-family: verdana, geneva, sans-serif\"><a href=\"https:\/\/sbu.uenp.edu.br\/clm\/orientacoes\/publicacoes-predatorias\/\" target=\"_blank\" rel=\"noopener\"><strong>Publica\u00e7\u00f5es predat\u00f3rias<\/strong><\/a>: como identificar e evitar revistas e editoras que comprometem a credibilidade cient\u00edfica.<\/span><\/li>\n<li><span style=\"font-family: verdana, geneva, sans-serif\"><a href=\"https:\/\/sbu.uenp.edu.br\/clm\/orientacoes\/tutoriais\/\" target=\"_blank\" rel=\"noopener\"><strong>Tutoriais<\/strong><\/a>: guias passo a passo para facilitar o aprendizado de ferramentas e pr\u00e1ticas acad\u00eamicas.<\/span><\/li>\n<\/ul>\n","protected":false},"excerpt":{"rendered":"","protected":false},"author":1,"featured_media":0,"parent":0,"menu_order":0,"comment_status":"closed","ping_status":"closed","template":"","meta":{"footnotes":""},"class_list":["post-33","page","type-page","status-publish","hentry"],"_links":{"self":[{"href":"https:\/\/sbu.uenp.edu.br\/clm\/wp-json\/wp\/v2\/pages\/33","targetHints":{"allow":["GET"]}}],"collection":[{"href":"https:\/\/sbu.uenp.edu.br\/clm\/wp-json\/wp\/v2\/pages"}],"about":[{"href":"https:\/\/sbu.uenp.edu.br\/clm\/wp-json\/wp\/v2\/types\/page"}],"author":[{"embeddable":true,"href":"https:\/\/sbu.uenp.edu.br\/clm\/wp-json\/wp\/v2\/users\/1"}],"replies":[{"embeddable":true,"href":"https:\/\/sbu.uenp.edu.br\/clm\/wp-json\/wp\/v2\/comments?post=33"}],"version-history":[{"count":13,"href":"https:\/\/sbu.uenp.edu.br\/clm\/wp-json\/wp\/v2\/pages\/33\/revisions"}],"predecessor-version":[{"id":1352,"href":"https:\/\/sbu.uenp.edu.br\/clm\/wp-json\/wp\/v2\/pages\/33\/revisions\/1352"}],"wp:attachment":[{"href":"https:\/\/sbu.uenp.edu.br\/clm\/wp-json\/wp\/v2\/media?parent=33"}],"curies":[{"name":"wp","href":"https:\/\/api.w.org\/{rel}","templated":true}]}}