{"id":29,"date":"2024-09-02T11:20:16","date_gmt":"2024-09-02T14:20:16","guid":{"rendered":"http:\/\/sbu.uenp.edu.br\/clm\/?page_id=29"},"modified":"2025-05-05T12:01:21","modified_gmt":"2025-05-05T15:01:21","slug":"servicos","status":"publish","type":"page","link":"https:\/\/sbu.uenp.edu.br\/clm\/servicos\/","title":{"rendered":"Servi\u00e7os"},"content":{"rendered":"<hr \/>\n<p><span style=\"font-family: verdana, geneva, sans-serif\">A Biblioteca do Campus Luiz Meneghel da UENP (BCLM-UENP) oferta servi\u00e7os a partir de suas cole\u00e7\u00f5es f\u00edsicas e digitais, al\u00e9m dos servi\u00e7os informacionais promovidos pelo bibliotec\u00e1rio. A seguir, confira alguns de nossos servi\u00e7os:<\/span><\/p>\n<ul style=\"list-style-type: square\">\n<li data-start=\"155\" data-end=\"527\"><span style=\"font-family: verdana, geneva, sans-serif\"><strong data-start=\"155\" data-end=\"217\">A\u00e7\u00f5es para o aperfei\u00e7oamento de habilidades informacionais<\/strong>: s\u00e3o realizadas atividades educativas com a finalidade de aprimorar as compet\u00eancias da comunidade acad\u00eamica, ensinando a realizar buscas eficientes, avaliar e utilizar a informa\u00e7\u00e3o de forma cr\u00edtica e consciente, essencial para o desenvolvimento de habilidades no uso das tecnologias e recursos informacionais.<\/span><\/li>\n<li data-start=\"529\" data-end=\"827\"><span style=\"font-family: verdana, geneva, sans-serif\"><a href=\"https:\/\/sbu.uenp.edu.br\/clm\/servicos\/atendimento\/\" target=\"_blank\" rel=\"noopener\"><strong data-start=\"529\" data-end=\"570\">Atendimento e orienta\u00e7\u00e3o \u00e0 comunidade<\/strong><\/a>: oferece suporte individualizado sobre o uso do acervo e dos recursos informacionais dispon\u00edveis. O objetivo \u00e9 facilitar o acesso \u00e0 informa\u00e7\u00e3o, orientando sobre como buscar, selecionar e utilizar materiais relevantes para os estudos e pesquisas acad\u00eamicas.<\/span><\/li>\n<li data-start=\"829\" data-end=\"1096\"><span style=\"font-family: verdana, geneva, sans-serif\"><a href=\"https:\/\/sbu.uenp.edu.br\/clm\/servicos\/buscas\/\" target=\"_blank\" rel=\"noopener\"><strong data-start=\"829\" data-end=\"868\">Buscas bibliogr\u00e1ficas e documentais<\/strong><\/a>: a realiza\u00e7\u00e3o de buscas \u00e9 um servi\u00e7o essencial para localizar materiais como livros, artigos e documentos acad\u00eamicos espec\u00edficos, ajudando os usu\u00e1rios a encontrar conte\u00fados relevantes para suas pesquisas e trabalhos acad\u00eamicos.<\/span><\/li>\n<li data-start=\"1098\" data-end=\"1384\"><span style=\"font-family: verdana, geneva, sans-serif\"><a href=\"https:\/\/sbu.uenp.edu.br\/clm\/servicos\/catalogacao-na-publicacao\/\" target=\"_blank\" rel=\"noopener\"><strong data-start=\"1098\" data-end=\"1127\">Cataloga\u00e7\u00e3o na publica\u00e7\u00e3o<\/strong><\/a>: este servi\u00e7o auxilia na padroniza\u00e7\u00e3o de dados bibliogr\u00e1ficos de obras para publica\u00e7\u00e3o, garantindo que os materiais estejam em conformidade com as normas t\u00e9cnicas, como as normas ABNT, fundamentais para a consist\u00eancia e credibilidade da produ\u00e7\u00e3o acad\u00eamica.<\/span><\/li>\n<li data-start=\"1386\" data-end=\"1733\"><span style=\"font-family: verdana, geneva, sans-serif\"><strong data-start=\"1386\" data-end=\"1431\"><a href=\"https:\/\/sbu.uenp.edu.br\/clm\/servicos\/dsi\/\" target=\"_blank\" rel=\"noopener\">Dissemina\u00e7\u00e3o Seletiva da Informa\u00e7\u00e3o<\/a> (DSI)<\/strong>: a DSI oferece um servi\u00e7o que envia informa\u00e7\u00f5es atualizadas e personalizadas de acordo com os interesses de cada usu\u00e1rio. Esse servi\u00e7o visa manter os membros da comunidade acad\u00eamica informados sobre os temas mais relevantes em suas \u00e1reas de estudo, promovendo o acesso a novos conte\u00fados e descobertas.<\/span><\/li>\n<li data-start=\"1735\" data-end=\"2038\"><span style=\"font-family: verdana, geneva, sans-serif\"><strong data-start=\"1735\" data-end=\"1760\">Empr\u00e9stimo domiciliar<\/strong>: este servi\u00e7o permite que os usu\u00e1rios retirem livros e outros materiais para estudo fora do espa\u00e7o f\u00edsico, oferecendo maior flexibilidade no acesso ao acervo. A devolu\u00e7\u00e3o dos itens \u00e9 feita dentro de um prazo determinado, proporcionando comodidade e acesso cont\u00ednuo ao conte\u00fado.<\/span><\/li>\n<li data-start=\"2040\" data-end=\"2351\"><span style=\"font-family: verdana, geneva, sans-serif\"><a href=\"https:\/\/sbu.uenp.edu.br\/clm\/servicos\/emprestimo-entre-bibliotecas\/\" target=\"_blank\" rel=\"noopener\"><strong data-start=\"2040\" data-end=\"2071\">Empr\u00e9stimo interbibliotecas<\/strong><\/a>: por meio de parcerias institucionais, esse servi\u00e7o permite o empr\u00e9stimo de materiais de outras bibliotecas, ampliando o acesso a obras que n\u00e3o est\u00e3o dispon\u00edveis no acervo local. Essa pr\u00e1tica promove a troca de conhecimento e facilita a realiza\u00e7\u00e3o de pesquisas mais aprofundadas.<\/span><\/li>\n<li data-start=\"2353\" data-end=\"2688\"><span style=\"font-family: verdana, geneva, sans-serif\"><strong data-start=\"2353\" data-end=\"2417\">Gest\u00e3o, organiza\u00e7\u00e3o e avalia\u00e7\u00e3o do acervo (f\u00edsico e digital)<\/strong>: o acervo \u00e9 constantemente gerido e avaliado, visando sempre a atualiza\u00e7\u00e3o e organiza\u00e7\u00e3o dos materiais. Isso inclui a inclus\u00e3o de novos recursos, bem como a remo\u00e7\u00e3o de materiais obsoletos, de modo a garantir que o conte\u00fado dispon\u00edvel atenda \u00e0s necessidades dos usu\u00e1rios.<\/span><\/li>\n<li data-start=\"2690\" data-end=\"3059\"><span style=\"font-family: verdana, geneva, sans-serif\"><a href=\"https:\/\/sbu.uenp.edu.br\/clm\/servicos\/levantamentos\/\" target=\"_blank\" rel=\"noopener\"><strong data-start=\"2690\" data-end=\"2733\">Levantamento bibliogr\u00e1fico e documental<\/strong><\/a>: este servi\u00e7o \u00e9 voltado para a realiza\u00e7\u00e3o de pesquisas aprofundadas, reunindo fontes essenciais para estudos acad\u00eamicos e trabalhos de pesquisa. O levantamento envolve a identifica\u00e7\u00e3o de materiais relevantes, garantindo que os usu\u00e1rios tenham acesso a informa\u00e7\u00f5es precisas e atualizadas para a constru\u00e7\u00e3o de seu conhecimento.<\/span><\/li>\n<li data-start=\"3061\" data-end=\"3352\"><span style=\"font-family: verdana, geneva, sans-serif\"><a href=\"https:\/\/sbu.uenp.edu.br\/clm\/servicos\/visitas-guiadas\/\" target=\"_blank\" rel=\"noopener\"><strong data-start=\"3061\" data-end=\"3093\">Visita guiada e apresenta\u00e7\u00e3o<\/strong><\/a>: visitas guiadas s\u00e3o realizadas para apresentar os espa\u00e7os e os recursos dispon\u00edveis. Esse servi\u00e7o visa facilitar a adapta\u00e7\u00e3o dos novos usu\u00e1rios e familiarizar todos com os servi\u00e7os oferecidos, promovendo um melhor aproveitamento dos recursos informacionais.<\/span><\/li>\n<\/ul>\n","protected":false},"excerpt":{"rendered":"","protected":false},"author":1,"featured_media":0,"parent":0,"menu_order":0,"comment_status":"closed","ping_status":"closed","template":"","meta":{"footnotes":""},"class_list":["post-29","page","type-page","status-publish","hentry"],"_links":{"self":[{"href":"https:\/\/sbu.uenp.edu.br\/clm\/wp-json\/wp\/v2\/pages\/29","targetHints":{"allow":["GET"]}}],"collection":[{"href":"https:\/\/sbu.uenp.edu.br\/clm\/wp-json\/wp\/v2\/pages"}],"about":[{"href":"https:\/\/sbu.uenp.edu.br\/clm\/wp-json\/wp\/v2\/types\/page"}],"author":[{"embeddable":true,"href":"https:\/\/sbu.uenp.edu.br\/clm\/wp-json\/wp\/v2\/users\/1"}],"replies":[{"embeddable":true,"href":"https:\/\/sbu.uenp.edu.br\/clm\/wp-json\/wp\/v2\/comments?post=29"}],"version-history":[{"count":22,"href":"https:\/\/sbu.uenp.edu.br\/clm\/wp-json\/wp\/v2\/pages\/29\/revisions"}],"predecessor-version":[{"id":1440,"href":"https:\/\/sbu.uenp.edu.br\/clm\/wp-json\/wp\/v2\/pages\/29\/revisions\/1440"}],"wp:attachment":[{"href":"https:\/\/sbu.uenp.edu.br\/clm\/wp-json\/wp\/v2\/media?parent=29"}],"curies":[{"name":"wp","href":"https:\/\/api.w.org\/{rel}","templated":true}]}}