{"id":273,"date":"2024-09-13T16:11:17","date_gmt":"2024-09-13T19:11:17","guid":{"rendered":"https:\/\/sbu.uenp.edu.br\/clm\/?page_id=273"},"modified":"2025-05-05T11:01:52","modified_gmt":"2025-05-05T14:01:52","slug":"ciencia-aberta","status":"publish","type":"page","link":"https:\/\/sbu.uenp.edu.br\/clm\/recursos\/ciencia-aberta\/","title":{"rendered":"Ci\u00eancia Aberta"},"content":{"rendered":"<hr \/>\n<p><span style=\"font-family: verdana, geneva, sans-serif\">A <a href=\"https:\/\/unesdoc.unesco.org\/ark:\/48223\/pf0000383323_por\" target=\"_blank\" rel=\"noopener\"><strong>ci\u00eancia aberta<\/strong><\/a> \u00e9 um movimento que busca tornar o conhecimento cient\u00edfico mais acess\u00edvel, colaborativo e transparente. Seu objetivo \u00e9 permitir que dados, publica\u00e7\u00f5es, metodologias e resultados de pesquisas sejam compartilhados abertamente, de forma a ampliar o acesso \u00e0 informa\u00e7\u00e3o e promover o avan\u00e7o do conhecimento. Esse movimento tem ganhado for\u00e7a em diversas \u00e1reas do conhecimento, incentivando a troca de ideias e a reprodutibilidade cient\u00edfica, fatores essenciais para o progresso da ci\u00eancia. A ci\u00eancia aberta tamb\u00e9m defende o princ\u00edpio de que o conhecimento produzido com financiamento p\u00fablico deve estar dispon\u00edvel gratuitamente para a sociedade.<\/span><\/p>\n<p><span style=\"font-family: verdana, geneva, sans-serif\">Entre os pilares da ci\u00eancia aberta est\u00e3o o acesso aberto a publica\u00e7\u00f5es cient\u00edficas, o compartilhamento de dados de pesquisa, a transpar\u00eancia nos processos de revis\u00e3o por pares e a colabora\u00e7\u00e3o entre pesquisadores de diferentes institui\u00e7\u00f5es e pa\u00edses. Isso implica na cria\u00e7\u00e3o de pol\u00edticas e pr\u00e1ticas que incentivem a disponibiliza\u00e7\u00e3o de artigos, teses, dados e outros materiais acad\u00eamicos em plataformas p\u00fablicas, como reposit\u00f3rios digitais. A ampla divulga\u00e7\u00e3o dos resultados e processos cient\u00edficos n\u00e3o s\u00f3 democratiza o conhecimento, como tamb\u00e9m permite que as pesquisas sejam mais facilmente verificadas e reproduzidas por outros cientistas.<\/span><\/p>\n<p><span style=\"font-family: verdana, geneva, sans-serif\"><strong>Como a BCLM pode contribuir com a ci\u00eancia aberta?<\/strong><\/span><\/p>\n<p><span style=\"font-family: verdana, geneva, sans-serif\">A Biblioteca desempenha um papel fundamental na implementa\u00e7\u00e3o da ci\u00eancia aberta nas institui\u00e7\u00f5es de ensino e pesquisa. Ao oferecer suporte para a cria\u00e7\u00e3o e manuten\u00e7\u00e3o de reposit\u00f3rios institucionais e tem\u00e1ticos, contribu\u00edmos para a organiza\u00e7\u00e3o e preserva\u00e7\u00e3o da produ\u00e7\u00e3o acad\u00eamica, al\u00e9m de promover o acesso aberto ao conhecimento. Podemos tamb\u00e9m orientar a comunidade acad\u00eamica sobre boas pr\u00e1ticas de compartilhamento de dados e publica\u00e7\u00e3o em acesso aberto, fortalecendo a integra\u00e7\u00e3o da ci\u00eancia aberta no ambiente acad\u00eamico.<\/span><\/p>\n","protected":false},"excerpt":{"rendered":"","protected":false},"author":4,"featured_media":0,"parent":546,"menu_order":0,"comment_status":"closed","ping_status":"closed","template":"","meta":{"footnotes":""},"class_list":["post-273","page","type-page","status-publish","hentry"],"_links":{"self":[{"href":"https:\/\/sbu.uenp.edu.br\/clm\/wp-json\/wp\/v2\/pages\/273","targetHints":{"allow":["GET"]}}],"collection":[{"href":"https:\/\/sbu.uenp.edu.br\/clm\/wp-json\/wp\/v2\/pages"}],"about":[{"href":"https:\/\/sbu.uenp.edu.br\/clm\/wp-json\/wp\/v2\/types\/page"}],"author":[{"embeddable":true,"href":"https:\/\/sbu.uenp.edu.br\/clm\/wp-json\/wp\/v2\/users\/4"}],"replies":[{"embeddable":true,"href":"https:\/\/sbu.uenp.edu.br\/clm\/wp-json\/wp\/v2\/comments?post=273"}],"version-history":[{"count":7,"href":"https:\/\/sbu.uenp.edu.br\/clm\/wp-json\/wp\/v2\/pages\/273\/revisions"}],"predecessor-version":[{"id":1513,"href":"https:\/\/sbu.uenp.edu.br\/clm\/wp-json\/wp\/v2\/pages\/273\/revisions\/1513"}],"up":[{"embeddable":true,"href":"https:\/\/sbu.uenp.edu.br\/clm\/wp-json\/wp\/v2\/pages\/546"}],"wp:attachment":[{"href":"https:\/\/sbu.uenp.edu.br\/clm\/wp-json\/wp\/v2\/media?parent=273"}],"curies":[{"name":"wp","href":"https:\/\/api.w.org\/{rel}","templated":true}]}}