{"id":27,"date":"2024-09-02T11:19:54","date_gmt":"2024-09-02T14:19:54","guid":{"rendered":"http:\/\/sbu.uenp.edu.br\/clm\/?page_id=27"},"modified":"2025-08-07T10:33:36","modified_gmt":"2025-08-07T13:33:36","slug":"normativas","status":"publish","type":"page","link":"https:\/\/sbu.uenp.edu.br\/clm\/normativas\/","title":{"rendered":"Normativas"},"content":{"rendered":"<hr \/>\n<p><span style=\"font-family: verdana, geneva, sans-serif\"><strong>Instru\u00e7\u00e3o de Servi\u00e7o<\/strong><\/span><\/p>\n<ul>\n<li><span style=\"font-family: verdana, geneva, sans-serif\"><strong><a href=\"https:\/\/uenp.edu.br\/publicacoes-oficiais-uenp\/link-docs-proreitorias\/propg-documentos\/propg-instrucoes-servico\/2023-14\/24905-instrucao-de-servico-02-2023-propg-uenp\/file\" target=\"_blank\" rel=\"noopener\">02\/2023<\/a><\/strong> (PROPG\/UENP) \u2013 Instrui sobre Cataloga\u00e7\u00e3o na Publica\u00e7\u00e3o (ficha catalogr\u00e1fica) para os cursos de stricto e lato sensu<\/span><\/li>\n<\/ul>\n<p><span style=\"font-family: verdana, geneva, sans-serif\"><strong>Portaria<\/strong><\/span><\/p>\n<ul>\n<li><span style=\"font-family: verdana, geneva, sans-serif\"><strong><a href=\"https:\/\/uenp.edu.br\/clm-publicacoes\/uenp-clm-portarias\/uenp-clm-portarias-direcao\/uenp-clm-portarias-2025\/32705-uenp-clm-portaria-016-2025\/file.html\">016\/2025<\/a><\/strong> (GD\/CLM\/UENP) \u2013 Designa membros para compor a Comiss\u00e3o Consultiva para Processos de Descarte de <\/span><span style=\"font-family: verdana, geneva, sans-serif\">Materiais Bibliogr\u00e1ficos do CLM-UENP<\/span><\/li>\n<\/ul>\n<p><span style=\"font-family: verdana, geneva, sans-serif\"><strong>Resolu\u00e7\u00f5es<\/strong><\/span><\/p>\n<ul>\n<li><span style=\"font-family: verdana, geneva, sans-serif\"><strong><a href=\"https:\/\/uenp.edu.br\/doc-conselhos-uenp\/cepe\/cepe-resolucoes\/cepe-resolucoes-2012\/1713-resolucao-cepe-015-2012-estabelece-formato-de-arquivo-dos-trabalhos-de-conclusao-de-curso\/file\" target=\"_blank\" rel=\"noopener\">015\/2012<\/a><\/strong> (CEPE\/UENP) \u2013 Estabelece formato de arquivo dos TCCs da gradua\u00e7\u00e3o e p\u00f3s-gradua\u00e7\u00e3o lato sensu<\/span><\/li>\n<li><span style=\"font-family: verdana, geneva, sans-serif\"><a href=\"https:\/\/uenp.edu.br\/doc-conselhos-uenp\/cad\/cad-resolucoes\/cad-resolucoes-2013\/2299-resolucao-001-2013\/file\" target=\"_blank\" rel=\"noopener\"><strong>001\/2013<\/strong><\/a> (CAD\/UENP) \u2013 Regulamento das Bibliotecas da Universidade Estadual do Norte do Paran\u00e1<\/span><\/li>\n<li><span style=\"font-family: verdana, geneva, sans-serif\"><a href=\"https:\/\/uenp.edu.br\/doc-conselhos-uenp\/cepe\/cepe-resolucoes\/cepe-resolucoes-2014\/4740-resolucao-013-2014-cepe-uenp\/file\" target=\"_blank\" rel=\"noopener\"><strong>013\/2014<\/strong><\/a> (CEPE\/UENP) \u2013 Estabelece \u00e0 inser\u00e7\u00e3o de bibliografia b\u00e1sica em L\u00edngua Estrangeira nos Planos de Ensino dos cursos de gradua\u00e7\u00e3o e p\u00f3s-gradua\u00e7\u00e3o<\/span><\/li>\n<li><span style=\"font-family: verdana, geneva, sans-serif\"><a href=\"https:\/\/uenp.edu.br\/doc-conselhos-uenp\/cad\/cad-resolucoes\/cad-resolucoes-2023\/24192-resolucao-002-2023-cad-uenp\/file\" target=\"_blank\" rel=\"noopener\"><strong>002\/2023<\/strong><\/a> (CAD\/UENP) \u2013 Estabelece orienta\u00e7\u00f5es para solicita\u00e7\u00e3o e aquisi\u00e7\u00e3o de materiais bibliogr\u00e1ficos<\/span><\/li>\n<li><span style=\"font-family: verdana, geneva, sans-serif\"><strong><a href=\"https:\/\/uenp.edu.br\/doc-conselhos-uenp\/consuni\/consuni-resolucoes\/consuni-resolucoes-2024\/28866-resolucao-003-2024-consuni-uenp\/file\" target=\"_blank\" rel=\"noopener\">003\/2024<\/a><\/strong> (CONSUNI\/UENP) \u2013 Aprova a Pol\u00edtica de Desenvolvimento de Cole\u00e7\u00f5es no \u00e2mbito do Sistema de Bibliotecas da Universidade Estadual do Norte do Paran\u00e1<\/span><\/li>\n<\/ul>\n<p>&nbsp;<\/p>\n","protected":false},"excerpt":{"rendered":"","protected":false},"author":1,"featured_media":0,"parent":0,"menu_order":0,"comment_status":"closed","ping_status":"closed","template":"","meta":{"footnotes":""},"class_list":["post-27","page","type-page","status-publish","hentry"],"_links":{"self":[{"href":"https:\/\/sbu.uenp.edu.br\/clm\/wp-json\/wp\/v2\/pages\/27","targetHints":{"allow":["GET"]}}],"collection":[{"href":"https:\/\/sbu.uenp.edu.br\/clm\/wp-json\/wp\/v2\/pages"}],"about":[{"href":"https:\/\/sbu.uenp.edu.br\/clm\/wp-json\/wp\/v2\/types\/page"}],"author":[{"embeddable":true,"href":"https:\/\/sbu.uenp.edu.br\/clm\/wp-json\/wp\/v2\/users\/1"}],"replies":[{"embeddable":true,"href":"https:\/\/sbu.uenp.edu.br\/clm\/wp-json\/wp\/v2\/comments?post=27"}],"version-history":[{"count":27,"href":"https:\/\/sbu.uenp.edu.br\/clm\/wp-json\/wp\/v2\/pages\/27\/revisions"}],"predecessor-version":[{"id":1847,"href":"https:\/\/sbu.uenp.edu.br\/clm\/wp-json\/wp\/v2\/pages\/27\/revisions\/1847"}],"wp:attachment":[{"href":"https:\/\/sbu.uenp.edu.br\/clm\/wp-json\/wp\/v2\/media?parent=27"}],"curies":[{"name":"wp","href":"https:\/\/api.w.org\/{rel}","templated":true}]}}