{"id":268,"date":"2024-09-13T14:35:44","date_gmt":"2024-09-13T17:35:44","guid":{"rendered":"https:\/\/sbu.uenp.edu.br\/clm\/?page_id=268"},"modified":"2025-06-27T07:58:55","modified_gmt":"2025-06-27T10:58:55","slug":"citacoes","status":"publish","type":"page","link":"https:\/\/sbu.uenp.edu.br\/clm\/orientacoes\/normas-academicas\/abnt\/citacoes\/","title":{"rendered":"Cita\u00e7\u00f5es"},"content":{"rendered":"<hr \/>\n<div class=\"grid md:grid-cols-3 gap-4\">\n<p><span style=\"font-family: verdana, geneva, sans-serif\">A <strong>cita\u00e7\u00e3o<\/strong> \u00e9 um elemento essencial no trabalho acad\u00eamico, pois permite referenciar ideias e trechos de outros autores, dando credibilidade ao texto e evitando o pl\u00e1gio. Segundo a NBR 10520 (2. ed. de 19 de julho de 2023), existem tr\u00eas tipos principais de cita\u00e7\u00f5es:<\/span><\/p>\n<p><span style=\"font-family: verdana, geneva, sans-serif\"><strong>Cita\u00e7\u00e3o direta<\/strong><\/span><\/p>\n<div class=\"bg-white p-4 rounded shadow\">\n<div class=\"bg-white p-6 rounded-lg shadow\">\n<section id=\"faq\" class=\"mb-8\">\n<ul style=\"list-style-type: square\">\n<li><span style=\"font-family: verdana, geneva, sans-serif\">Transcri\u00e7\u00e3o literal do texto;<\/span><\/li>\n<li><span style=\"font-family: verdana, geneva, sans-serif\">Precisa de: aspas, autoria, ano e p\u00e1gina (quando paginado).<\/span><\/li>\n<\/ul>\n<p><span style=\"font-family: verdana, geneva, sans-serif\"><strong>Cita\u00e7\u00e3o indireta<\/strong><\/span><\/p>\n<ul style=\"list-style-type: square\">\n<li><span style=\"font-family: verdana, geneva, sans-serif\">Texto baseado na obra do autor consultado, ou, par\u00e1frase;<\/span><\/li>\n<li><span style=\"font-family: verdana, geneva, sans-serif\">Precisa de: autoria e ano.<\/span><\/li>\n<\/ul>\n<p><span style=\"font-family: verdana, geneva, sans-serif\"><strong>Cita\u00e7\u00e3o de cita\u00e7\u00e3o<\/strong><\/span><\/p>\n<ul style=\"list-style-type: square\">\n<li><span style=\"font-family: verdana, geneva, sans-serif\">Cita\u00e7\u00e3o direta ou indireta de um texto em que n\u00e3o se teve acesso ao original;<\/span><\/li>\n<li><span style=\"font-family: verdana, geneva, sans-serif\">Use: <em>apud<\/em> entre as refer\u00eancias.<\/span><\/li>\n<\/ul>\n<p><span style=\"font-family: verdana, geneva, sans-serif\">Para fazer uma <strong>cita\u00e7\u00e3o direta<\/strong> com at\u00e9 tr\u00eas linhas, o texto deve vir entre aspas duplas e integrado ao par\u00e1grafo. Quando a cita\u00e7\u00e3o direta possui mais de tr\u00eas linhas, deve ser destacada com recuo de 4 cm da margem esquerda, com fonte menor que a do texto (geralmente tamanho 11 ou 10), espa\u00e7amento simples e sem aspas. Em ambos os casos, \u00e9 obrigat\u00f3rio indicar a p\u00e1gina da obra consultada.<\/span><\/p>\n<p><span style=\"font-family: verdana, geneva, sans-serif\">As <strong>cita\u00e7\u00f5es indiretas<\/strong> n\u00e3o exigem o uso de aspas nem a indica\u00e7\u00e3o da p\u00e1gina, pois representam uma par\u00e1frase do texto original. No entanto, \u00e9 fundamental mencionar o autor e o ano da publica\u00e7\u00e3o. O sistema de chamada pode ser autor-data (no corpo do texto) ou num\u00e9rico (em nota de rodap\u00e9), devendo ser mantido o mesmo padr\u00e3o em todo o trabalho.<\/span><\/p>\n<p><span style=\"font-family: verdana, geneva, sans-serif\"><strong>Exemplos de cita\u00e7\u00f5es<\/strong><\/span><\/p>\n<p><span style=\"font-family: verdana, geneva, sans-serif\"><strong>Cita\u00e7\u00e3o direta (curta)<\/strong><\/span><\/p>\n<p><span style=\"font-family: verdana, geneva, sans-serif\">At\u00e9 3 linhas:<\/span><\/p>\n<blockquote><p><span style=\"font-family: verdana, geneva, sans-serif\">&#8220;A ci\u00eancia \u00e9 um empreendimento essencialmente an\u00e1rquico: o anarquismo te\u00f3rico \u00e9 mais humanit\u00e1rio e mais suscet\u00edvel de estimular o progresso do que suas alternativas representadas por ordem e lei&#8221; (Feyerabend, 2011, p. 31).<\/span><\/p><\/blockquote>\n<p><span style=\"font-family: verdana, geneva, sans-serif\"><strong>Cita\u00e7\u00e3o direta (longa)<\/strong><\/span><\/p>\n<p><span style=\"font-family: verdana, geneva, sans-serif\">Mais de 3 linhas:<\/span><\/p>\n<blockquote><p><span style=\"font-family: verdana, geneva, sans-serif\">Ao fazermos um trabalho cient\u00edfico, devemos ter em mente que: A metodologia \u00e9 o caminho do pensamento e a pr\u00e1tica exercida na abordagem da realidade. Neste sentido, a metodologia ocupa um lugar central no interior das teorias e est\u00e1 sempre referida a elas. (Minayo, 2012, p. 14).<\/span><\/p><\/blockquote>\n<p><span style=\"font-family: verdana, geneva, sans-serif\"><strong>Cita\u00e7\u00e3o indireta<\/strong><\/span><\/p>\n<p><span style=\"font-family: verdana, geneva, sans-serif\">Texto parafraseado<\/span><\/p>\n<blockquote><p><span style=\"font-family: verdana, geneva, sans-serif\">Segundo Gil (2022), a metodologia cient\u00edfica fornece os fundamentos para a organiza\u00e7\u00e3o e constru\u00e7\u00e3o do conhecimento acad\u00eamico.<\/span><\/p><\/blockquote>\n<p><span style=\"font-family: verdana, geneva, sans-serif\"><strong>D\u00favidas Frequentes<\/strong><\/span><\/p>\n<p><span style=\"font-family: verdana, geneva, sans-serif\"><strong>1.<\/strong> Quando devo usar &#8220;<em>et al.<\/em>&#8220;?<\/span><br \/>\n<span style=\"font-family: verdana, geneva, sans-serif\">R.: Use &#8220;<em>et al.<\/em>&#8221; quando o trabalho tiver mais de tr\u00eas autores, citando apenas o primeiro seguido de <em>et al.<\/em><\/span><\/p>\n<p><span style=\"font-family: verdana, geneva, sans-serif\"><strong>2.<\/strong> Preciso colocar n\u00famero de p\u00e1gina em cita\u00e7\u00e3o indireta?<\/span><br \/>\n<span style=\"font-family: verdana, geneva, sans-serif\">R.: N\u00e3o \u00e9 obrigat\u00f3rio, mas pode ser inclu\u00eddo se voc\u00ea quiser facilitar a localiza\u00e7\u00e3o do trecho.<\/span><\/p>\n<p><span style=\"font-family: verdana, geneva, sans-serif\"><strong>3.<\/strong> Como citar uma cita\u00e7\u00e3o (<em>apud<\/em>)?<\/span><br \/>\n<span style=\"font-family: verdana, geneva, sans-serif\">R.: Use quando voc\u00ea n\u00e3o teve acesso ao texto original. Cite o autor original seguido de &#8220;<em>apud<\/em>&#8221; e a autoria do conte\u00fado que voc\u00ea consultou.<\/span><\/p>\n<p><span style=\"font-family: verdana, geneva, sans-serif\"><strong>Refer\u00eancia normativa<\/strong><\/span><\/p>\n<p><span style=\"font-family: verdana, geneva, sans-serif\">ASSOCIA\u00c7\u00c3O BRASILEIRA DE NORMAS T\u00c9CNICAS. <b>ABNT NBR 10520<\/b>: Informa\u00e7\u00e3o e documenta\u00e7\u00e3o: cita\u00e7\u00f5es em documentos: apresenta\u00e7\u00e3o. Rio de Janeiro: ABNT, 2023.<\/span><\/p>\n<\/section>\n<\/div>\n<\/div>\n<\/div>\n","protected":false},"excerpt":{"rendered":"","protected":false},"author":4,"featured_media":0,"parent":790,"menu_order":0,"comment_status":"closed","ping_status":"closed","template":"","meta":{"footnotes":""},"class_list":["post-268","page","type-page","status-publish","hentry"],"_links":{"self":[{"href":"https:\/\/sbu.uenp.edu.br\/clm\/wp-json\/wp\/v2\/pages\/268","targetHints":{"allow":["GET"]}}],"collection":[{"href":"https:\/\/sbu.uenp.edu.br\/clm\/wp-json\/wp\/v2\/pages"}],"about":[{"href":"https:\/\/sbu.uenp.edu.br\/clm\/wp-json\/wp\/v2\/types\/page"}],"author":[{"embeddable":true,"href":"https:\/\/sbu.uenp.edu.br\/clm\/wp-json\/wp\/v2\/users\/4"}],"replies":[{"embeddable":true,"href":"https:\/\/sbu.uenp.edu.br\/clm\/wp-json\/wp\/v2\/comments?post=268"}],"version-history":[{"count":19,"href":"https:\/\/sbu.uenp.edu.br\/clm\/wp-json\/wp\/v2\/pages\/268\/revisions"}],"predecessor-version":[{"id":1729,"href":"https:\/\/sbu.uenp.edu.br\/clm\/wp-json\/wp\/v2\/pages\/268\/revisions\/1729"}],"up":[{"embeddable":true,"href":"https:\/\/sbu.uenp.edu.br\/clm\/wp-json\/wp\/v2\/pages\/790"}],"wp:attachment":[{"href":"https:\/\/sbu.uenp.edu.br\/clm\/wp-json\/wp\/v2\/media?parent=268"}],"curies":[{"name":"wp","href":"https:\/\/api.w.org\/{rel}","templated":true}]}}