{"id":260,"date":"2024-09-13T11:49:47","date_gmt":"2024-09-13T14:49:47","guid":{"rendered":"https:\/\/sbu.uenp.edu.br\/clm\/?page_id=260"},"modified":"2025-05-05T11:03:48","modified_gmt":"2025-05-05T14:03:48","slug":"gerenciadores-de-referencias","status":"publish","type":"page","link":"https:\/\/sbu.uenp.edu.br\/clm\/recursos\/gerenciadores-de-referencias\/","title":{"rendered":"Gerenciadores de Refer\u00eancias"},"content":{"rendered":"<hr \/>\n<p><span style=\"font-family: verdana, geneva, sans-serif\">Gerenciadores de refer\u00eancia s\u00e3o ferramentas essenciais para pesquisadores, estudantes e profissionais acad\u00eamicos que lidam com grande volume de fontes e precisam organizar, citar e formatar refer\u00eancias bibliogr\u00e1ficas. Esses softwares facilitam a coleta, organiza\u00e7\u00e3o e cria\u00e7\u00e3o de bibliografias, garantindo precis\u00e3o e efici\u00eancia no processo de pesquisa. Eles permitem importar automaticamente refer\u00eancias de artigos, livros, websites e outros tipos de materiais a partir de bases de dados, cat\u00e1logos de bibliotecas e reposit\u00f3rios digitais.<\/span><\/p>\n<p><span style=\"font-family: verdana, geneva, sans-serif\">Tamb\u00e9m permitem organizar as fontes por temas, projetos ou palavras-chave, facilitando a pesquisa posterior, e criar pastas e subpastas para categorizar as refer\u00eancias. Outra funcionalidade importante \u00e9 a integra\u00e7\u00e3o com processadores de texto, como Microsoft Word e Google Docs, o que permite a inser\u00e7\u00e3o autom\u00e1tica de cita\u00e7\u00f5es no corpo do texto, ajustadas de acordo com o estilo escolhido, como ABNT, APA ou Chicago. Al\u00e9m disso, esses softwares formatam as refer\u00eancias conforme as normas bibliogr\u00e1ficas exigidas, economizando tempo e garantindo que tudo esteja em conformidade com as exig\u00eancias editoriais. Muitos gerenciadores tamb\u00e9m permitem a anota\u00e7\u00e3o direta em refer\u00eancias ou PDFs, bem como o compartilhamento de bibliotecas com outros pesquisadores, promovendo a colabora\u00e7\u00e3o. Entre os principais gerenciadores de refer\u00eancia, destaco dois: o Mendeley e o Zotero.<\/span><\/p>\n<p><span style=\"font-family: verdana, geneva, sans-serif\"><a href=\"https:\/\/www.mendeley.com\/\"><img loading=\"lazy\" decoding=\"async\" class=\"alignleft wp-image-730 size-medium\" src=\"https:\/\/sbu.uenp.edu.br\/clm\/wp-content\/uploads\/sites\/24\/2024\/09\/citation_mendeley-300x60.png\" alt=\"\" width=\"300\" height=\"60\" srcset=\"https:\/\/sbu.uenp.edu.br\/clm\/wp-content\/uploads\/sites\/24\/2024\/09\/citation_mendeley-300x60.png 300w, https:\/\/sbu.uenp.edu.br\/clm\/wp-content\/uploads\/sites\/24\/2024\/09\/citation_mendeley.png 700w\" sizes=\"auto, (max-width: 300px) 100vw, 300px\" \/><\/a>O <strong><a href=\"https:\/\/www.mendeley.com\" target=\"_blank\" rel=\"noopener\">Mendeley<\/a> <\/strong>\u00e9 uma ferramenta gratuita que oferece funcionalidades de organiza\u00e7\u00e3o e compartilhamento de refer\u00eancias, armazenamento em nuvem e suporte \u00e0 colabora\u00e7\u00e3o em grupos. Ele tamb\u00e9m atua como leitor de PDFs e plataforma de anota\u00e7\u00e3o.<\/span><\/p>\n<p><span style=\"font-family: verdana, geneva, sans-serif\"><a href=\"https:\/\/www.zotero.org\/\"><img loading=\"lazy\" decoding=\"async\" class=\"alignright wp-image-729 size-medium\" src=\"https:\/\/sbu.uenp.edu.br\/clm\/wp-content\/uploads\/sites\/24\/2024\/09\/zotero-logo-384x92-1-300x72.png\" alt=\"\" width=\"300\" height=\"72\" srcset=\"https:\/\/sbu.uenp.edu.br\/clm\/wp-content\/uploads\/sites\/24\/2024\/09\/zotero-logo-384x92-1-300x72.png 300w, https:\/\/sbu.uenp.edu.br\/clm\/wp-content\/uploads\/sites\/24\/2024\/09\/zotero-logo-384x92-1.png 384w\" sizes=\"auto, (max-width: 300px) 100vw, 300px\" \/><\/a>O <strong><a href=\"https:\/\/www.zotero.org\" target=\"_blank\" rel=\"noopener\">Zotero<\/a><\/strong>, tamb\u00e9m gratuito e de c\u00f3digo aberto, \u00e9 uma ferramenta eficiente e f\u00e1cil de usar, que coleta automaticamente informa\u00e7\u00f5es de p\u00e1ginas da web e oferece um bom sistema de organiza\u00e7\u00e3o, sendo especialmente \u00fatil para pesquisas em \u00e1reas como ci\u00eancias humanas e sociais.<\/span><\/p>\n","protected":false},"excerpt":{"rendered":"","protected":false},"author":4,"featured_media":0,"parent":546,"menu_order":0,"comment_status":"closed","ping_status":"closed","template":"","meta":{"footnotes":""},"class_list":["post-260","page","type-page","status-publish","hentry"],"_links":{"self":[{"href":"https:\/\/sbu.uenp.edu.br\/clm\/wp-json\/wp\/v2\/pages\/260","targetHints":{"allow":["GET"]}}],"collection":[{"href":"https:\/\/sbu.uenp.edu.br\/clm\/wp-json\/wp\/v2\/pages"}],"about":[{"href":"https:\/\/sbu.uenp.edu.br\/clm\/wp-json\/wp\/v2\/types\/page"}],"author":[{"embeddable":true,"href":"https:\/\/sbu.uenp.edu.br\/clm\/wp-json\/wp\/v2\/users\/4"}],"replies":[{"embeddable":true,"href":"https:\/\/sbu.uenp.edu.br\/clm\/wp-json\/wp\/v2\/comments?post=260"}],"version-history":[{"count":9,"href":"https:\/\/sbu.uenp.edu.br\/clm\/wp-json\/wp\/v2\/pages\/260\/revisions"}],"predecessor-version":[{"id":1519,"href":"https:\/\/sbu.uenp.edu.br\/clm\/wp-json\/wp\/v2\/pages\/260\/revisions\/1519"}],"up":[{"embeddable":true,"href":"https:\/\/sbu.uenp.edu.br\/clm\/wp-json\/wp\/v2\/pages\/546"}],"wp:attachment":[{"href":"https:\/\/sbu.uenp.edu.br\/clm\/wp-json\/wp\/v2\/media?parent=260"}],"curies":[{"name":"wp","href":"https:\/\/api.w.org\/{rel}","templated":true}]}}