{"id":248,"date":"2024-09-13T11:33:08","date_gmt":"2024-09-13T14:33:08","guid":{"rendered":"https:\/\/sbu.uenp.edu.br\/clm\/?page_id=248"},"modified":"2025-05-05T12:16:51","modified_gmt":"2025-05-05T15:16:51","slug":"visitas-guiadas","status":"publish","type":"page","link":"https:\/\/sbu.uenp.edu.br\/clm\/servicos\/visitas-guiadas\/","title":{"rendered":"Visitas Guiadas"},"content":{"rendered":"<hr \/>\n<p class=\"\" data-start=\"165\" data-end=\"549\"><span style=\"font-family: verdana, geneva, sans-serif\">A Biblioteca convida escolas, turmas universit\u00e1rias, novos alunos e demais interessados a participarem de nossas visitas guiadas. Durante o percurso, os participantes ter\u00e3o a oportunidade de conhecer os diversos espa\u00e7os da biblioteca, incluindo \u00e1reas de estudo individual e em grupo, acervo f\u00edsico e digital, terminais de consulta, al\u00e9m dos servi\u00e7os oferecidos \u00e0 comunidade acad\u00eamica.<\/span><\/p>\n<p class=\"\" data-start=\"551\" data-end=\"930\"><span style=\"font-family: verdana, geneva, sans-serif\">As visitas s\u00e3o conduzidas por bibliotec\u00e1rios capacitados, que apresentam o funcionamento do sistema de empr\u00e9stimo, orientam sobre a utiliza\u00e7\u00e3o do cat\u00e1logo online, explicam as normas de uso do espa\u00e7o e esclarecem d\u00favidas sobre o acesso \u00e0s bases de dados e recursos eletr\u00f4nicos. O objetivo \u00e9 promover a autonomia dos usu\u00e1rios e estimular o uso consciente e eficiente da informa\u00e7\u00e3o.<\/span><\/p>\n<p class=\"\" data-start=\"932\" data-end=\"1354\"><span style=\"font-family: verdana, geneva, sans-serif\">As visitas devem ser agendadas previamente pelo e-mail da coordena\u00e7\u00e3o: <a href=\"mailto:coordenacao.biblioteca.clm@uenp.edu.br\" target=\"_blank\" rel=\"noopener\"><strong>coordenacao.biblioteca.clm@uenp.edu.b<\/strong>r<\/a> ou pessoalmente no balc\u00e3o de atendimento. Grupos de diferentes n\u00edveis de ensino e \u00e1reas do conhecimento s\u00e3o bem-vindos, e o conte\u00fado da visita pode ser adaptado conforme o perfil dos participantes. Venha descobrir tudo o que a biblioteca tem a oferecer para apoiar o seu aprendizado, pesquisa e desenvolvimento acad\u00eamico!<\/span><\/p>\n","protected":false},"excerpt":{"rendered":"","protected":false},"author":4,"featured_media":0,"parent":29,"menu_order":0,"comment_status":"closed","ping_status":"closed","template":"","meta":{"footnotes":""},"class_list":["post-248","page","type-page","status-publish","hentry"],"_links":{"self":[{"href":"https:\/\/sbu.uenp.edu.br\/clm\/wp-json\/wp\/v2\/pages\/248","targetHints":{"allow":["GET"]}}],"collection":[{"href":"https:\/\/sbu.uenp.edu.br\/clm\/wp-json\/wp\/v2\/pages"}],"about":[{"href":"https:\/\/sbu.uenp.edu.br\/clm\/wp-json\/wp\/v2\/types\/page"}],"author":[{"embeddable":true,"href":"https:\/\/sbu.uenp.edu.br\/clm\/wp-json\/wp\/v2\/users\/4"}],"replies":[{"embeddable":true,"href":"https:\/\/sbu.uenp.edu.br\/clm\/wp-json\/wp\/v2\/comments?post=248"}],"version-history":[{"count":8,"href":"https:\/\/sbu.uenp.edu.br\/clm\/wp-json\/wp\/v2\/pages\/248\/revisions"}],"predecessor-version":[{"id":1536,"href":"https:\/\/sbu.uenp.edu.br\/clm\/wp-json\/wp\/v2\/pages\/248\/revisions\/1536"}],"up":[{"embeddable":true,"href":"https:\/\/sbu.uenp.edu.br\/clm\/wp-json\/wp\/v2\/pages\/29"}],"wp:attachment":[{"href":"https:\/\/sbu.uenp.edu.br\/clm\/wp-json\/wp\/v2\/media?parent=248"}],"curies":[{"name":"wp","href":"https:\/\/api.w.org\/{rel}","templated":true}]}}