{"id":246,"date":"2024-09-13T11:32:06","date_gmt":"2024-09-13T14:32:06","guid":{"rendered":"https:\/\/sbu.uenp.edu.br\/clm\/?page_id=246"},"modified":"2025-05-05T12:15:04","modified_gmt":"2025-05-05T15:15:04","slug":"infoeducacao","status":"publish","type":"page","link":"https:\/\/sbu.uenp.edu.br\/clm\/servicos\/infoeducacao\/","title":{"rendered":"InfoEduca\u00e7\u00e3o"},"content":{"rendered":"<hr \/>\n<p><span style=\"font-family: verdana, geneva, sans-serif\">A BCLM promover\u00e1, sempre que poss\u00edvel, minicursos, oficinas e eventos que tenham como objetivo, a qualifica\u00e7\u00e3o suplementar da comunidade acad\u00eamica da UENP. Dependendo do escopo de cada qualifica\u00e7\u00e3o, poder\u00e3o ser disponibilizadas tamb\u00e9m vagas para a comunidade externa. Em caso de demandas espec\u00edficas, qualquer membro da comunidade acad\u00eamica poder\u00e1 solicitar ao bibliotec\u00e1rio da unidade, o desenvolvimento e a promo\u00e7\u00e3o de uma qualifica\u00e7\u00e3o espec\u00edfica, desde que seja de interesse da universidade, da biblioteca e da expertise do bibliotec\u00e1rio. Algumas das \u00e1reas a serem exploradas por essas qualifica\u00e7\u00f5es, podem ser as seguintes: compet\u00eancia em informa\u00e7\u00e3o em suas mais diversas formas; ci\u00eancia aberta, cidad\u00e3; desenvolvimento sustent\u00e1vel; informa\u00e7\u00e3o agroecol\u00f3gica, ambiental, cient\u00edfica, entre outras que sejam pertinentes ao escopo da unidade e do <em>Campus.<\/em><\/span><\/p>\n<p><span style=\"font-family: verdana, geneva, sans-serif\">Oferta de instru\u00e7\u00f5es<\/span><\/p>\n<ul style=\"list-style-type: square\">\n<li><span style=\"font-family: verdana, geneva, sans-serif\"><em>Busca em bases de dados<\/em>: tem como objetivo apresentar bases de dados das \u00e1reas de interesse aos integrantes da comunidade UENP. A orienta\u00e7\u00e3o inclui a apresenta\u00e7\u00e3o de estrat\u00e9gias para serem adotadas na busca, como a utiliza\u00e7\u00e3o de Operadores Booleanos, de proximidade, truncagem, entre outras. O servi\u00e7o pode ser solicitado por qualquer acad\u00eamico via SUAP, e-mail ou pessoalmente ao bibliotec\u00e1rio.<\/span><\/li>\n<li><span style=\"font-family: verdana, geneva, sans-serif\"><em>Introdu\u00e7\u00e3o ao gerenciamento de refer\u00eancias<\/em>: este tipo de apresenta\u00e7\u00e3o pode ser solicitada individualmente, com o aux\u00edlio em d\u00favidas pontuais. Assim como para turmas ou um grupo maior de pessoas, demandando isso para o bibliotec\u00e1rio da BCLM. Atualmente, as instru\u00e7\u00f5es s\u00e3o ministradas fazendo uso do software Mendeley.<\/span><\/li>\n<li><span style=\"font-family: verdana, geneva, sans-serif\"><em>Normaliza\u00e7\u00e3o de trabalhos acad\u00eamicos<\/em>: embora a oferta de normaliza\u00e7\u00e3o na \u00edntegra n\u00e3o seja atualmente ofertada, a BCLM oferece orienta\u00e7\u00e3o para tal. Al\u00e9m do Manual, idealizado para nortear a padroniza\u00e7\u00e3o das monografias, disserta\u00e7\u00f5es e teses defendidas na UENP, \u00e9 poss\u00edvel solicitar ao bibliotec\u00e1rio auxilio quanto \u00e0 d\u00favidas referente \u00e0s normas de documenta\u00e7\u00e3o da ABNT.<\/span><\/li>\n<li><span style=\"font-family: verdana, geneva, sans-serif\"><em>Preenchimento do Curr\u00edculo Lattes<\/em>: em caso de d\u00favidas quanto ao preenchimento do Curr\u00edculo Lattes, \u00e9 poss\u00edvel solicitar auxilio ao bibliotec\u00e1rio. Para tanto, basta encaminhar a sua d\u00favida por e-mail ou ir at\u00e9 a biblioteca para sanar a sua d\u00favida pessoalmente.<\/span><\/li>\n<li><span style=\"font-family: verdana, geneva, sans-serif\"><em>Uso do cat\u00e1logo on-line<\/em>: a busca simples no cat\u00e1logo n\u00e3o tem segredo. Contudo, caso algum membro da comunidade acad\u00eamica da UENP queira aprimorar o resultados obtidos fazendo uso da <em>busca avan\u00e7ada, o bibliotec\u00e1rio pode auxiliar neste processo;<\/em><\/span><\/li>\n<li><span style=\"font-family: verdana, geneva, sans-serif\">Entre outros assuntos.<\/span><\/li>\n<\/ul>\n","protected":false},"excerpt":{"rendered":"","protected":false},"author":4,"featured_media":0,"parent":29,"menu_order":0,"comment_status":"closed","ping_status":"closed","template":"","meta":{"footnotes":""},"class_list":["post-246","page","type-page","status-publish","hentry"],"_links":{"self":[{"href":"https:\/\/sbu.uenp.edu.br\/clm\/wp-json\/wp\/v2\/pages\/246","targetHints":{"allow":["GET"]}}],"collection":[{"href":"https:\/\/sbu.uenp.edu.br\/clm\/wp-json\/wp\/v2\/pages"}],"about":[{"href":"https:\/\/sbu.uenp.edu.br\/clm\/wp-json\/wp\/v2\/types\/page"}],"author":[{"embeddable":true,"href":"https:\/\/sbu.uenp.edu.br\/clm\/wp-json\/wp\/v2\/users\/4"}],"replies":[{"embeddable":true,"href":"https:\/\/sbu.uenp.edu.br\/clm\/wp-json\/wp\/v2\/comments?post=246"}],"version-history":[{"count":5,"href":"https:\/\/sbu.uenp.edu.br\/clm\/wp-json\/wp\/v2\/pages\/246\/revisions"}],"predecessor-version":[{"id":1533,"href":"https:\/\/sbu.uenp.edu.br\/clm\/wp-json\/wp\/v2\/pages\/246\/revisions\/1533"}],"up":[{"embeddable":true,"href":"https:\/\/sbu.uenp.edu.br\/clm\/wp-json\/wp\/v2\/pages\/29"}],"wp:attachment":[{"href":"https:\/\/sbu.uenp.edu.br\/clm\/wp-json\/wp\/v2\/media?parent=246"}],"curies":[{"name":"wp","href":"https:\/\/api.w.org\/{rel}","templated":true}]}}