{"id":243,"date":"2024-09-13T11:30:11","date_gmt":"2024-09-13T14:30:11","guid":{"rendered":"https:\/\/sbu.uenp.edu.br\/clm\/?page_id=243"},"modified":"2025-05-05T12:15:55","modified_gmt":"2025-05-05T15:15:55","slug":"levantamentos","status":"publish","type":"page","link":"https:\/\/sbu.uenp.edu.br\/clm\/servicos\/levantamentos\/","title":{"rendered":"Levantamentos"},"content":{"rendered":"<hr \/>\n<p class=\"\" data-start=\"85\" data-end=\"649\"><span style=\"font-family: verdana, geneva, sans-serif\">A solicita\u00e7\u00e3o de materiais bibliogr\u00e1ficos ou documentos, sejam eles f\u00edsicos ou digitais, \u00e9 efetuada por meio de um formul\u00e1rio espec\u00edfico dispon\u00edvel na Biblioteca Central da UENP (BCLM-UENP). Esse procedimento visa facilitar o acesso a informa\u00e7\u00f5es relevantes e de qualidade, de acordo com as necessidades dos usu\u00e1rios. Caso o bibliotec\u00e1rio julgue necess\u00e1rio, ele poder\u00e1 agendar uma entrevista de refer\u00eancia com o solicitante, a fim de entender melhor o contexto da pesquisa ou o objetivo da solicita\u00e7\u00e3o, e assim fornecer um atendimento mais preciso e personalizado.<\/span><\/p>\n<p class=\"\" data-start=\"651\" data-end=\"1189\"><span style=\"font-family: verdana, geneva, sans-serif\">Na solicita\u00e7\u00e3o, o membro da comunidade acad\u00eamica da UENP (alunos, professores e t\u00e9cnicos) apresenta suas necessidades informacionais, que podem incluir, entre outros, o tipo de material desejado (livros, artigos, teses, disserta\u00e7\u00f5es, relat\u00f3rios, etc.), o recorte temporal (ano de publica\u00e7\u00e3o ou per\u00edodo espec\u00edfico), o idioma do material, e outros crit\u00e9rios relevantes, como a tem\u00e1tica ou \u00e1rea de estudo. Essa descri\u00e7\u00e3o detalhada ajuda a garantir que a busca seja realizada de maneira mais eficiente e alinhada aos objetivos do solicitante.<\/span><\/p>\n<p class=\"\" data-start=\"1191\" data-end=\"1760\"><span style=\"font-family: verdana, geneva, sans-serif\">Com base nessas informa\u00e7\u00f5es, o bibliotec\u00e1rio realiza uma busca em bases de dados acad\u00eamicas e bibliogr\u00e1ficas, al\u00e9m de consultar outros recursos dispon\u00edveis, como cat\u00e1logos, reposit\u00f3rios institucionais e bibliotecas digitais. O objetivo \u00e9 localizar os materiais mais pertinentes e atualizados, considerando a relev\u00e2ncia e a qualidade das fontes encontradas. Em seguida, o bibliotec\u00e1rio encaminha os resultados ao solicitante, junto com informa\u00e7\u00f5es adicionais que possam ser \u00fateis, como resumos, links para acesso direto ou orienta\u00e7\u00f5es sobre como localizar os documentos.<\/span><\/p>\n<p class=\"\" data-start=\"1762\" data-end=\"2327\"><span style=\"font-family: verdana, geneva, sans-serif\">Este servi\u00e7o de levantamento bibliogr\u00e1fico pode ser solicitado por qualquer membro da comunidade acad\u00eamica da UENP e \u00e9 essencial para apoiar a fundamenta\u00e7\u00e3o de pesquisas acad\u00eamicas, como artigos cient\u00edficos, relat\u00f3rios t\u00e9cnicos, trabalhos de conclus\u00e3o de curso (TCC), disserta\u00e7\u00f5es, teses e outros tipos de produ\u00e7\u00e3o cient\u00edfica ou acad\u00eamica. A equipe da biblioteca se compromete a oferecer um atendimento de excel\u00eancia, sempre visando a efici\u00eancia na busca e a qualidade das informa\u00e7\u00f5es fornecidas, contribuindo para o sucesso das pesquisas realizadas na institui\u00e7\u00e3o.<\/span><\/p>\n<p class=\"\" data-start=\"2329\" data-end=\"2575\"><span style=\"font-family: verdana, geneva, sans-serif\">Al\u00e9m disso, a biblioteca se coloca \u00e0 disposi\u00e7\u00e3o para orienta\u00e7\u00f5es cont\u00ednuas sobre as melhores pr\u00e1ticas de pesquisa, utiliza\u00e7\u00e3o de ferramentas de busca avan\u00e7ada, e acesso a materiais de apoio para aprimorar a experi\u00eancia acad\u00eamica dos solicitantes.<\/span><\/p>\n<p data-start=\"2329\" data-end=\"2575\"><span style=\"font-family: verdana, geneva, sans-serif\">Qualquer d\u00favida, entre em contato: <strong><a href=\"mailto:coordenacao.biblioteca.clm@uenp.edu.br\" target=\"_blank\" rel=\"noopener\">coordenacao.biblioteca.clm@uenp.edu.br<\/a><\/strong>.<\/span><\/p>\n","protected":false},"excerpt":{"rendered":"","protected":false},"author":4,"featured_media":0,"parent":29,"menu_order":0,"comment_status":"closed","ping_status":"closed","template":"","meta":{"footnotes":""},"class_list":["post-243","page","type-page","status-publish","hentry"],"_links":{"self":[{"href":"https:\/\/sbu.uenp.edu.br\/clm\/wp-json\/wp\/v2\/pages\/243","targetHints":{"allow":["GET"]}}],"collection":[{"href":"https:\/\/sbu.uenp.edu.br\/clm\/wp-json\/wp\/v2\/pages"}],"about":[{"href":"https:\/\/sbu.uenp.edu.br\/clm\/wp-json\/wp\/v2\/types\/page"}],"author":[{"embeddable":true,"href":"https:\/\/sbu.uenp.edu.br\/clm\/wp-json\/wp\/v2\/users\/4"}],"replies":[{"embeddable":true,"href":"https:\/\/sbu.uenp.edu.br\/clm\/wp-json\/wp\/v2\/comments?post=243"}],"version-history":[{"count":9,"href":"https:\/\/sbu.uenp.edu.br\/clm\/wp-json\/wp\/v2\/pages\/243\/revisions"}],"predecessor-version":[{"id":1534,"href":"https:\/\/sbu.uenp.edu.br\/clm\/wp-json\/wp\/v2\/pages\/243\/revisions\/1534"}],"up":[{"embeddable":true,"href":"https:\/\/sbu.uenp.edu.br\/clm\/wp-json\/wp\/v2\/pages\/29"}],"wp:attachment":[{"href":"https:\/\/sbu.uenp.edu.br\/clm\/wp-json\/wp\/v2\/media?parent=243"}],"curies":[{"name":"wp","href":"https:\/\/api.w.org\/{rel}","templated":true}]}}