{"id":241,"date":"2024-09-13T11:29:11","date_gmt":"2024-09-13T14:29:11","guid":{"rendered":"https:\/\/sbu.uenp.edu.br\/clm\/?page_id=241"},"modified":"2025-05-05T12:14:48","modified_gmt":"2025-05-05T15:14:48","slug":"emprestimo-entre-bibliotecas","status":"publish","type":"page","link":"https:\/\/sbu.uenp.edu.br\/clm\/servicos\/emprestimo-entre-bibliotecas\/","title":{"rendered":"Empr\u00e9stimo entre Bibliotecas"},"content":{"rendered":"<hr \/>\n<p class=\"\" data-start=\"54\" data-end=\"591\"><span style=\"font-family: verdana, geneva, sans-serif\">Caso algum membro da comunidade acad\u00eamica da UENP-CLM deseje ou necessite de um material que n\u00e3o esteja dispon\u00edvel na unidade local, h\u00e1 a possibilidade de verificar a disponibilidade desse item nas bibliotecas dos outros campi da UENP. Se o material estiver dispon\u00edvel em outra unidade, o processo de solicita\u00e7\u00e3o deve ser realizado junto ao bibliotec\u00e1rio respons\u00e1vel pela UENP-CLM, que, por sua vez, far\u00e1 o pedido diretamente ao bibliotec\u00e1rio da unidade que possui o item, utilizando o e-mail institucional para formalizar a solicita\u00e7\u00e3o.<\/span><\/p>\n<p class=\"\" data-start=\"593\" data-end=\"1129\"><span style=\"font-family: verdana, geneva, sans-serif\">No caso de extravio ou danos ao material durante o per\u00edodo de empr\u00e9stimo, o solicitante ser\u00e1 responsabilizado pela reposi\u00e7\u00e3o do item danificado ou perdido. Em situa\u00e7\u00f5es em que a reposi\u00e7\u00e3o do material seja invi\u00e1vel, seja por descontinua\u00e7\u00e3o do item ou pela sua indisponibilidade no mercado, o bibliotec\u00e1rio da unidade concedente dever\u00e1 indicar ao solicitante um t\u00edtulo alternativo de igual relev\u00e2ncia e qualidade. Esse t\u00edtulo substituto tamb\u00e9m dever\u00e1 ser reposto pelo membro solicitante, seguindo as mesmas diretrizes e responsabilidades.<\/span><\/p>\n<p class=\"\" data-start=\"1131\" data-end=\"1536\"><span style=\"font-family: verdana, geneva, sans-serif\">Esses procedimentos visam garantir que o acesso ao material necess\u00e1rio para as atividades acad\u00eamicas seja mantido, ao mesmo tempo em que preservam a integridade e o acervo das bibliotecas da UENP. A reposi\u00e7\u00e3o de materiais danificados ou extraviados \u00e9 uma forma de assegurar a continuidade do servi\u00e7o para toda a comunidade acad\u00eamica, mantendo o acervo em boas condi\u00e7\u00f5es e acess\u00edvel para futuras pesquisas.<\/span><\/p>\n","protected":false},"excerpt":{"rendered":"","protected":false},"author":4,"featured_media":0,"parent":29,"menu_order":0,"comment_status":"closed","ping_status":"closed","template":"","meta":{"footnotes":""},"class_list":["post-241","page","type-page","status-publish","hentry"],"_links":{"self":[{"href":"https:\/\/sbu.uenp.edu.br\/clm\/wp-json\/wp\/v2\/pages\/241","targetHints":{"allow":["GET"]}}],"collection":[{"href":"https:\/\/sbu.uenp.edu.br\/clm\/wp-json\/wp\/v2\/pages"}],"about":[{"href":"https:\/\/sbu.uenp.edu.br\/clm\/wp-json\/wp\/v2\/types\/page"}],"author":[{"embeddable":true,"href":"https:\/\/sbu.uenp.edu.br\/clm\/wp-json\/wp\/v2\/users\/4"}],"replies":[{"embeddable":true,"href":"https:\/\/sbu.uenp.edu.br\/clm\/wp-json\/wp\/v2\/comments?post=241"}],"version-history":[{"count":4,"href":"https:\/\/sbu.uenp.edu.br\/clm\/wp-json\/wp\/v2\/pages\/241\/revisions"}],"predecessor-version":[{"id":1532,"href":"https:\/\/sbu.uenp.edu.br\/clm\/wp-json\/wp\/v2\/pages\/241\/revisions\/1532"}],"up":[{"embeddable":true,"href":"https:\/\/sbu.uenp.edu.br\/clm\/wp-json\/wp\/v2\/pages\/29"}],"wp:attachment":[{"href":"https:\/\/sbu.uenp.edu.br\/clm\/wp-json\/wp\/v2\/media?parent=241"}],"curies":[{"name":"wp","href":"https:\/\/api.w.org\/{rel}","templated":true}]}}