{"id":238,"date":"2024-09-13T11:27:25","date_gmt":"2024-09-13T14:27:25","guid":{"rendered":"https:\/\/sbu.uenp.edu.br\/clm\/?page_id=238"},"modified":"2025-05-05T12:14:28","modified_gmt":"2025-05-05T15:14:28","slug":"dsi","status":"publish","type":"page","link":"https:\/\/sbu.uenp.edu.br\/clm\/servicos\/dsi\/","title":{"rendered":"DSI"},"content":{"rendered":"<hr \/>\n<p class=\"\" data-start=\"86\" data-end=\"684\"><span style=\"font-family: verdana, geneva, sans-serif\">A Dissemina\u00e7\u00e3o Seletiva da Informa\u00e7\u00e3o (DSI) ser\u00e1 realizada por meio de um canal espec\u00edfico de comunica\u00e7\u00e3o, destinado \u00e0 divulga\u00e7\u00e3o peri\u00f3dica de conte\u00fados relevantes e utilit\u00e1rios para cada \u00e1rea do conhecimento presente no campus, bem como de temas de interesse geral da comunidade cient\u00edfica. Esse canal tem como objetivo manter os membros da comunidade acad\u00eamica da UENP-CLM atualizados quanto \u00e0s novidades bibliogr\u00e1ficas, tend\u00eancias de pesquisa, eventos cient\u00edficos, lan\u00e7amentos editoriais, novas aquisi\u00e7\u00f5es da biblioteca e demais informa\u00e7\u00f5es pertinentes ao desenvolvimento acad\u00eamico e cient\u00edfico.<\/span><\/p>\n<p class=\"\" data-start=\"686\" data-end=\"1094\"><span style=\"font-family: verdana, geneva, sans-serif\">Al\u00e9m disso, conte\u00fados especializados e diretamente relacionados \u00e0s atividades da biblioteca, como orienta\u00e7\u00f5es sobre normaliza\u00e7\u00e3o de trabalhos, uso de bases de dados, acesso a recursos informacionais e boas pr\u00e1ticas de pesquisa, tamb\u00e9m poder\u00e3o ser veiculados por meio do mesmo canal. A inten\u00e7\u00e3o \u00e9 ampliar o acesso \u00e0 informa\u00e7\u00e3o de qualidade e promover o uso estrat\u00e9gico dos recursos informacionais dispon\u00edveis.<\/span><\/p>\n<p class=\"\" data-start=\"1096\" data-end=\"1404\"><span style=\"font-family: verdana, geneva, sans-serif\">Caso algum membro da comunidade acad\u00eamica necessite de um direcionamento mais espec\u00edfico ou aprofundado, poder\u00e1 entrar em contato com o bibliotec\u00e1rio respons\u00e1vel pela unidade UENP-CLM, que estar\u00e1 dispon\u00edvel para prestar orienta\u00e7\u00f5es individualizadas, de acordo com as necessidades informacionais apresentadas. Entre em contato: <a href=\"mailto:coordenacao.biblioteca.clm@uenp.edu.br\" target=\"_blank\" rel=\"noopener\"><strong>coordenacao.biblioteca.clm@uenp.edu.br<\/strong><\/a>.<\/span><\/p>\n","protected":false},"excerpt":{"rendered":"","protected":false},"author":4,"featured_media":0,"parent":29,"menu_order":0,"comment_status":"closed","ping_status":"closed","template":"","meta":{"footnotes":""},"class_list":["post-238","page","type-page","status-publish","hentry"],"_links":{"self":[{"href":"https:\/\/sbu.uenp.edu.br\/clm\/wp-json\/wp\/v2\/pages\/238","targetHints":{"allow":["GET"]}}],"collection":[{"href":"https:\/\/sbu.uenp.edu.br\/clm\/wp-json\/wp\/v2\/pages"}],"about":[{"href":"https:\/\/sbu.uenp.edu.br\/clm\/wp-json\/wp\/v2\/types\/page"}],"author":[{"embeddable":true,"href":"https:\/\/sbu.uenp.edu.br\/clm\/wp-json\/wp\/v2\/users\/4"}],"replies":[{"embeddable":true,"href":"https:\/\/sbu.uenp.edu.br\/clm\/wp-json\/wp\/v2\/comments?post=238"}],"version-history":[{"count":7,"href":"https:\/\/sbu.uenp.edu.br\/clm\/wp-json\/wp\/v2\/pages\/238\/revisions"}],"predecessor-version":[{"id":1531,"href":"https:\/\/sbu.uenp.edu.br\/clm\/wp-json\/wp\/v2\/pages\/238\/revisions\/1531"}],"up":[{"embeddable":true,"href":"https:\/\/sbu.uenp.edu.br\/clm\/wp-json\/wp\/v2\/pages\/29"}],"wp:attachment":[{"href":"https:\/\/sbu.uenp.edu.br\/clm\/wp-json\/wp\/v2\/media?parent=238"}],"curies":[{"name":"wp","href":"https:\/\/api.w.org\/{rel}","templated":true}]}}