{"id":235,"date":"2024-09-13T11:26:45","date_gmt":"2024-09-13T14:26:45","guid":{"rendered":"https:\/\/sbu.uenp.edu.br\/clm\/?page_id=235"},"modified":"2025-05-05T12:08:29","modified_gmt":"2025-05-05T15:08:29","slug":"catalogacao-na-publicacao","status":"publish","type":"page","link":"https:\/\/sbu.uenp.edu.br\/clm\/servicos\/catalogacao-na-publicacao\/","title":{"rendered":"Cataloga\u00e7\u00e3o na Publica\u00e7\u00e3o"},"content":{"rendered":"<hr \/>\n<p class=\"\" data-start=\"163\" data-end=\"393\"><span style=\"font-family: verdana, geneva, sans-serif\">A elabora\u00e7\u00e3o de fichas catalogr\u00e1ficas deve ser solicitada diretamente ao bibliotec\u00e1rio respons\u00e1vel. O atendimento das solicita\u00e7\u00f5es seguir\u00e1 a ordem de chegada, observando tamb\u00e9m as prioridades institucionais definidas pelo Campus.<\/span><\/p>\n<p class=\"\" data-start=\"395\" data-end=\"802\"><span style=\"font-family: verdana, geneva, sans-serif\">A ficha catalogr\u00e1fica \u00e9 um elemento obrigat\u00f3rio em trabalhos acad\u00eamicos como monografias, disserta\u00e7\u00f5es e teses, conforme as normas da <a href=\"https:\/\/sbu.uenp.edu.br\/clm\/orientacoes\/normas-academicas\/abnt\/\" target=\"_blank\" rel=\"noopener\"><strong>ABNT<\/strong><\/a>, e constitui uma ferramenta essencial para a organiza\u00e7\u00e3o, identifica\u00e7\u00e3o e posterior recupera\u00e7\u00e3o da obra em acervos f\u00edsicos ou digitais. Nela, s\u00e3o inclu\u00eddas informa\u00e7\u00f5es fundamentais, como autor, t\u00edtulo, assunto, classifica\u00e7\u00e3o e outros dados bibliogr\u00e1ficos padronizados.<\/span><\/p>\n<p class=\"\" data-start=\"804\" data-end=\"1220\"><span style=\"font-family: verdana, geneva, sans-serif\">Esse recurso pode ser confeccionado para a maioria dos tipos de materiais acad\u00eamicos e cient\u00edficos, desde que o solicitante forne\u00e7a corretamente os dados necess\u00e1rios e respeite os prazos estabelecidos pela biblioteca. As solicita\u00e7\u00f5es podem ser feitas via e-mail coordena\u00e7\u00e3o: <a href=\"mailto:coordenacao.biblioteca.clm@uenp.edu.br\" target=\"_blank\" rel=\"noopener\"><strong>coordenacao.biblioteca.clm@uenp.edu.br<\/strong><\/a>, ou por meio do sistema SUAP, conforme a prefer\u00eancia do usu\u00e1rio e a disponibilidade de acesso.<\/span><\/p>\n<p class=\"\" data-start=\"1222\" data-end=\"1402\"><span style=\"font-family: verdana, geneva, sans-serif\">A equipe da biblioteca est\u00e1 \u00e0 disposi\u00e7\u00e3o para prestar orienta\u00e7\u00f5es quanto \u00e0 correta inser\u00e7\u00e3o da ficha catalogr\u00e1fica no trabalho e para esclarecer eventuais d\u00favidas sobre o processo.<\/span><\/p>\n","protected":false},"excerpt":{"rendered":"","protected":false},"author":4,"featured_media":0,"parent":29,"menu_order":0,"comment_status":"closed","ping_status":"closed","template":"","meta":{"footnotes":""},"class_list":["post-235","page","type-page","status-publish","hentry"],"_links":{"self":[{"href":"https:\/\/sbu.uenp.edu.br\/clm\/wp-json\/wp\/v2\/pages\/235","targetHints":{"allow":["GET"]}}],"collection":[{"href":"https:\/\/sbu.uenp.edu.br\/clm\/wp-json\/wp\/v2\/pages"}],"about":[{"href":"https:\/\/sbu.uenp.edu.br\/clm\/wp-json\/wp\/v2\/types\/page"}],"author":[{"embeddable":true,"href":"https:\/\/sbu.uenp.edu.br\/clm\/wp-json\/wp\/v2\/users\/4"}],"replies":[{"embeddable":true,"href":"https:\/\/sbu.uenp.edu.br\/clm\/wp-json\/wp\/v2\/comments?post=235"}],"version-history":[{"count":6,"href":"https:\/\/sbu.uenp.edu.br\/clm\/wp-json\/wp\/v2\/pages\/235\/revisions"}],"predecessor-version":[{"id":1415,"href":"https:\/\/sbu.uenp.edu.br\/clm\/wp-json\/wp\/v2\/pages\/235\/revisions\/1415"}],"up":[{"embeddable":true,"href":"https:\/\/sbu.uenp.edu.br\/clm\/wp-json\/wp\/v2\/pages\/29"}],"wp:attachment":[{"href":"https:\/\/sbu.uenp.edu.br\/clm\/wp-json\/wp\/v2\/media?parent=235"}],"curies":[{"name":"wp","href":"https:\/\/api.w.org\/{rel}","templated":true}]}}