{"id":231,"date":"2024-09-13T11:24:04","date_gmt":"2024-09-13T14:24:04","guid":{"rendered":"https:\/\/sbu.uenp.edu.br\/clm\/?page_id=231"},"modified":"2025-05-05T12:01:53","modified_gmt":"2025-05-05T15:01:53","slug":"atendimento","status":"publish","type":"page","link":"https:\/\/sbu.uenp.edu.br\/clm\/servicos\/atendimento\/","title":{"rendered":"Atendimento"},"content":{"rendered":"<hr \/>\n<p class=\"\" data-start=\"142\" data-end=\"622\"><span style=\"font-family: verdana, geneva, sans-serif\">A Biblioteca do Campus Luiz Meneghel da Universidade Estadual do Norte do Paran\u00e1 (BCLM-UENP), embora seja caracterizada como uma biblioteca universit\u00e1ria, tamb\u00e9m estende parte de seus servi\u00e7os \u00e0 comunidade externa. Qualquer cidad\u00e3o pode utilizar os recursos informacionais f\u00edsicos dispon\u00edveis no espa\u00e7o da biblioteca, durante o hor\u00e1rio de atendimento, para fins de consulta local. Essa abertura refor\u00e7a o papel social da biblioteca como espa\u00e7o de acesso \u00e0 informa\u00e7\u00e3o e \u00e0 educa\u00e7\u00e3o.<\/span><\/p>\n<p class=\"\" data-start=\"624\" data-end=\"1002\"><span style=\"font-family: verdana, geneva, sans-serif\">Al\u00e9m disso, a BCLM pode atuar como um hub de informa\u00e7\u00f5es utilit\u00e1rias para a popula\u00e7\u00e3o em geral, contribuindo com a difus\u00e3o do conhecimento cient\u00edfico e t\u00e9cnico por meio de suas cole\u00e7\u00f5es, bem como pelo atendimento especializado prestado pelo bibliotec\u00e1rio da unidade. A biblioteca se apresenta, assim, como um ponto de apoio tanto \u00e0 forma\u00e7\u00e3o acad\u00eamica quanto \u00e0 constru\u00e7\u00e3o cidad\u00e3.<\/span><\/p>\n<p class=\"\" data-start=\"1004\" data-end=\"1304\"><span style=\"font-family: verdana, geneva, sans-serif\">No entanto, \u00e9 importante destacar que os demais servi\u00e7os \u2014 como empr\u00e9stimos domiciliares, acesso a bases de dados restritas, treinamentos e orienta\u00e7\u00f5es individualizadas \u2014 continuam sendo destinados exclusivamente \u00e0 comunidade interna da UENP, composta por alunos, docentes e t\u00e9cnicos administrativos.<\/span><\/p>\n","protected":false},"excerpt":{"rendered":"","protected":false},"author":4,"featured_media":0,"parent":29,"menu_order":0,"comment_status":"closed","ping_status":"closed","template":"","meta":{"footnotes":""},"class_list":["post-231","page","type-page","status-publish","hentry"],"_links":{"self":[{"href":"https:\/\/sbu.uenp.edu.br\/clm\/wp-json\/wp\/v2\/pages\/231","targetHints":{"allow":["GET"]}}],"collection":[{"href":"https:\/\/sbu.uenp.edu.br\/clm\/wp-json\/wp\/v2\/pages"}],"about":[{"href":"https:\/\/sbu.uenp.edu.br\/clm\/wp-json\/wp\/v2\/types\/page"}],"author":[{"embeddable":true,"href":"https:\/\/sbu.uenp.edu.br\/clm\/wp-json\/wp\/v2\/users\/4"}],"replies":[{"embeddable":true,"href":"https:\/\/sbu.uenp.edu.br\/clm\/wp-json\/wp\/v2\/comments?post=231"}],"version-history":[{"count":7,"href":"https:\/\/sbu.uenp.edu.br\/clm\/wp-json\/wp\/v2\/pages\/231\/revisions"}],"predecessor-version":[{"id":1528,"href":"https:\/\/sbu.uenp.edu.br\/clm\/wp-json\/wp\/v2\/pages\/231\/revisions\/1528"}],"up":[{"embeddable":true,"href":"https:\/\/sbu.uenp.edu.br\/clm\/wp-json\/wp\/v2\/pages\/29"}],"wp:attachment":[{"href":"https:\/\/sbu.uenp.edu.br\/clm\/wp-json\/wp\/v2\/media?parent=231"}],"curies":[{"name":"wp","href":"https:\/\/api.w.org\/{rel}","templated":true}]}}