{"id":1825,"date":"2025-07-30T08:00:21","date_gmt":"2025-07-30T11:00:21","guid":{"rendered":"https:\/\/sbu.uenp.edu.br\/clm\/?page_id=1825"},"modified":"2025-08-05T08:04:55","modified_gmt":"2025-08-05T11:04:55","slug":"ccpdmb","status":"publish","type":"page","link":"https:\/\/sbu.uenp.edu.br\/clm\/normativas\/politica-de-desenvolvimento-de-colecoes\/ccpdmb\/","title":{"rendered":"CCPDMB"},"content":{"rendered":"<hr \/>\n<p><span style=\"font-family: verdana, geneva, sans-serif\">A <strong>Comiss\u00e3o Consultiva para Processos de Descarte de Materiais Bibliogr\u00e1ficos<\/strong> <strong>(CCPDMB)<\/strong> do Campus Luiz Meneghel da UENP \u00e9 o \u00f3rg\u00e3o respons\u00e1vel por acompanhar e validar os processos de descarte de materiais bibliogr\u00e1ficos da Biblioteca do referido campus.<\/span><\/p>\n<p><span style=\"font-family: verdana, geneva, sans-serif\">A CCPDMB-CLM-UENP atualmente \u00e9 composta pelos seguintes membros:<\/span><\/p>\n<ul style=\"list-style-type: square\">\n<li><span style=\"font-family: verdana, geneva, sans-serif\"><b>Me. Elisio Custodio Brentan Junior<\/b><\/span><br \/>\n<span style=\"font-family: verdana, geneva, sans-serif\">Bibliotec\u00e1rio \u00b7 CRB-9\/1955<\/span><\/li>\n<li><span style=\"font-family: verdana, geneva, sans-serif\"><b>Prof. Dr. Petr\u00f4nio Pinheiro Porto<\/b><\/span><br \/>\n<span style=\"font-family: verdana, geneva, sans-serif\">Centro de Ci\u00eancias Agr\u00e1rias<\/span><\/li>\n<li><span style=\"font-family: verdana, geneva, sans-serif\"><b>Profa. Dra. Fl\u00e1via Teixeira Ribeiro da Silva<\/b><\/span><br \/>\n<span style=\"font-family: verdana, geneva, sans-serif\">Centro de Ci\u00eancias Biol\u00f3gicas<\/span><\/li>\n<li><span style=\"font-family: verdana, geneva, sans-serif\"><b>Prof. Dr. Ederson Marcos Sgarbi<\/b><\/span><br \/>\n<span style=\"font-family: verdana, geneva, sans-serif\">Centro de Ci\u00eancias Tecnol\u00f3gicas<\/span><\/li>\n<li><span style=\"font-family: verdana, geneva, sans-serif\"><b>Prof. Me. Luiz Fernando Legore do Nascimento<\/b><\/span><br \/>\n<span style=\"font-family: verdana, geneva, sans-serif\">Representante (Docentes)<\/span><\/li>\n<li><span style=\"font-family: verdana, geneva, sans-serif\"><b>Igor Valezze Spagolla<\/b><\/span><br \/>\n<span style=\"font-family: verdana, geneva, sans-serif\">Representante (Discentes | Gradua\u00e7\u00e3o)<\/span><\/li>\n<li><span style=\"font-family: verdana, geneva, sans-serif\"><b>Andreia Ferdin<\/b><\/span><br \/>\n<span style=\"font-family: verdana, geneva, sans-serif\">Representante (Discentes | P\u00f3s-gradua\u00e7\u00e3o)<\/span><\/li>\n<\/ul>\n<p><span style=\"font-family: verdana, geneva, sans-serif\"><b>Fonte<\/b>: Portaria N.\u00ba 016\/2025 \u2013 GD\/CLM\/UENP<\/span><\/p>\n","protected":false},"excerpt":{"rendered":"","protected":false},"author":4,"featured_media":0,"parent":1615,"menu_order":0,"comment_status":"closed","ping_status":"closed","template":"","meta":{"footnotes":""},"class_list":["post-1825","page","type-page","status-publish","hentry"],"_links":{"self":[{"href":"https:\/\/sbu.uenp.edu.br\/clm\/wp-json\/wp\/v2\/pages\/1825","targetHints":{"allow":["GET"]}}],"collection":[{"href":"https:\/\/sbu.uenp.edu.br\/clm\/wp-json\/wp\/v2\/pages"}],"about":[{"href":"https:\/\/sbu.uenp.edu.br\/clm\/wp-json\/wp\/v2\/types\/page"}],"author":[{"embeddable":true,"href":"https:\/\/sbu.uenp.edu.br\/clm\/wp-json\/wp\/v2\/users\/4"}],"replies":[{"embeddable":true,"href":"https:\/\/sbu.uenp.edu.br\/clm\/wp-json\/wp\/v2\/comments?post=1825"}],"version-history":[{"count":6,"href":"https:\/\/sbu.uenp.edu.br\/clm\/wp-json\/wp\/v2\/pages\/1825\/revisions"}],"predecessor-version":[{"id":1844,"href":"https:\/\/sbu.uenp.edu.br\/clm\/wp-json\/wp\/v2\/pages\/1825\/revisions\/1844"}],"up":[{"embeddable":true,"href":"https:\/\/sbu.uenp.edu.br\/clm\/wp-json\/wp\/v2\/pages\/1615"}],"wp:attachment":[{"href":"https:\/\/sbu.uenp.edu.br\/clm\/wp-json\/wp\/v2\/media?parent=1825"}],"curies":[{"name":"wp","href":"https:\/\/api.w.org\/{rel}","templated":true}]}}