{"id":1770,"date":"2025-07-11T08:50:24","date_gmt":"2025-07-11T11:50:24","guid":{"rendered":"https:\/\/sbu.uenp.edu.br\/clm\/?page_id=1770"},"modified":"2025-07-11T08:56:48","modified_gmt":"2025-07-11T11:56:48","slug":"glossario","status":"publish","type":"page","link":"https:\/\/sbu.uenp.edu.br\/clm\/orientacoes\/glossario\/","title":{"rendered":"Gloss\u00e1rio"},"content":{"rendered":"<hr \/>\n<p><span style=\"font-family: verdana, geneva, sans-serif\">Nesta p\u00e1gina, voc\u00ea encontrar\u00e1 defini\u00e7\u00f5es claras e objetivas de termos comuns utilizados no universo acad\u00eamico, editorial e de pesquisa. Este gloss\u00e1rio foi elaborado para auxiliara nossa comunidade universit\u00e1ria na compreens\u00e3o de conceitos essenciais ao universo acad\u00eamico, facilitando o acesso \u00e0 informa\u00e7\u00e3o e a padroniza\u00e7\u00e3o de produ\u00e7\u00f5es intelectuais.<\/span><\/p>\n<table style=\"border-collapse: collapse;width: 100.764%;height: 912px\">\n<tbody>\n<tr style=\"height: 24px\">\n<td style=\"width: 18.4297%;height: 24px;text-align: center\"><span style=\"font-family: verdana, geneva, sans-serif\"><strong>Abreviatura ou sigla\u00a0<\/strong><\/span><\/td>\n<td style=\"width: 37.735%;height: 24px;text-align: center\"><span style=\"font-family: verdana, geneva, sans-serif\"><strong>Significado<\/strong><\/span><\/td>\n<td style=\"width: 50.1654%;text-align: center;height: 24px\"><span style=\"font-family: verdana, geneva, sans-serif\"><strong>Contexto de aplica\u00e7\u00e3o<\/strong><\/span><\/td>\n<\/tr>\n<tr style=\"height: 24px\">\n<td style=\"width: 18.4297%;height: 24px;text-align: left\"><span style=\"font-family: verdana, geneva, sans-serif\">ABNT<\/span><\/td>\n<td style=\"width: 37.735%;height: 24px;text-align: left\"><span style=\"font-family: verdana, geneva, sans-serif\">Associa\u00e7\u00e3o Brasileira de Normas T\u00e9cnicas<\/span><\/td>\n<td style=\"width: 50.1654%;height: 24px;text-align: left\">\n<p style=\"text-align: left\"><span style=\"font-family: verdana, geneva, sans-serif\">Entidade respons\u00e1vel pela normatiza\u00e7\u00e3o t\u00e9cnica no Brasil, incluindo normas acad\u00eamicas.<\/span><\/p>\n<\/td>\n<\/tr>\n<tr style=\"height: 24px\">\n<td style=\"width: 18.4297%;height: 24px;text-align: left\"><span style=\"font-family: verdana, geneva, sans-serif\">APA<\/span><\/td>\n<td style=\"width: 37.735%;height: 24px;text-align: left\"><span style=\"font-family: verdana, geneva, sans-serif\">American Psychological Association<\/span><\/td>\n<td style=\"width: 50.1654%;height: 24px;text-align: left\"><span style=\"font-family: verdana, geneva, sans-serif\">Estilo de formata\u00e7\u00e3o e cita\u00e7\u00e3o utilizado em trabalhos acad\u00eamicos, especialmente na \u00e1rea de Psicologia.<\/span><\/td>\n<\/tr>\n<tr style=\"height: 24px\">\n<td style=\"width: 18.4297%;height: 24px;text-align: left\"><span style=\"font-family: verdana, geneva, sans-serif\">APCs<\/span><\/td>\n<td style=\"width: 37.735%;height: 24px;text-align: left\"><span style=\"font-family: verdana, geneva, sans-serif\">Article Processing Charges<\/span><\/td>\n<td style=\"width: 50.1654%;height: 24px;text-align: left\"><span style=\"font-family: verdana, geneva, sans-serif\">Taxas cobradas para publica\u00e7\u00e3o de artigos em acesso aberto.<\/span><\/td>\n<\/tr>\n<tr style=\"height: 24px\">\n<td style=\"width: 18.4297%;height: 24px;text-align: left\"><\/td>\n<td style=\"width: 37.735%;height: 24px;text-align: left\"><span style=\"font-family: verdana, geneva, sans-serif\">Biblioteca Virtual<\/span><\/td>\n<td style=\"width: 50.1654%;height: 24px;text-align: left\"><span style=\"font-family: verdana, geneva, sans-serif\">Ambiente digital que permite o acesso a recursos informacionais como livros, artigos, peri\u00f3dicos, entre outros.<\/span><\/td>\n<\/tr>\n<tr style=\"height: 24px\">\n<td style=\"width: 18.4297%;height: 24px;text-align: left\"><span style=\"font-family: verdana, geneva, sans-serif\">CAFe<\/span><\/td>\n<td style=\"width: 37.735%;height: 24px;text-align: left\"><span style=\"font-family: verdana, geneva, sans-serif\">Comunidade Acad\u00eamica Federada<\/span><\/td>\n<td style=\"width: 50.1654%;height: 24px;text-align: left\"><span style=\"font-family: verdana, geneva, sans-serif\">Sistema de autentica\u00e7\u00e3o que permite o acesso remoto a conte\u00fados acad\u00eamicos por meio de login institucional.<\/span><\/td>\n<\/tr>\n<tr style=\"height: 24px\">\n<td style=\"width: 18.4297%;height: 24px;text-align: left\"><span style=\"font-family: verdana, geneva, sans-serif\">CAPES<\/span><\/td>\n<td style=\"width: 37.735%;height: 24px;text-align: left\"><span style=\"font-family: verdana, geneva, sans-serif\">Coordena\u00e7\u00e3o de Aperfei\u00e7oamento de Pessoal de N\u00edvel Superior<\/span><\/td>\n<td style=\"width: 50.1654%;height: 24px;text-align: left\"><span style=\"font-family: verdana, geneva, sans-serif\">\u00d3rg\u00e3o respons\u00e1vel pela avalia\u00e7\u00e3o e promo\u00e7\u00e3o da p\u00f3s-gradua\u00e7\u00e3o no Brasil.<\/span><\/td>\n<\/tr>\n<tr style=\"height: 24px\">\n<td style=\"width: 18.4297%;height: 24px;text-align: left\"><\/td>\n<td style=\"width: 37.735%;height: 24px;text-align: left\"><span style=\"font-family: verdana, geneva, sans-serif\">Ci\u00eancia Aberta<\/span><\/td>\n<td style=\"width: 50.1654%;height: 24px;text-align: left\"><span style=\"font-family: verdana, geneva, sans-serif\">Movimento que promove o acesso aberto e gratuito aos dados e resultados de pesquisas cient\u00edficas.<\/span><\/td>\n<\/tr>\n<tr style=\"height: 24px\">\n<td style=\"width: 18.4297%;height: 24px;text-align: left\"><\/td>\n<td style=\"width: 37.735%;height: 24px;text-align: left\"><span style=\"font-family: verdana, geneva, sans-serif\">Ci\u00eancia Cidad\u00e3<\/span><\/td>\n<td style=\"width: 50.1654%;height: 24px;text-align: left\"><span style=\"font-family: verdana, geneva, sans-serif\">Forma de pesquisa cient\u00edfica que envolve a colabora\u00e7\u00e3o ativa do p\u00fablico geral.<\/span><\/td>\n<\/tr>\n<tr style=\"height: 24px\">\n<td style=\"width: 18.4297%;height: 24px;text-align: left\"><span style=\"font-family: verdana, geneva, sans-serif\">CNPq<\/span><\/td>\n<td style=\"width: 37.735%;height: 24px;text-align: left\"><span style=\"font-family: verdana, geneva, sans-serif\">Conselho Nacional de Desenvolvimento Cient\u00edfico e Tecnol\u00f3gico<\/span><\/td>\n<td style=\"width: 50.1654%;height: 24px;text-align: left\"><span style=\"font-family: verdana, geneva, sans-serif\">Ag\u00eancia de fomento \u00e0 pesquisa cient\u00edfica e tecnol\u00f3gica.<\/span><\/td>\n<\/tr>\n<tr style=\"height: 48px\">\n<td style=\"width: 18.4297%;text-align: left;height: 48px\"><span style=\"font-family: verdana, geneva, sans-serif\">DOI<\/span><\/td>\n<td style=\"width: 37.735%;text-align: left;height: 48px\"><span style=\"font-family: verdana, geneva, sans-serif\">Digital Object Identifier<\/span><\/td>\n<td style=\"width: 50.1654%;text-align: left;height: 48px\"><span style=\"font-family: verdana, geneva, sans-serif\">Identificador digital \u00fanico para objetos eletr\u00f4nicos, como artigos cient\u00edficos.<\/span><\/td>\n<\/tr>\n<tr style=\"height: 48px\">\n<td style=\"width: 18.4297%;text-align: left;height: 48px\"><span style=\"font-family: verdana, geneva, sans-serif\">DSI<\/span><\/td>\n<td style=\"width: 37.735%;text-align: left;height: 48px\"><span style=\"font-family: verdana, geneva, sans-serif\">Dissemina\u00e7\u00e3o Seletiva da Informa\u00e7\u00e3o<\/span><\/td>\n<td style=\"width: 50.1654%;text-align: left;height: 48px\"><span style=\"font-family: verdana, geneva, sans-serif\">Servi\u00e7o que envia conte\u00fados personalizados com base no perfil do usu\u00e1rio.<\/span><\/td>\n<\/tr>\n<tr style=\"height: 48px\">\n<td style=\"width: 18.4297%;text-align: left;height: 48px\"><span style=\"font-family: verdana, geneva, sans-serif\">Ibict<\/span><\/td>\n<td style=\"width: 37.735%;text-align: left;height: 48px\"><span style=\"font-family: verdana, geneva, sans-serif\">Instituto Brasileiro de Informa\u00e7\u00e3o em Ci\u00eancia e Tecnologia<\/span><\/td>\n<td style=\"width: 50.1654%;text-align: left;height: 48px\"><span style=\"font-family: verdana, geneva, sans-serif\">Institui\u00e7\u00e3o dedicada \u00e0 gest\u00e3o e dissemina\u00e7\u00e3o da informa\u00e7\u00e3o cient\u00edfica e tecnol\u00f3gica.<\/span><\/td>\n<\/tr>\n<tr style=\"height: 48px\">\n<td style=\"width: 18.4297%;text-align: left;height: 48px\"><span style=\"font-family: verdana, geneva, sans-serif\">IES<\/span><\/td>\n<td style=\"width: 37.735%;text-align: left;height: 48px\"><span style=\"font-family: verdana, geneva, sans-serif\">Institui\u00e7\u00f5es de Ensino Superior<\/span><\/td>\n<td style=\"width: 50.1654%;text-align: left;height: 48px\"><span style=\"font-family: verdana, geneva, sans-serif\">Termo utilizado para designar universidades, faculdades e centros universit\u00e1rios.<\/span><\/td>\n<\/tr>\n<tr style=\"height: 48px\">\n<td style=\"width: 18.4297%;text-align: left;height: 48px\"><span style=\"font-family: verdana, geneva, sans-serif\">Inep<\/span><\/td>\n<td style=\"width: 37.735%;text-align: left;height: 48px\"><span style=\"font-family: verdana, geneva, sans-serif\">Instituto Nacional de Estudos e Pesquisas Educacionais<\/span><\/td>\n<td style=\"width: 50.1654%;text-align: left;height: 48px\"><span style=\"font-family: verdana, geneva, sans-serif\">Respons\u00e1vel por avalia\u00e7\u00f5es e estat\u00edsticas da educa\u00e7\u00e3o brasileira.<\/span><\/td>\n<\/tr>\n<tr style=\"height: 48px\">\n<td style=\"width: 18.4297%;text-align: left;height: 48px\"><span style=\"font-family: verdana, geneva, sans-serif\">ISBN<\/span><\/td>\n<td style=\"width: 37.735%;text-align: left;height: 48px\"><span style=\"font-family: verdana, geneva, sans-serif\">International Standard Book Number<\/span><\/td>\n<td style=\"width: 50.1654%;text-align: left;height: 48px\"><span style=\"font-family: verdana, geneva, sans-serif\">C\u00f3digo internacional padronizado para identifica\u00e7\u00e3o de livros.<\/span><\/td>\n<\/tr>\n<tr style=\"height: 48px\">\n<td style=\"width: 18.4297%;text-align: left;height: 48px\"><span style=\"font-family: verdana, geneva, sans-serif\">ISSN<\/span><\/td>\n<td style=\"width: 37.735%;text-align: left;height: 48px\"><span style=\"font-family: verdana, geneva, sans-serif\">International Standard Serial Number<\/span><\/td>\n<td style=\"width: 50.1654%;text-align: left;height: 48px\"><span style=\"font-family: verdana, geneva, sans-serif\">N\u00famero internacional para identifica\u00e7\u00e3o de publica\u00e7\u00f5es seriadas.<\/span><\/td>\n<\/tr>\n<tr style=\"height: 24px\">\n<td style=\"width: 18.4297%;text-align: left;height: 24px\"><\/td>\n<td style=\"width: 37.735%;text-align: left;height: 24px\"><span style=\"font-family: verdana, geneva, sans-serif\">Minha Biblioteca<\/span><\/td>\n<td style=\"width: 50.1654%;text-align: left;height: 24px\"><span style=\"font-family: verdana, geneva, sans-serif\">Plataforma online de livros digitais acad\u00eamicos.<\/span><\/td>\n<\/tr>\n<tr style=\"height: 48px\">\n<td style=\"width: 18.4297%;text-align: left;height: 48px\"><\/td>\n<td style=\"width: 37.735%;text-align: left;height: 48px\"><span style=\"font-family: verdana, geneva, sans-serif\">Monografia<\/span><\/td>\n<td style=\"width: 50.1654%;text-align: left;height: 48px\"><span style=\"font-family: verdana, geneva, sans-serif\">Estudo aprofundado sobre um tema espec\u00edfico, geralmente exigido para conclus\u00e3o de gradua\u00e7\u00e3o.<\/span><\/td>\n<\/tr>\n<tr style=\"height: 24px\">\n<td style=\"width: 18.4297%;height: 24px;text-align: left\"><span style=\"font-family: verdana, geneva, sans-serif\">ORCID<\/span><\/td>\n<td style=\"width: 37.735%;height: 24px;text-align: left\"><span style=\"font-family: verdana, geneva, sans-serif\">Open Researcher and Contributor ID<\/span><\/td>\n<td style=\"width: 50.1654%;height: 24px\"><span style=\"font-family: verdana, geneva, sans-serif\">Identificador digital \u00fanico para autores e pesquisadores.<\/span><\/td>\n<\/tr>\n<tr style=\"height: 24px\">\n<td style=\"width: 18.4297%;height: 24px;text-align: left\"><span style=\"font-family: verdana, geneva, sans-serif\">PDF<\/span><\/td>\n<td style=\"width: 37.735%;height: 24px;text-align: left\"><span style=\"font-family: verdana, geneva, sans-serif\">Portable Document Format<\/span><\/td>\n<td style=\"width: 50.1654%;height: 24px\"><span style=\"font-family: verdana, geneva, sans-serif\">Formato eletr\u00f4nico para visualiza\u00e7\u00e3o e distribui\u00e7\u00e3o de documentos.<\/span><\/td>\n<\/tr>\n<tr style=\"height: 24px\">\n<td style=\"width: 18.4297%;height: 24px;text-align: left\"><span style=\"font-family: verdana, geneva, sans-serif\">\u00a0<\/span><\/td>\n<td style=\"width: 37.735%;height: 24px;text-align: left\"><span style=\"font-family: verdana, geneva, sans-serif\">Peri\u00f3dicos<\/span><\/td>\n<td style=\"width: 50.1654%;height: 24px\"><span style=\"font-family: verdana, geneva, sans-serif\">Publica\u00e7\u00f5es lan\u00e7adas regularmente, como revistas cient\u00edficas e eventos acad\u00eamicos.<\/span><\/td>\n<\/tr>\n<tr style=\"height: 24px\">\n<td style=\"width: 18.4297%;height: 24px;text-align: left\"><span style=\"font-family: verdana, geneva, sans-serif\">PIDs<\/span><\/td>\n<td style=\"width: 37.735%;height: 24px;text-align: left\"><span style=\"font-family: verdana, geneva, sans-serif\">Identificadores Persistentes<\/span><\/td>\n<td style=\"width: 50.1654%;height: 24px;text-align: left\"><span style=\"font-family: verdana, geneva, sans-serif\">C\u00f3digos permanentes para identificar e localizar recursos digitais.<\/span><\/td>\n<\/tr>\n<tr style=\"height: 24px\">\n<td style=\"width: 18.4297%;height: 24px;text-align: left\"><span style=\"font-family: verdana, geneva, sans-serif\">RD<\/span><\/td>\n<td style=\"width: 37.735%;height: 24px;text-align: left\"><span style=\"font-family: verdana, geneva, sans-serif\">Reposit\u00f3rio Digitai<\/span><\/td>\n<td style=\"width: 50.1654%;height: 24px;text-align: left\"><span style=\"font-family: verdana, geneva, sans-serif\">Plataformas que armazenam e disseminam documentos digitais acad\u00eamicos<\/span><\/td>\n<\/tr>\n<tr style=\"height: 24px\">\n<td style=\"width: 18.4297%;height: 24px;text-align: left\"><span style=\"font-family: verdana, geneva, sans-serif;font-size: 12pt\">REA<\/span><\/td>\n<td style=\"width: 37.735%;height: 24px;text-align: left\"><span style=\"font-family: verdana, geneva, sans-serif;font-size: 12pt\">Recurso Educacional Aberto<\/span><\/td>\n<td style=\"width: 50.1654%;height: 24px;text-align: left\"><span style=\"font-family: verdana, geneva, sans-serif\">Materiais de ensino e aprendizagem acess\u00edveis livremente e com permiss\u00e3o de uso e adapta\u00e7\u00e3o.<\/span><\/td>\n<\/tr>\n<tr style=\"height: 24px\">\n<td style=\"width: 18.4297%;height: 24px;text-align: left\"><span style=\"font-family: verdana, geneva, sans-serif;font-size: 12pt\">RI<\/span><\/td>\n<td style=\"width: 37.735%;height: 24px;text-align: left\"><span style=\"font-family: verdana, geneva, sans-serif;font-size: 12pt\">Reposit\u00f3rio Institucional<\/span><\/td>\n<td style=\"width: 50.1654%;height: 24px;text-align: left\"><span style=\"font-family: verdana, geneva, sans-serif\">Ambientes digitais mantidos por institui\u00e7\u00f5es para preservar e divulgar sua produ\u00e7\u00e3o cient\u00edfica.<\/span><\/td>\n<\/tr>\n<tr style=\"height: 24px\">\n<td style=\"width: 18.4297%;height: 24px;text-align: left\"><span style=\"font-family: verdana, geneva, sans-serif;font-size: 12pt\">ROR<\/span><\/td>\n<td style=\"width: 37.735%;height: 24px;text-align: left\"><span style=\"font-family: verdana, geneva, sans-serif;font-size: 12pt\">Research Organization Registry<\/span><\/td>\n<td style=\"width: 50.1654%;height: 24px;text-align: left\"><span style=\"font-family: verdana, geneva, sans-serif\">Registro global de institui\u00e7\u00f5es de pesquisa com identificadores \u00fanicos.<\/span><\/td>\n<\/tr>\n<tr style=\"height: 24px\">\n<td style=\"width: 18.4297%;height: 24px;text-align: left\"><span style=\"font-family: verdana, geneva, sans-serif;font-size: 12pt\">SUAP<\/span><\/td>\n<td style=\"width: 37.735%;height: 24px;text-align: left\"><span style=\"font-family: verdana, geneva, sans-serif;font-size: 12pt\">Sistema Unificado de Administra\u00e7\u00e3o P\u00fablica<\/span><\/td>\n<td style=\"width: 50.1654%;height: 24px;text-align: left\"><span style=\"font-family: verdana, geneva, sans-serif\">Plataforma de gest\u00e3o acad\u00eamica e administrativa usada por institui\u00e7\u00f5es p\u00fablicas.<\/span><\/td>\n<\/tr>\n<tr style=\"height: 24px\">\n<td style=\"width: 18.4297%;height: 24px;text-align: left\"><span style=\"font-family: verdana, geneva, sans-serif;font-size: 12pt\">TCC<\/span><\/td>\n<td style=\"width: 37.735%;height: 24px;text-align: left\"><span style=\"font-family: verdana, geneva, sans-serif;font-size: 12pt\">Trabalho de Conclus\u00e3o de Curso<\/span><\/td>\n<td style=\"width: 50.1654%;height: 24px;text-align: left\"><span style=\"font-family: verdana, geneva, sans-serif\">Trabalho acad\u00eamico final que sintetiza os conhecimentos adquiridos no curso.<\/span><\/td>\n<\/tr>\n<tr style=\"height: 24px\">\n<td style=\"width: 18.4297%;height: 24px;text-align: left\"><span style=\"font-family: verdana, geneva, sans-serif;font-size: 12pt\">\u00a0<\/span><\/td>\n<td style=\"width: 37.735%;height: 24px;text-align: left\"><span style=\"font-family: verdana, geneva, sans-serif;font-size: 12pt\">Tese<\/span><\/td>\n<td style=\"width: 50.1654%;height: 24px;text-align: left\"><span style=\"font-family: verdana, geneva, sans-serif\">Documento que apresenta os resultados de uma pesquisa original para obten\u00e7\u00e3o do grau de doutor.<\/span><\/td>\n<\/tr>\n<\/tbody>\n<\/table>\n<p data-start=\"3551\" data-end=\"3656\">\n","protected":false},"excerpt":{"rendered":"","protected":false},"author":4,"featured_media":0,"parent":33,"menu_order":0,"comment_status":"closed","ping_status":"closed","template":"","meta":{"footnotes":""},"class_list":["post-1770","page","type-page","status-publish","hentry"],"_links":{"self":[{"href":"https:\/\/sbu.uenp.edu.br\/clm\/wp-json\/wp\/v2\/pages\/1770","targetHints":{"allow":["GET"]}}],"collection":[{"href":"https:\/\/sbu.uenp.edu.br\/clm\/wp-json\/wp\/v2\/pages"}],"about":[{"href":"https:\/\/sbu.uenp.edu.br\/clm\/wp-json\/wp\/v2\/types\/page"}],"author":[{"embeddable":true,"href":"https:\/\/sbu.uenp.edu.br\/clm\/wp-json\/wp\/v2\/users\/4"}],"replies":[{"embeddable":true,"href":"https:\/\/sbu.uenp.edu.br\/clm\/wp-json\/wp\/v2\/comments?post=1770"}],"version-history":[{"count":11,"href":"https:\/\/sbu.uenp.edu.br\/clm\/wp-json\/wp\/v2\/pages\/1770\/revisions"}],"predecessor-version":[{"id":1791,"href":"https:\/\/sbu.uenp.edu.br\/clm\/wp-json\/wp\/v2\/pages\/1770\/revisions\/1791"}],"up":[{"embeddable":true,"href":"https:\/\/sbu.uenp.edu.br\/clm\/wp-json\/wp\/v2\/pages\/33"}],"wp:attachment":[{"href":"https:\/\/sbu.uenp.edu.br\/clm\/wp-json\/wp\/v2\/media?parent=1770"}],"curies":[{"name":"wp","href":"https:\/\/api.w.org\/{rel}","templated":true}]}}