{"id":1678,"date":"2025-07-08T14:39:13","date_gmt":"2025-07-08T17:39:13","guid":{"rendered":"https:\/\/sbu.uenp.edu.br\/clm\/?page_id=1678"},"modified":"2025-07-14T08:12:22","modified_gmt":"2025-07-14T11:12:22","slug":"elaboracao-de-fichas-catalograficas","status":"publish","type":"page","link":"https:\/\/sbu.uenp.edu.br\/clm\/normativas\/elaboracao-de-fichas-catalograficas\/","title":{"rendered":"Elabora\u00e7\u00e3o de fichas catalogr\u00e1ficas"},"content":{"rendered":"<hr \/>\n<p style=\"text-align: center\"><span style=\"font-family: verdana, geneva, sans-serif;font-size: 12pt\"><strong>INSTRU\u00c7\u00c3O DE SERVI\u00c7O 02\/2023\u2013PROPG<\/strong><\/span><\/p>\n<p><span style=\"font-family: verdana, geneva, sans-serif;font-size: 12pt\">O Pr\u00f3-Reitor de Pesquisa e P\u00f3s-Gradua\u00e7\u00e3o da UENP, Prof. Dr. Jorge Sobral Maia, nomeado pela Portaria 188\/2022 &#8211; GR-UENP, no uso de suas atribui\u00e7\u00f5es, considerando:<\/span><\/p>\n<ol style=\"list-style-type: lower-alpha\">\n<li><span style=\"font-family: verdana, geneva, sans-serif;font-size: 12pt\">\u00a0a Resolu\u00e7\u00e3o CAD 001-2013 &#8211; Regulamento das Bibliotecas da UENP<\/span><\/li>\n<li><span style=\"font-family: verdana, geneva, sans-serif;font-size: 12pt\">\u00a0a necessidade de normatizar os procedimentos relacionados ao preenchimento da ficha Catalogr\u00e1fica registros acad\u00eamicos da p\u00f3s-gradua\u00e7\u00e3o na UENP,<\/span><\/li>\n<\/ol>\n<p style=\"text-align: center\"><span style=\"font-family: verdana, geneva, sans-serif;font-size: 12pt\"><strong>INSTRUI<\/strong><\/span><\/p>\n<ol>\n<li><span style=\"font-family: verdana, geneva, sans-serif;font-size: 12pt\"><strong>SOBRE CATALOGA\u00c7\u00c3O NA PUBLICA\u00c7\u00c3O (FICHA CATALOGR\u00c1FICA) PARA OS CURSOS DE STRICTO E LATO SENSU;<\/strong><\/span><\/li>\n<\/ol>\n<p style=\"padding-left: 80px\"><span style=\"font-family: verdana, geneva, sans-serif;font-size: 12pt\">1.1 O preenchimento da ficha catalogr\u00e1fica \u00e9 de responsabilidade das (os) bibliotec\u00e1rias (as) da UENP.<\/span><br \/>\n<span style=\"font-family: verdana, geneva, sans-serif;font-size: 12pt\">1.2 As secretarias dos Cursos\/Programas devem solicitar as (os) bibliotec\u00e1rias (os) dos seus respectivos Campus (<a href=\"mailto:biblioteca.ccp@uenp.edu.br\" target=\"_blank\" rel=\"noopener\"><strong>biblioteca.ccp@uenp.edu.br<\/strong><\/a> ou<strong> <a href=\"mailto:biblioteca.clca-cche.cj@uenp.edu.br\" target=\"_blank\" rel=\"noopener\">biblioteca.clca-cche.cj@uenp.edu.br<\/a><\/strong>) a ficha catalogr\u00e1fica dos discentes vinculados aos Cursos\/Programas, com as seguintes informa\u00e7\u00f5es:<\/span><\/p>\n<ol>\n<li style=\"list-style-type: none\">\n<ol>\n<li style=\"list-style-type: none\">\n<ol style=\"list-style-type: lower-alpha\">\n<li><span style=\"font-family: verdana, geneva, sans-serif;font-size: 12pt\">\u00a0Nome completo do Discente<\/span><\/li>\n<li><span style=\"font-family: verdana, geneva, sans-serif;font-size: 12pt\">\u00a0T\u00edtulo do Trabalho\/Disserta\u00e7\u00e3o\/Tese<\/span><\/li>\n<li><span style=\"font-family: verdana, geneva, sans-serif;font-size: 12pt\">\u00a0Nome do Orientador e\/ou Nome de Coorientador<\/span><\/li>\n<li><span style=\"font-family: verdana, geneva, sans-serif;font-size: 12pt\">\u00a0Ano, N\u00famero de p\u00e1ginas, se possui ao n\u00e3o ilustra\u00e7\u00f5es<\/span><\/li>\n<li><span style=\"font-family: verdana, geneva, sans-serif;font-size: 12pt\">\u00a0Resumo<\/span><\/li>\n<li><span style=\"font-family: verdana, geneva, sans-serif;font-size: 12pt\">\u00a0Palavras chaves<\/span><\/li>\n<\/ol>\n<\/li>\n<\/ol>\n<\/li>\n<\/ol>\n<p style=\"padding-left: 80px\"><span style=\"font-family: verdana, geneva, sans-serif;font-size: 12pt\">Quaisquer d\u00favidas devem ser enviadas para <strong><a href=\"mailto:dpg@uenp.edu.br\" target=\"_blank\" rel=\"noopener\">dpg@uenp.edu.br<\/a><\/strong>.<\/span><\/p>\n<p><span style=\"font-family: verdana, geneva, sans-serif;font-size: 12pt\"><strong>Fonte<\/strong>: PROPG (<a href=\"https:\/\/uenp.edu.br\/publicacoes-oficiais-uenp\/link-docs-proreitorias\/propg-documentos\/propg-instrucoes-servico\/2023-14\/24905-instrucao-de-servico-02-2023-propg-uenp\/file\" target=\"_blank\" rel=\"noopener\">02\/2023<\/a>).<\/span><\/p>\n","protected":false},"excerpt":{"rendered":"","protected":false},"author":4,"featured_media":0,"parent":27,"menu_order":0,"comment_status":"closed","ping_status":"closed","template":"","meta":{"footnotes":""},"class_list":["post-1678","page","type-page","status-publish","hentry"],"_links":{"self":[{"href":"https:\/\/sbu.uenp.edu.br\/clm\/wp-json\/wp\/v2\/pages\/1678","targetHints":{"allow":["GET"]}}],"collection":[{"href":"https:\/\/sbu.uenp.edu.br\/clm\/wp-json\/wp\/v2\/pages"}],"about":[{"href":"https:\/\/sbu.uenp.edu.br\/clm\/wp-json\/wp\/v2\/types\/page"}],"author":[{"embeddable":true,"href":"https:\/\/sbu.uenp.edu.br\/clm\/wp-json\/wp\/v2\/users\/4"}],"replies":[{"embeddable":true,"href":"https:\/\/sbu.uenp.edu.br\/clm\/wp-json\/wp\/v2\/comments?post=1678"}],"version-history":[{"count":11,"href":"https:\/\/sbu.uenp.edu.br\/clm\/wp-json\/wp\/v2\/pages\/1678\/revisions"}],"predecessor-version":[{"id":1802,"href":"https:\/\/sbu.uenp.edu.br\/clm\/wp-json\/wp\/v2\/pages\/1678\/revisions\/1802"}],"up":[{"embeddable":true,"href":"https:\/\/sbu.uenp.edu.br\/clm\/wp-json\/wp\/v2\/pages\/27"}],"wp:attachment":[{"href":"https:\/\/sbu.uenp.edu.br\/clm\/wp-json\/wp\/v2\/media?parent=1678"}],"curies":[{"name":"wp","href":"https:\/\/api.w.org\/{rel}","templated":true}]}}