{"id":1670,"date":"2025-07-08T15:27:55","date_gmt":"2025-07-08T18:27:55","guid":{"rendered":"https:\/\/sbu.uenp.edu.br\/clm\/?page_id=1670"},"modified":"2025-07-14T08:10:14","modified_gmt":"2025-07-14T11:10:14","slug":"formato-dos-tccs","status":"publish","type":"page","link":"https:\/\/sbu.uenp.edu.br\/clm\/normativas\/formato-dos-tccs\/","title":{"rendered":"Formato dos TCCs"},"content":{"rendered":"<hr \/>\n<p style=\"text-align: center\"><span style=\"font-family: verdana, geneva, sans-serif;font-size: 12pt\"><strong>RESOLU\u00c7\u00c3O N\u00b0 015\/2012\u2013CEPE\/UENP<\/strong><\/span><\/p>\n<p style=\"padding-left: 480px\"><span style=\"font-family: verdana, geneva, sans-serif;font-size: 12pt\"><strong>Su\u1e3fula:<\/strong> Estabelece formato de arquivo dos Trabalhos de Conclus\u00e3o de Curso dos cursos de Gradua\u00e7\u00e3o e P\u00f3s-Gradua\u00e7\u00e3o\u00a0<em>latu sensu\u00a0<\/em>da UENP, para acervo das bibliotecas setoriais da Universidade.<\/span><\/p>\n<p><span style=\"font-family: verdana, geneva, sans-serif;font-size: 12pt\">CONSIDERANDO a al\u00ednea g, inciso II, artigo 6\u00b0, bem como o disposto no artigo 38 e incisos, do Regimento da Reitoria;<\/span><\/p>\n<p><span style=\"font-family: verdana, geneva, sans-serif;font-size: 12pt\">CONSIDERANDO a necessidade de uniformiza\u00e7\u00e3o dos procedimentos relativos ao arquivamento dos Trabalhos de Conclus\u00e3o de Curso \u2013 TCC, dos cursos de gradua\u00e7\u00e3o e p\u00f3s-gradua\u00e7\u00e3o da UENP, entre os Campi;<\/span><\/p>\n<p><span style=\"font-family: verdana, geneva, sans-serif;font-size: 12pt\">A aprova\u00e7\u00e3o pelo Conselho de Ensino, Pesquisa e Extens\u00e3o \u2013 CEPE \u2013 em reuni\u00e3o realizada no dia 29 de 2012<\/span><\/p>\n<p><span style=\"font-family: verdana, geneva, sans-serif;font-size: 12pt\">O Reitor da UENP, Professor Dr. Eduardo Meneghel Rando, no uso de suas atribui\u00e7\u00f5es legais e regimentais, HOMOLOGIA a seguinte<\/span><\/p>\n<p style=\"text-align: center\"><span style=\"font-family: verdana, geneva, sans-serif;font-size: 12pt\"><strong>RESOLU\u00c7\u00c3O<\/strong><\/span><\/p>\n<p><span style=\"font-family: verdana, geneva, sans-serif;font-size: 12pt\"><strong>Art. 1\u00b0.<\/strong> A vers\u00e3o final dos Trabalhos de Conclus\u00e3o de Cursos &#8211; TCC dos cursos de gradua\u00e7\u00e3o e p\u00f3s-gradua\u00e7\u00e3o <em>lato sensu\u00a0<\/em>da UENP, a partir do ano letivo de 2012, dever\u00e1 ser entregue em formato de CD, para arquivamento nas bibliotecas setoriais da Universidade.<\/span><\/p>\n<p style=\"padding-left: 80px\"><span style=\"font-family: verdana, geneva, sans-serif;font-size: 12pt\"><strong>Par\u00e1grafo \u00fanico.<\/strong> O dispositivo no <em>caput<\/em> deste artigo aplica-se ao formato de entrega da vers\u00e3o final do TCC \u00e0s bibliotecas setoriais da Universidade, ap\u00f3s devida aprova\u00e7\u00e3o dos trabalhos.<\/span><\/p>\n<p><span style=\"font-family: verdana, geneva, sans-serif;font-size: 12pt\"><strong>Art. 2\u00b0.<\/strong> O CD deve ser organizado por turma e ano de conclus\u00e3o, constando todos os trabalho aprovado da respectiva turma, em arquivos independente e n\u00e3o edit\u00e1veis.<\/span><\/p>\n<p style=\"padding-left: 40px\"><span style=\"font-family: verdana, geneva, sans-serif;font-size: 12pt\"><strong>1\u00ba.\u00a0<\/strong> Compete ao Coordenador de TCC do Colegiado de curso, para os cursos de gradua\u00e7\u00e3o, e ao Coordenador de Curso para os cursos de p\u00f3s-gradua\u00e7\u00e3o <em>lato sensu,<\/em> a formata\u00e7\u00e3o e entrega do respectivo CD na biblioteca setorial da Universidade.<\/span><\/p>\n<p style=\"padding-left: 40px\"><span style=\"font-family: verdana, geneva, sans-serif;font-size: 12pt\"><strong>2\u00ba.<\/strong> Cada CD deve ser devidamente identificado, contendo:<\/span><\/p>\n<ol>\n<li style=\"list-style-type: none\">\n<ol>\n<li style=\"list-style-type: none\">\n<ol style=\"list-style-type: upper-roman\">\n<li><span style=\"font-family: verdana, geneva, sans-serif;font-size: 12pt\">\u00a0Nome do Curso;<\/span><\/li>\n<li><span style=\"font-family: verdana, geneva, sans-serif;font-size: 12pt\">\u00a0Centro de Estudo, conforme o caso;<\/span><\/li>\n<li><span style=\"font-family: verdana, geneva, sans-serif;font-size: 12pt\">\u00a0Campus;<\/span><\/li>\n<li><span style=\"font-family: verdana, geneva, sans-serif;font-size: 12pt\">\u00a0 Turma;<\/span><\/li>\n<li><span style=\"font-family: verdana, geneva, sans-serif;font-size: 12pt\">\u00a0 Ano letivo.<\/span><\/li>\n<\/ol>\n<\/li>\n<\/ol>\n<\/li>\n<\/ol>\n<p><span style=\"font-family: verdana, geneva, sans-serif;font-size: 12pt\"><strong>Art. 3\u00b0.<\/strong> O formato de entrega de exemplares do Trabalho de Conclus\u00e3o de Curso, em etapas que antecedem a aprova\u00e7\u00e3o final, deve respeitar o disposto no respectivo Projeto Pedag\u00f3gico de Curso e na Resolu\u00e7\u00e3o 026\/2011-CEPE\/UENP, que regulamento o componente.<\/span><\/p>\n<p><span style=\"font-family: verdana, geneva, sans-serif;font-size: 12pt\"><strong>Art. 4\u00b0.<\/strong> Esta Resolu\u00e7\u00e3o entra em vigor na data de sua publica\u00e7\u00e3o, revogadas as disposi\u00e7\u00f5es em contr\u00e1rio.<\/span><\/p>\n<p style=\"text-align: center\"><span style=\"font-family: verdana, geneva, sans-serif;font-size: 12pt\">Jacarezinho, 06 de setembro de 2012.<\/span><\/p>\n<p style=\"text-align: center\"><span style=\"font-family: verdana, geneva, sans-serif;font-size: 12pt\">Prof. Dr. Eduardo Meneghel Rando<\/span><br \/>\n<span style=\"font-family: verdana, geneva, sans-serif;font-size: 12pt\">Reitor<\/span><\/p>\n<p><span style=\"font-family: verdana, geneva, sans-serif;font-size: 12pt\"><strong>Fonte<\/strong>: CEPE\/UENP (<a href=\"https:\/\/uenp.edu.br\/doc-conselhos-uenp\/cepe\/cepe-resolucoes\/cepe-resolucoes-2012\/1713-resolucao-cepe-015-2012-estabelece-formato-de-arquivo-dos-trabalhos-de-conclusao-de-curso\/file\" target=\"_blank\" rel=\"noopener\"><strong>015\/2012<\/strong><\/a>).<\/span><\/p>\n","protected":false},"excerpt":{"rendered":"","protected":false},"author":4,"featured_media":0,"parent":27,"menu_order":0,"comment_status":"closed","ping_status":"closed","template":"","meta":{"footnotes":""},"class_list":["post-1670","page","type-page","status-publish","hentry"],"_links":{"self":[{"href":"https:\/\/sbu.uenp.edu.br\/clm\/wp-json\/wp\/v2\/pages\/1670","targetHints":{"allow":["GET"]}}],"collection":[{"href":"https:\/\/sbu.uenp.edu.br\/clm\/wp-json\/wp\/v2\/pages"}],"about":[{"href":"https:\/\/sbu.uenp.edu.br\/clm\/wp-json\/wp\/v2\/types\/page"}],"author":[{"embeddable":true,"href":"https:\/\/sbu.uenp.edu.br\/clm\/wp-json\/wp\/v2\/users\/4"}],"replies":[{"embeddable":true,"href":"https:\/\/sbu.uenp.edu.br\/clm\/wp-json\/wp\/v2\/comments?post=1670"}],"version-history":[{"count":14,"href":"https:\/\/sbu.uenp.edu.br\/clm\/wp-json\/wp\/v2\/pages\/1670\/revisions"}],"predecessor-version":[{"id":1801,"href":"https:\/\/sbu.uenp.edu.br\/clm\/wp-json\/wp\/v2\/pages\/1670\/revisions\/1801"}],"up":[{"embeddable":true,"href":"https:\/\/sbu.uenp.edu.br\/clm\/wp-json\/wp\/v2\/pages\/27"}],"wp:attachment":[{"href":"https:\/\/sbu.uenp.edu.br\/clm\/wp-json\/wp\/v2\/media?parent=1670"}],"curies":[{"name":"wp","href":"https:\/\/api.w.org\/{rel}","templated":true}]}}