{"id":167,"date":"2024-09-06T15:51:40","date_gmt":"2024-09-06T18:51:40","guid":{"rendered":"https:\/\/sbu.uenp.edu.br\/clm\/?page_id=167"},"modified":"2025-08-14T08:18:04","modified_gmt":"2025-08-14T11:18:04","slug":"riuenp","status":"publish","type":"page","link":"https:\/\/sbu.uenp.edu.br\/clm\/fontes\/riuenp\/","title":{"rendered":"Riuenp"},"content":{"rendered":"<hr \/>\n<p><span style=\"font-family: verdana, geneva, sans-serif\">O Reposit\u00f3rio Institucional da UENP (<a href=\"https:\/\/repositorio.uenp.edu.br\/\" target=\"_blank\" rel=\"noopener\"><strong>Rieunp<\/strong><\/a>) \u00e9 uma plataforma digital criada para armazenar, organizar e disponibilizar a produ\u00e7\u00e3o acad\u00eamica e cient\u00edfica da Universidade Estadual do Norte do Paran\u00e1 (UENP). Seu objetivo \u00e9 garantir o acesso aberto e livre ao conhecimento gerado pela comunidade acad\u00eamica, incluindo disserta\u00e7\u00f5es, teses, artigos e outros documentos cient\u00edficos produzidos por docentes e alunos de p\u00f3s-gradua\u00e7\u00e3o.<\/span><\/p>\n<p><span style=\"font-family: verdana, geneva, sans-serif\">O <a href=\"https:\/\/repositorio.uenp.edu.br\/\" target=\"_blank\" rel=\"noopener\"><strong>Riuenp<\/strong><\/a> \u00e9 fundamental para aumentar a visibilidade da produ\u00e7\u00e3o cient\u00edfica da universidade, permitindo que as pesquisas realizadas sejam amplamente acessadas e reconhecidas por outras institui\u00e7\u00f5es acad\u00eamicas e pela sociedade. Al\u00e9m disso, contribui para a preserva\u00e7\u00e3o digital das produ\u00e7\u00f5es acad\u00eamicas e facilita o acompanhamento do impacto das pesquisas.<\/span><\/p>\n<p><span style=\"font-family: verdana, geneva, sans-serif\">A plataforma est\u00e1 dispon\u00edvel para acesso p\u00fablico, permitindo que qualquer pessoa interessada consulte a produ\u00e7\u00e3o acad\u00eamica. Oferece um sistema de busca eficiente, onde \u00e9 poss\u00edvel localizar disserta\u00e7\u00f5es, teses, artigos e outros documentos por palavras-chave, autores, \u00e1reas de pesquisa ou tipo de documento, facilitando a busca pelos usu\u00e1rios.<\/span><\/p>\n<p><span style=\"font-family: verdana, geneva, sans-serif\">As publica\u00e7\u00f5es no reposit\u00f3rio s\u00e3o feitas principalmente por docentes e alunos de p\u00f3s-gradua\u00e7\u00e3o, sendo submetidas ap\u00f3s a defesa (no caso de disserta\u00e7\u00f5es e teses) ou como parte das exig\u00eancias acad\u00eamicas. O <a href=\"https:\/\/repositorio.uenp.edu.br\/\" target=\"_blank\" rel=\"noopener\"><strong>Riuenp<\/strong><\/a> proporciona uma maneira organizada e segura de preservar esses documentos e compartilh\u00e1-los com a comunidade cient\u00edfica global.<\/span><\/p>\n<p><span style=\"font-family: verdana, geneva, sans-serif\"><strong>Veja tamb\u00e9m<\/strong><\/span><\/p>\n<ul style=\"list-style-type: square\">\n<li><span style=\"font-family: verdana, geneva, sans-serif\"><b><a href=\"https:\/\/docs.google.com\/document\/d\/1WpSB9SK-gCHn1Vn-FVW30RcHDKDN9Jfk6DfglIAIfCs\/edit?usp=sharing\" target=\"_blank\" rel=\"noopener\">Termo de Autoriza\u00e7\u00e3o para Dep\u00f3sito<\/a> (TAD)<\/b><\/span><\/li>\n<\/ul>\n","protected":false},"excerpt":{"rendered":"","protected":false},"author":4,"featured_media":0,"parent":490,"menu_order":0,"comment_status":"closed","ping_status":"closed","template":"","meta":{"footnotes":""},"class_list":["post-167","page","type-page","status-publish","hentry"],"_links":{"self":[{"href":"https:\/\/sbu.uenp.edu.br\/clm\/wp-json\/wp\/v2\/pages\/167","targetHints":{"allow":["GET"]}}],"collection":[{"href":"https:\/\/sbu.uenp.edu.br\/clm\/wp-json\/wp\/v2\/pages"}],"about":[{"href":"https:\/\/sbu.uenp.edu.br\/clm\/wp-json\/wp\/v2\/types\/page"}],"author":[{"embeddable":true,"href":"https:\/\/sbu.uenp.edu.br\/clm\/wp-json\/wp\/v2\/users\/4"}],"replies":[{"embeddable":true,"href":"https:\/\/sbu.uenp.edu.br\/clm\/wp-json\/wp\/v2\/comments?post=167"}],"version-history":[{"count":10,"href":"https:\/\/sbu.uenp.edu.br\/clm\/wp-json\/wp\/v2\/pages\/167\/revisions"}],"predecessor-version":[{"id":1853,"href":"https:\/\/sbu.uenp.edu.br\/clm\/wp-json\/wp\/v2\/pages\/167\/revisions\/1853"}],"up":[{"embeddable":true,"href":"https:\/\/sbu.uenp.edu.br\/clm\/wp-json\/wp\/v2\/pages\/490"}],"wp:attachment":[{"href":"https:\/\/sbu.uenp.edu.br\/clm\/wp-json\/wp\/v2\/media?parent=167"}],"curies":[{"name":"wp","href":"https:\/\/api.w.org\/{rel}","templated":true}]}}