{"id":1621,"date":"2025-07-08T14:36:03","date_gmt":"2025-07-08T17:36:03","guid":{"rendered":"https:\/\/sbu.uenp.edu.br\/clm\/?page_id=1621"},"modified":"2025-07-08T14:36:03","modified_gmt":"2025-07-08T17:36:03","slug":"aquisicao-de-materiais-bibliograficos","status":"publish","type":"page","link":"https:\/\/sbu.uenp.edu.br\/clm\/normativas\/aquisicao-de-materiais-bibliograficos\/","title":{"rendered":"Aquisi\u00e7\u00e3o de materiais bibliogr\u00e1ficos"},"content":{"rendered":"<hr style=\"padding-left: 40px\" \/>\n<p style=\"text-align: center\"><span style=\"font-family: verdana, geneva, sans-serif;font-size: 12pt\"><strong>RESOLU\u00c7\u00c3O N.\u00b0 002-2023 \u2013 CAD\/UENP<\/strong><\/span><\/p>\n<p style=\"text-align: left;padding-left: 160px\"><span style=\"font-family: verdana, geneva, sans-serif;font-size: 12pt\"><strong>S\u00famula:<\/strong>\u00a0 Estabelece orienta\u00e7\u00e3o para a solicita\u00e7\u00e3o e aquisi\u00e7\u00e3o de materiais bibliogr\u00e1ficos.<\/span><\/p>\n<p style=\"padding-left: 200px\"><span style=\"font-family: verdana, geneva, sans-serif;font-size: 12pt\">Considerando e-protocolo n\u00b0 20.124.369-6;<\/span><\/p>\n<p style=\"text-align: left;padding-left: 80px\"><span style=\"font-family: verdana, geneva, sans-serif;font-size: 12pt\">\u00a0 \u00a0 CONSIDERANDO a demanda de uma pol\u00edtica de atualiza\u00e7\u00e3o e expans\u00e3o do acervo, apontada nos relat\u00f3rios dos processos de recredenciamento institucional estadual e federal;<\/span><\/p>\n<p style=\"text-align: left;padding-left: 80px\"><span style=\"font-family: verdana, geneva, sans-serif;font-size: 12pt\">\u00a0 \u00a0 CONSIDERANDO que os recursos bibliogr\u00e1ficos s\u00e3o considerados para atos de autoriza\u00e7\u00e3o, reconhecimento e renova\u00e7\u00e3o de reconhecimento de curso, com influ\u00eancia no seu conceito;<\/span><\/p>\n<p style=\"text-align: left;padding-left: 80px\"><span style=\"font-family: verdana, geneva, sans-serif;font-size: 12pt\">\u00a0 \u00a0 CONSIDERANDO a relev\u00e2ncia de um acervo atualizado para apoiar as atividades de ensino, pesquisa extens\u00e3o;<\/span><\/p>\n<p style=\"text-align: left;padding-left: 80px\"><span style=\"font-family: verdana, geneva, sans-serif;font-size: 12pt\">\u00a0 \u00a0 \u00a0CONSIDERANDO a necessidade de um instrumento formal norteador da composi\u00e7\u00e3o do acervo, com qualidade e quantidade suficiente para atender aos usu\u00e1rios;<\/span><\/p>\n<p style=\"text-align: left;padding-left: 80px\"><span style=\"font-family: verdana, geneva, sans-serif;font-size: 12pt\">\u00a0 \u00a0 \u00a0CONSIDERANDO o dever de otimiza\u00e7\u00e3o dos recursos financeiros p\u00fablicos destinados a essas finalidade;<\/span><\/p>\n<p style=\"text-align: left;padding-left: 80px\"><span style=\"font-family: verdana, geneva, sans-serif;font-size: 12pt\">\u00a0 \u00a0 \u00a0CONSIDERANDO aprova\u00e7\u00e3o do Conselho de Administra\u00e7\u00e3o, em reuni\u00e3o realizada no dia 03 de abril de 2023;<\/span><\/p>\n<p style=\"text-align: left;padding-left: 80px\"><span style=\"font-family: verdana, geneva, sans-serif;font-size: 12pt\">\u00a0 \u00a0 \u00a0O Reitor da Universidade Estadual do Norte do Paran\u00e1 \u2013 UENP, F\u00e1bio Antonio N\u00e9ia Martini, nomeado pelo Decreto n\u00b0 n\u00b0 11.309, de 06 de junho de 2022, do Governo do Estado do Paran\u00e1, no uso de suas atribui\u00e7\u00e3o legais e regimentais, HOMOLOGA a seguinte<\/span><\/p>\n<p style=\"text-align: center\"><span style=\"font-family: verdana, geneva, sans-serif;font-size: 12pt\"><strong>RESOLU\u00c7\u00c3O<\/strong><\/span><\/p>\n<p style=\"text-align: left;padding-left: 80px\"><span style=\"font-family: verdana, geneva, sans-serif;font-size: 12pt\"><strong>\u00a0 \u00a0 Art. 1\u00b0.<\/strong> Fica aprovado, como parte indissoci\u00e1vel desta Resolu\u00e7\u00e3o, o Anexo que cont\u00e9m as orienta\u00e7\u00f5es para a solicita\u00e7\u00e3o e aquisi\u00e7\u00e3o de materiais bibliogr\u00e1ficos.<\/span><\/p>\n<p style=\"text-align: left;padding-left: 80px\"><span style=\"font-family: verdana, geneva, sans-serif;font-size: 12pt\">\u00a0 \u00a0 <strong>Art. 2\u00b0.\u00a0<\/strong>Esta Resolu\u00e7\u00e3o entrar\u00e1 em vigor ap\u00f3s sua publica\u00e7\u00e3o, revogadas as disposi\u00e7\u00f5es em contr\u00e1rio.<\/span><\/p>\n<p style=\"text-align: center\"><span style=\"font-family: verdana, geneva, sans-serif;font-size: 12pt\"><strong>PUBlIQUE-SE<\/strong><\/span><\/p>\n<p style=\"text-align: center\"><span style=\"font-family: verdana, geneva, sans-serif;font-size: 12pt\">Gabinete do Reitor da UENP em<\/span><br \/>\n<span style=\"font-family: verdana, geneva, sans-serif;font-size: 12pt\">Jacarezinho, 04 de abril de 2023.<\/span><br \/>\n<span style=\"font-size: 12pt;font-family: verdana, geneva, sans-serif\">Assinado de forma digital<br \/>\n<strong>Prof Dr. Fabio Antonio N\u00e9ia Martini<br \/>\n<\/strong>Reitor\u00a0<\/span><\/p>\n<p style=\"text-align: center\"><span style=\"font-family: verdana, geneva, sans-serif;font-size: 12pt\"><strong>ANEXO (RESOLU\u00c7\u00c3O 002\/2023 \u2013 CAD\/UENP)<\/strong><\/span><\/p>\n<p style=\"text-align: center\"><span style=\"font-family: verdana, geneva, sans-serif;font-size: 12pt\"><strong>CAP\u00cdTULO I<\/strong><\/span><br \/>\n<span style=\"font-family: verdana, geneva, sans-serif;font-size: 12pt\"><strong>DAS DISPOSI\u00c7\u00d5ES PRELIMINARES<\/strong><\/span><\/p>\n<p style=\"text-align: left;padding-left: 80px\"><span style=\"font-family: verdana, geneva, sans-serif;font-size: 12pt\"><strong>\u00a0 \u00a0 Art. 1\u00ba. <\/strong>A presente Resolu\u00e7\u00e3o estabelece as orienta\u00e7\u00f5es para o processo de solicita\u00e7\u00e3o e<\/span><br \/>\n<span style=\"font-family: verdana, geneva, sans-serif;font-size: 12pt\">aquisi\u00e7\u00e3o de materiais bibliogr\u00e1ficos na Universidade Estadual do Norte do Paran\u00e1 \u2013 UENP.<\/span><\/p>\n<p style=\"text-align: left;padding-left: 80px\"><span style=\"font-family: verdana, geneva, sans-serif;font-size: 12pt\"><strong>\u00a0 \u00a0 Art. 2\u00ba.<\/strong> Os materiais bibliogr\u00e1ficos solicitados e adquiridos, por compra ou doa\u00e7\u00e3o, se<\/span><br \/>\n<span style=\"font-family: verdana, geneva, sans-serif;font-size: 12pt\">destinam a apoiar as atividades institucionais de ensino, pesquisa e extens\u00e3o.<\/span><\/p>\n<p style=\"text-align: left;padding-left: 80px\"><span style=\"font-family: verdana, geneva, sans-serif;font-size: 12pt\"><strong>\u00a0 \u00a0 Art. 3\u00ba.<\/strong> A gest\u00e3o das orienta\u00e7\u00f5es para solicita\u00e7\u00e3o e aquisi\u00e7\u00e3o de materiais bibliogr\u00e1ficos<\/span><br \/>\n<span style=\"font-family: verdana, geneva, sans-serif;font-size: 12pt\">ser\u00e1 realizada pela Comiss\u00e3o Consultiva das Bibliotecas, composta por 1 (um) representante da biblioteca de cada campus da UENP e, presidida, por um bibliotec\u00e1rio com forma\u00e7\u00e3o superior em Biblioteconomia.<\/span><\/p>\n<p style=\"text-align: center\"><span style=\"font-family: verdana, geneva, sans-serif;font-size: 12pt\"><strong>CAPITULO II<\/strong><\/span><br \/>\n<span style=\"font-family: verdana, geneva, sans-serif;font-size: 12pt\"><strong>DO ACERVO<\/strong><\/span><\/p>\n<p style=\"text-align: left;padding-left: 80px\"><span style=\"font-family: verdana, geneva, sans-serif;font-size: 12pt\"><strong>\u00a0 \u00a0 Art. 4\u00ba.<\/strong> O acervo das bibliotecas centrais e setoriais tem por objetivo atender \u00e0 comunidade interna da Universidade (alunos, professores e agentes universit\u00e1rios) e ao p\u00fablico externo, fornecendo apoio ao desenvolvimento das atividades acad\u00eamicas.<\/span><\/p>\n<p style=\"text-align: left;padding-left: 80px\"><span style=\"font-family: verdana, geneva, sans-serif;font-size: 12pt\"><strong>\u00a0 \u00a0 Art. 5\u00ba.<\/strong> Cada biblioteca da UENP abrigar\u00e1 os t\u00edtulos pertinentes aos cursos e programas<\/span><br \/>\n<span style=\"font-family: verdana, geneva, sans-serif;font-size: 12pt\">oferecidos nos respectivos campi.<\/span><\/p>\n<p style=\"padding-left: 80px\"><span style=\"font-family: verdana, geneva, sans-serif;font-size: 12pt\"><strong>\u00a0 \u00a0 Art. 6\u00ba.<\/strong> O acervo das bibliotecas centrais e setoriais dos campi ser\u00e1 constitu\u00eddo, de acordo com os recursos financeiros dispon\u00edveis, contemplando os diversos tipos de materiais, nos diferentes formatos, como:<\/span><\/p>\n<ol>\n<li style=\"list-style-type: none\">\n<ol>\n<li style=\"list-style-type: none\">\n<ol>\n<li style=\"list-style-type: none\">\n<ol>\n<li style=\"list-style-type: none\">\n<ol style=\"list-style-type: upper-roman\">\n<li><span style=\"font-family: verdana, geneva, sans-serif;font-size: 12pt\">livros;<\/span><\/li>\n<li><span style=\"font-family: verdana, geneva, sans-serif;font-size: 12pt\">obras de refer\u00eancia: dicion\u00e1rios lingu\u00edsticos, bibliogr\u00e1ficos e especializados e enciclop\u00e9dias;<\/span><\/li>\n<li><span style=\"font-family: verdana, geneva, sans-serif;font-size: 12pt\">peri\u00f3dicos: jornais, revista especializadas e gerais;<\/span><\/li>\n<li><span style=\"font-family: verdana, geneva, sans-serif;font-size: 12pt\">multimeios: DVD, CD-ROM, etc;<\/span><\/li>\n<li><span style=\"font-family: verdana, geneva, sans-serif;font-size: 12pt\">produ\u00e7\u00e3o intelectual da Institui\u00e7\u00e3o;<\/span><\/li>\n<li><span style=\"font-family: verdana, geneva, sans-serif;font-size: 12pt\">recursos digitais: e-books, base de dados.<\/span><\/li>\n<\/ol>\n<\/li>\n<\/ol>\n<\/li>\n<\/ol>\n<\/li>\n<\/ol>\n<\/li>\n<\/ol>\n<p style=\"text-align: left;padding-left: 80px\"><span style=\"font-family: verdana, geneva, sans-serif;font-size: 12pt\"><strong>\u00a0 \u00a0 Art. 7\u00ba.<\/strong> Os materiais bibliogr\u00e1ficos solicitados, quando relacionados \u00e0s atividades de ensino, dever\u00e3o constar na bibliografia b\u00e1sica e complementar das disciplinas dos cursos, inserida no Sistema Unificado de Administra\u00e7\u00e3o P\u00fablica &#8211; SUAP.<\/span><\/p>\n<p style=\"text-align: left;padding-left: 80px\"><span style=\"font-family: verdana, geneva, sans-serif;font-size: 12pt\">\u00a0 \u00a0 Par\u00e1grafo\u00a0\u00fanico. \u00c9 responsabilidade do corpo docente manter atualizada a bibliogr\u00e1fica b\u00e1sica e complementar das disciplinas dos cursos.<\/span><\/p>\n<p style=\"text-align: left;padding-left: 80px\"><span style=\"font-family: verdana, geneva, sans-serif;font-size: 12pt\"><strong>\u00a0 \u00a0 Art. 8\u00ba.<\/strong> Os materiais bibliogr\u00e1ficos destinados ao apoio das atividades de pesquisa e extens\u00e3o dever\u00e3o constar nos respectivos projetos e, quando adquiridos, ser\u00e3o incorporados \u00e0 cole\u00e7\u00e3o das bibliotecas centrais e setoriais da UENP.<\/span><\/p>\n<p style=\"text-align: left;padding-left: 80px\"><span style=\"font-family: verdana, geneva, sans-serif;font-size: 12pt\"><strong>\u00a0 \u00a0 Art. 9\u00ba.<\/strong> Al\u00e9m dos materiais constantes nos artigos 7\u00ba e 8\u00ba, o acervo tamb\u00e9m ser\u00e1 constitu\u00eddo por obras de refer\u00eancia em \u00e1reas e assuntos espec\u00edficos dos cursos de cada campus.<\/span><\/p>\n<p style=\"text-align: center\"><span style=\"font-family: verdana, geneva, sans-serif;font-size: 12pt\"><strong>CAP\u00cdTULO III<\/strong><\/span><br \/>\n<span style=\"font-family: verdana, geneva, sans-serif;font-size: 12pt\"><strong>DA SELE\u00c7\u00c3O DOS MATERIAIS BIBLIOGR\u00c1FICOS<\/strong><\/span><\/p>\n<p style=\"padding-left: 80px\"><span style=\"font-family: verdana, geneva, sans-serif;font-size: 12pt\"><strong>\u00a0 \u00a0 Art. 10\u00b0.<\/strong> Todos os materiais solicitados e recebidos pelas bibliotecas obedecer\u00e3o aos crit\u00e9rios de sele\u00e7\u00e3o definidos na presente Resolu\u00e7\u00e3o, exceto teses, disserta\u00e7\u00e3o e trabalhos de conclus\u00e3o de curso.<\/span><\/p>\n<p style=\"text-align: center\"><span style=\"font-family: verdana, geneva, sans-serif;font-size: 12pt\"><strong>Se\u00e7\u00e3o I<\/strong><\/span><br \/>\n<span style=\"font-family: verdana, geneva, sans-serif;font-size: 12pt\"><strong>Crit\u00e9rios de Sele\u00e7\u00e3o<\/strong><\/span><\/p>\n<p style=\"padding-left: 80px\"><span style=\"font-family: verdana, geneva, sans-serif;font-size: 12pt\"><strong>\u00a0 \u00a0 Art. 11.<\/strong> O processo de sele\u00e7\u00e3o dos materiais bibliogr\u00e1ficos para a aquisi\u00e7\u00e3o ser\u00e1 influenciado por quatro grande fatores: assunto, usu\u00e1rios, documentos e pre\u00e7o.<\/span><\/p>\n<p style=\"text-align: left;padding-left: 80px\"><span style=\"font-family: verdana, geneva, sans-serif;font-size: 12pt\"><strong>\u00a0 \u00a0 Art. 12.<\/strong> A sele\u00e7\u00e3o de materiais bibliogr\u00e1ficos obedecer\u00e1 aos seguintes crit\u00e9rios:<\/span><\/p>\n<ol>\n<li style=\"list-style-type: none\">\n<ol>\n<li style=\"list-style-type: none\">\n<ol>\n<li style=\"list-style-type: none\">\n<ol style=\"list-style-type: upper-roman\">\n<li><span style=\"font-family: verdana, geneva, sans-serif;font-size: 12pt\">autoridade: qualidade do material a partir da respeitabilidade dos autores, editores e<\/span><br \/>\n<span style=\"font-family: verdana, geneva, sans-serif;font-size: 12pt\">tradutores;<\/span><\/li>\n<li><span style=\"font-family: verdana, geneva, sans-serif;font-size: 12pt\">atualidade do conte\u00fado: adequa\u00e7\u00e3o do conte\u00fado abordado no material aos assuntos<\/span><br \/>\n<span style=\"font-family: verdana, geneva, sans-serif;font-size: 12pt\">vigentes nas respectivas \u00e1reas de conhecimento;<\/span><\/li>\n<li><span style=\"font-family: verdana, geneva, sans-serif;font-size: 12pt\">cobertura: se a obra possui o n\u00edvel de vocabul\u00e1rio e conhecimento compat\u00edvel ao<\/span><br \/>\n<span style=\"font-family: verdana, geneva, sans-serif;font-size: 12pt\">conhecimento t\u00e9cnico dos usu\u00e1rios;<\/span><\/li>\n<li><span style=\"font-family: verdana, geneva, sans-serif;font-size: 12pt\">precis\u00e3o: exatid\u00e3o e rigor nos assuntos abordados;<\/span><\/li>\n<li><span style=\"font-family: verdana, geneva, sans-serif;font-size: 12pt\">imparcialidade: apresenta\u00e7\u00e3o dos assuntos de forma justa, sem a exist\u00eancia de<\/span><br \/>\n<span style=\"font-family: verdana, geneva, sans-serif;font-size: 12pt\">preconceitos;<\/span><\/li>\n<li><span style=\"font-family: verdana, geneva, sans-serif;font-size: 12pt\">custo: o custo da aquisi\u00e7\u00e3o do material de acordo com a verba dispon\u00edvel para a<\/span><br \/>\n<span style=\"font-family: verdana, geneva, sans-serif;font-size: 12pt\">biblioteca;<\/span><\/li>\n<li><span style=\"font-family: verdana, geneva, sans-serif;font-size: 12pt\">idioma: o bibliotec\u00e1rio respons\u00e1vel deve ter conhecimento, por meio do estudo de<\/span><br \/>\n<span style=\"font-family: verdana, geneva, sans-serif;font-size: 12pt\">comunidade, qual l\u00edngua \u00e9 acess\u00edvel e compreens\u00edvel aos usu\u00e1rios;<\/span><\/li>\n<li><span style=\"font-family: verdana, geneva, sans-serif;font-size: 12pt\">relev\u00e2ncia\/interesse: por meio do estudo de comunidade, deve-se julgar qual a<\/span><br \/>\n<span style=\"font-family: verdana, geneva, sans-serif;font-size: 12pt\">utilidade do t\u00edtulo para o campus e tamb\u00e9m considerar as cole\u00e7\u00f5es j\u00e1 existentes na biblioteca;<\/span><\/li>\n<li><span style=\"font-family: verdana, geneva, sans-serif;font-size: 12pt\">durabilidade: obsolesc\u00eancia do formato;<\/span><\/li>\n<li><span style=\"font-family: verdana, geneva, sans-serif;font-size: 12pt\">acesso: compatibilidade dos recursos aos dispositivos eletr\u00f4nicos da biblioteca;<\/span><\/li>\n<li><span style=\"font-family: verdana, geneva, sans-serif;font-size: 12pt\">suporte: tipo de suporte do material e a viabilidade do mesmo.<\/span><\/li>\n<\/ol>\n<\/li>\n<\/ol>\n<\/li>\n<\/ol>\n<\/li>\n<\/ol>\n<p style=\"text-align: left;padding-left: 80px\"><span style=\"font-family: verdana, geneva, sans-serif;font-size: 12pt\"><strong>\u00a0 \u00a0 Art. 13.<\/strong> Caber\u00e1 ao corpo docente a sele\u00e7\u00e3o qualitativa, com participa\u00e7\u00e3o do Dire\u00e7\u00e3o do Centro de Estudos a que est\u00e1 vinculado.<\/span><\/p>\n<p style=\"text-align: left;padding-left: 80px\"><span style=\"font-family: verdana, geneva, sans-serif;font-size: 12pt\"><strong>\u00a0 \u00a0 Art. 14.<\/strong> As quantidades dos materiais solicitados para aquisi\u00e7\u00e3o atender\u00e3o \u00e1s definidas pelos instrumentos avaliativos dos \u00f3rg\u00e3os de regula\u00e7\u00e3o, tendo em vista o &#8220;conceito 5&#8221;, bem como o n\u00famero de alunos matriculados nas disciplinas.<\/span><\/p>\n<p style=\"padding-left: 80px\"><span style=\"font-family: verdana, geneva, sans-serif;font-size: 12pt\">\u00a0 \u00a0 Par\u00e1grafo \u00fanico. O n\u00famero de exemplares poder\u00e1 ser alterado quando houver mudan\u00e7a dos crit\u00e9rios determinados pelo \u00f3rg\u00e3o de regula\u00e7\u00e3o.<\/span><\/p>\n<p style=\"padding-left: 80px\"><span style=\"font-family: verdana, geneva, sans-serif;font-size: 12pt\">\u00a0 \u00a0 <strong>Art<\/strong>. <strong>15.<\/strong> Os casos especiais de aumento de costas de compra dever\u00e3o ser justificado e, posteriormente, estudantes pela Comiss\u00e3o Consulta das Bibliotecas.<\/span><\/p>\n<p style=\"text-align: center\"><span style=\"font-family: verdana, geneva, sans-serif;font-size: 12pt\"><strong>Se\u00e7\u00e3o II<\/strong><\/span><br \/>\n<span style=\"font-family: verdana, geneva, sans-serif;font-size: 12pt\"><strong>Doa\u00e7\u00e3o<\/strong><\/span><\/p>\n<p style=\"text-align: left;padding-left: 80px\"><span style=\"font-family: verdana, geneva, sans-serif;font-size: 12pt\"><strong>\u00a0 \u00a0 Art. 16.<\/strong> As bibliotecas centrais e setoriais da UENP poder\u00e3o receber materiais oriundos de doa\u00e7\u00e3o, de pessoas f\u00edsicas ou jur\u00eddicas, por solicita\u00e7\u00e3o da pr\u00f3pria Institui\u00e7\u00e3o ou voluntariamente oferecidos.<\/span><\/p>\n<p style=\"text-align: left;padding-left: 80px\"><span style=\"font-family: verdana, geneva, sans-serif;font-size: 12pt\"><strong>\u00a0 \u00a0 Art. 17.<\/strong> A apresenta\u00e7\u00e3o e entrega dos itens a serem doados devem ser realizadas, exclusivamente, nas bibliotecas das unidades e entregas aos servidores do setor.<\/span><\/p>\n<p style=\"text-align: left;padding-left: 80px\"><span style=\"font-family: verdana, geneva, sans-serif;font-size: 12pt\"><strong>\u00a0 \u00a0 Art. 18.<\/strong> Para o recebimento de materiais, ser\u00e1 solicitado ao doador o preenchimento do termo de doa\u00e7\u00e3o (Anexo II), Incluindo a lista de materiais recebidos por doa\u00e7\u00e3o.<\/span><\/p>\n<p style=\"text-align: left;padding-left: 80px\"><span style=\"font-family: verdana, geneva, sans-serif;font-size: 12pt\"><strong>\u00a0 \u00a0 Art. 19.<\/strong> Para doa\u00e7\u00e3o de materiais em quantidade superior de 50 (cinquenta) itens\/exemplares, antes de apresentar o material \u00e0 biblioteca, dever\u00e1 o doador entrar em contato, por meio de canais oficiais, com o respons\u00e1vel pela biblioteca a qual deseja doar, manifestando o interesse na doa\u00e7\u00e3o e agendamento uma data para apresenta\u00e7\u00e3o dos itens.<\/span><\/p>\n<p style=\"text-align: left;padding-left: 80px\"><span style=\"font-family: verdana, geneva, sans-serif;font-size: 12pt\"><strong>\u00a0 \u00a0 Art. 20.<\/strong> As doa\u00e7\u00f5es poder\u00e3o ser requeridas a t\u00edtulo de interesse das bibliotecas, sempre que poss\u00edvel, \u00e0s institui\u00e7\u00f5es p\u00fablicas e privadas, entidades cient\u00edficas e culturais.<\/span><\/p>\n<p style=\"text-align: left;padding-left: 80px\"><span style=\"font-family: verdana, geneva, sans-serif;font-size: 12pt\"><strong>\u00a0 \u00a0 Art. 21.<\/strong> Paras as doa\u00e7\u00f5es espont\u00e2neas, ser\u00e3o aplicadas os mesmos crit\u00e9rios de sele\u00e7\u00e3o anteriormente descritos.<\/span><\/p>\n<p style=\"padding-left: 80px\"><span style=\"font-family: verdana, geneva, sans-serif;font-size: 12pt\">\u00a0 \u00a0 Par\u00e1grafo\u00a0\u00fanico. N\u00e3o ser\u00e3o aceitos como doa\u00e7\u00e3o:<\/span><\/p>\n<ol>\n<li style=\"list-style-type: none\">\n<ol>\n<li style=\"list-style-type: none\">\n<ol>\n<li style=\"list-style-type: none\">\n<ol style=\"list-style-type: upper-roman\">\n<li><span style=\"font-family: verdana, geneva, sans-serif;font-size: 12pt\">xerox de material bibliogr\u00e1fico;<\/span><\/li>\n<li><span style=\"font-family: verdana, geneva, sans-serif;font-size: 12pt\">materiais danificados ou em mau estado de convers\u00e3o;<\/span><\/li>\n<li><span style=\"font-family: verdana, geneva, sans-serif;font-size: 12pt\">materiais em suporte obsoletos para quais a biblioteca n\u00e3o possua equipamento para acessar seu conte\u00fado;<\/span><\/li>\n<li><span style=\"font-family: verdana, geneva, sans-serif;font-size: 12pt\">materiais publicados h\u00e1 mais de seis anos, cujo o conte\u00fado esteja desatualizado e n\u00e3o possui valor hist\u00f3rico;<\/span><\/li>\n<li><span style=\"font-family: verdana, geneva, sans-serif;font-size: 12pt\">exemplares de obras j\u00e1 existentes no acervo da biblioteca em n\u00famero suficiente;<\/span><\/li>\n<\/ol>\n<\/li>\n<\/ol>\n<\/li>\n<\/ol>\n<\/li>\n<\/ol>\n<p style=\"text-align: center\"><span style=\"font-family: verdana, geneva, sans-serif;font-size: 12pt\"><strong>CAP\u00cdTULO IV<\/strong><\/span><br \/>\n<span style=\"font-family: verdana, geneva, sans-serif;font-size: 12pt\"><strong>DO PROCEDIMENTO PARA A SOLICITA\u00c7\u00d5ES DE MATERIAIS BIBLIOGR\u00c1FICOS<\/strong><\/span><\/p>\n<p style=\"text-align: left;padding-left: 80px\"><span style=\"font-family: verdana, geneva, sans-serif;font-size: 12pt\"><strong>\u00a0 \u00a0 Art. 22.<\/strong> O solicitante encaminhar\u00e1 por e-mail, ao Diretor do Centro de Estudos ao qual est\u00e1 vinculado, pedido de aquisi\u00e7\u00e3o de materiais bibliogr\u00e1ficos, juntamente com a planilha preenchida (Anexo I).<\/span><\/p>\n<p style=\"text-align: left;padding-left: 80px\"><span style=\"font-family: verdana, geneva, sans-serif;font-size: 12pt\">\u00a0 \u00a0Par\u00e1grafo \u00fanico. Poder\u00e1 solicitar aquisi\u00e7\u00e3o de materiais os docentes, coordenadores de curso e de programa de p\u00f3s-gradua\u00e7\u00e3o;<\/span><\/p>\n<p style=\"text-align: left;padding-left: 80px\"><span style=\"font-family: verdana, geneva, sans-serif;font-size: 12pt\"><strong>\u00a0 \u00a0 Art. 23.<\/strong> Ap\u00f3s parecer favor\u00e1vel, o Diretor de Centro de\u00a0 Estudos enviar\u00e1 o pedido \u00e0 biblioteca correspondente, para que o bibliotec\u00e1rio realize a confer\u00eancia de exemplares existentes to cat\u00e1logo GNUTECA e a avalia\u00e7\u00e3o quanto ao crit\u00e9rios de sele\u00e7\u00e3o, estabelecido pela Institui\u00e7\u00e3o.<\/span><\/p>\n<p style=\"text-align: left;padding-left: 80px\"><span style=\"font-family: verdana, geneva, sans-serif;font-size: 12pt\">\u00a0 \u00a0 Par\u00e1grafo \u00fanico. O prazo para confer\u00eancia e decis\u00e3o do bibliotec\u00e1rio seguir\u00e1 os seguintes crit\u00e9rios:<\/span><\/p>\n<ol>\n<li style=\"list-style-type: none\">\n<ol>\n<li style=\"list-style-type: none\">\n<ol>\n<li style=\"list-style-type: none\">\n<ol style=\"list-style-type: upper-roman\">\n<li><span style=\"font-family: verdana, geneva, sans-serif;font-size: 12pt\">at\u00e9 150 t\u00edtulos, prazo de 5 dias;<\/span><\/li>\n<li><span style=\"font-family: verdana, geneva, sans-serif;font-size: 12pt\">de 151 a 250 t\u00edtulos, prazo de 7 dias;\u00a0<\/span><\/li>\n<li><span style=\"font-family: verdana, geneva, sans-serif;font-size: 12pt\">de 251 a 350 t\u00edtulos, prazo de 10 dias;<\/span><\/li>\n<li><span style=\"font-family: verdana, geneva, sans-serif;font-size: 12pt\">de 351 a 500 t\u00edtulos, prazo de 15 dias;<\/span><\/li>\n<li><span style=\"font-family: verdana, geneva, sans-serif;font-size: 12pt\">acima de 500 t\u00edtulos, o prazo ser\u00e1 negociado entre bibliotec\u00e1rio e solicitante, a depender da demanda.<\/span><\/li>\n<\/ol>\n<\/li>\n<\/ol>\n<\/li>\n<\/ol>\n<\/li>\n<\/ol>\n<p style=\"text-align: left;padding-left: 80px\"><span style=\"font-family: verdana, geneva, sans-serif;font-size: 12pt\"><strong>\u00a0 \u00a0 Art. 24.<\/strong> Realizando a confer\u00eancia, o bibliotec\u00e1rio, se for o caso, entrar\u00e1 em contato com o solicitante para adequa\u00e7\u00e3o aos crit\u00e9rios e\/ou poss\u00edveis indica\u00e7\u00f5es de obras\u00a0 para composi\u00e7\u00e3o da cole\u00e7\u00e3o.<\/span><\/p>\n<p style=\"text-align: left;padding-left: 80px\"><span style=\"font-family: verdana, geneva, sans-serif;font-size: 12pt\"><strong>\u00a0 \u00a0 Art. 25.<\/strong> Com a posi\u00e7\u00e3o favor\u00e1vel do bibliotec\u00e1rio, o processo ser\u00e1 enviado\u00a0 ao Departamento de Planejamento do Campus, para parecer a tr\u00e2mite de aquisi\u00e7\u00e3o.<\/span><\/p>\n<p style=\"padding-left: 80px\"><span style=\"font-family: verdana, geneva, sans-serif;font-size: 12pt\"><strong>\u00a0 \u00a0 Art. 26.<\/strong> A solicita\u00e7\u00e3o encaminhada fora destas orienta\u00e7\u00f5es ou com parecer negativo ser\u00e1 devolvida para corre\u00e7\u00e3o ou arquivamento.<\/span><\/p>\n<p style=\"text-align: center\"><span style=\"font-family: verdana, geneva, sans-serif;font-size: 12pt\"><strong>CAP\u00cdTULO V<\/strong><\/span><br \/>\n<span style=\"font-family: verdana, geneva, sans-serif;font-size: 12pt\"><strong>DAS DISPOSI\u00c7\u00d5ES FINAIS\u00a0<\/strong><\/span><\/p>\n<p style=\"padding-left: 80px\"><span style=\"font-family: verdana, geneva, sans-serif;font-size: 12pt\"><strong>\u00a0 \u00a0 Art. 27.<\/strong> Os casos n\u00e3o completados pela Resolu\u00e7\u00e3o ser\u00e3o avaliados e decididos pela Comiss\u00e3o Consultiva das Bibliotecas.\u00a0<\/span><\/p>\n<p style=\"text-align: left\"><span style=\"font-family: verdana, geneva, sans-serif;font-size: 12pt\"><strong>Fonte<\/strong>: CAD\/UENP (<a href=\"https:\/\/uenp.edu.br\/doc-conselhos-uenp\/cad\/cad-resolucoes\/cad-resolucoes-2023\/24192-resolucao-002-2023-cad-uenp\/file\" target=\"_blank\" rel=\"noopener\">002\/2023<\/a>).<\/span><\/p>\n","protected":false},"excerpt":{"rendered":"","protected":false},"author":4,"featured_media":0,"parent":27,"menu_order":0,"comment_status":"closed","ping_status":"closed","template":"","meta":{"footnotes":""},"class_list":["post-1621","page","type-page","status-publish","hentry"],"_links":{"self":[{"href":"https:\/\/sbu.uenp.edu.br\/clm\/wp-json\/wp\/v2\/pages\/1621","targetHints":{"allow":["GET"]}}],"collection":[{"href":"https:\/\/sbu.uenp.edu.br\/clm\/wp-json\/wp\/v2\/pages"}],"about":[{"href":"https:\/\/sbu.uenp.edu.br\/clm\/wp-json\/wp\/v2\/types\/page"}],"author":[{"embeddable":true,"href":"https:\/\/sbu.uenp.edu.br\/clm\/wp-json\/wp\/v2\/users\/4"}],"replies":[{"embeddable":true,"href":"https:\/\/sbu.uenp.edu.br\/clm\/wp-json\/wp\/v2\/comments?post=1621"}],"version-history":[{"count":43,"href":"https:\/\/sbu.uenp.edu.br\/clm\/wp-json\/wp\/v2\/pages\/1621\/revisions"}],"predecessor-version":[{"id":1803,"href":"https:\/\/sbu.uenp.edu.br\/clm\/wp-json\/wp\/v2\/pages\/1621\/revisions\/1803"}],"up":[{"embeddable":true,"href":"https:\/\/sbu.uenp.edu.br\/clm\/wp-json\/wp\/v2\/pages\/27"}],"wp:attachment":[{"href":"https:\/\/sbu.uenp.edu.br\/clm\/wp-json\/wp\/v2\/media?parent=1621"}],"curies":[{"name":"wp","href":"https:\/\/api.w.org\/{rel}","templated":true}]}}