{"id":1602,"date":"2025-07-08T15:26:48","date_gmt":"2025-07-08T18:26:48","guid":{"rendered":"https:\/\/sbu.uenp.edu.br\/clm\/?page_id=1602"},"modified":"2025-07-08T15:26:48","modified_gmt":"2025-07-08T18:26:48","slug":"bibliografia-basica-em-lingua-estrangeira","status":"publish","type":"page","link":"https:\/\/sbu.uenp.edu.br\/clm\/normativas\/bibliografia-basica-em-lingua-estrangeira\/","title":{"rendered":"Bibliografia b\u00e1sica em L\u00edngua Estrangeira"},"content":{"rendered":"<hr \/>\n<p style=\"text-align: center\"><span style=\"font-family: verdana, geneva, sans-serif;font-size: 12pt\"><strong>RESOLU\u00c7\u00c3O N\u00ba 013\/2014 \u2013 CEPE\/UENP<\/strong><\/span><\/p>\n<p style=\"padding-left: 280px;text-align: left\"><span style=\"font-family: verdana, geneva, sans-serif;font-size: 12pt\"><strong>S\u00famula:<\/strong> Estabelece procedimentos relativos \u00e0 inser\u00e7\u00e3o de bibliografia b\u00e1sica em L\u00edngua Estrangeira nos Planos de Ensino dos cursos cursos de gradua\u00e7\u00e3o e p\u00f3s-gradua\u00e7\u00e3o da UENP.<\/span><\/p>\n<p style=\"text-align: left;padding-left: 280px\"><span style=\"font-family: verdana, geneva, sans-serif;font-size: 12pt\">CONSIDERANDO a necessidade de inser\u00e7\u00e3o da UENP no cen\u00e1rio <\/span><span style=\"font-family: verdana, geneva, sans-serif;font-size: 12pt\">internacional, bem como o fortalecimento de divulga\u00e7\u00e3o cient\u00edfica <\/span><span style=\"font-family: verdana, geneva, sans-serif;font-size: 12pt\">e acad\u00eamica em l\u00ednguas estrangeira;<\/span><\/p>\n<p style=\"text-align: left;padding-left: 280px\"><span style=\"font-family: verdana, geneva, sans-serif;font-size: 12pt\">CONSIDERANDO o n\u00famero de livros f\u00edsico em l\u00edngua estrangeira <\/span><span style=\"font-family: verdana, geneva, sans-serif;font-size: 12pt\">dispon\u00edvel nas bibliotecas da UENP; <\/span><span style=\"font-family: verdana, geneva, sans-serif;font-size: 12pt\">A Reitoria da Universidade Estadual do Norte do Paran\u00e1 \u2013 UENP, <\/span><span style=\"font-family: verdana, geneva, sans-serif;font-size: 12pt\">Profa. F\u00e1tima Aparecida da Cruz Padoan, nomeada pelo decreto <\/span><span style=\"font-family: verdana, geneva, sans-serif;font-size: 12pt\">n\u00b0 11435, de 26 de Junho de 2014, do Governo do Estado do Paran\u00e1, no uso de suas atribui\u00e7\u00e3o legais e regimentais HOMOLOGA a seguinte:<\/span><\/p>\n<p style=\"text-align: left;padding-left: 280px\"><span style=\"font-family: verdana, geneva, sans-serif;font-size: 12pt\">CONSIDERANDO aprova\u00e7\u00e3o pelo Conselho de Ensino, <\/span><span style=\"font-family: verdana, geneva, sans-serif;font-size: 12pt\">Pesquisa e Extens\u00e3o \u2013 CEPE, em reuni\u00e3o realizada em <\/span><span style=\"font-family: verdana, geneva, sans-serif;font-size: 12pt\">20 de agosto de 2014.<\/span><\/p>\n<p style=\"text-align: center\"><span style=\"font-family: verdana, geneva, sans-serif;font-size: 12pt\"><strong>RESOLU\u00c7\u00c3O<\/strong><\/span><\/p>\n<p style=\"text-align: left;padding-left: 80px\"><span style=\"font-family: verdana, geneva, sans-serif;font-size: 12pt\"><strong>\u00a0 \u00a0 Art. 1\u00b0.<\/strong> Determinar a inclus\u00e3o de bibliografia em l\u00edngua estrangeira nos Planos de das disciplinas obrigat\u00f3rias da grade curricular dos cursos de gradua\u00e7\u00e3o e p\u00f3s gradua\u00e7\u00e3o da UENP.<\/span><\/p>\n<p style=\"padding-left: 120px\"><span style=\"font-family: verdana, geneva, sans-serif;font-size: 12pt\"><strong>\u00a0 \u00a0 \u00a0 \u00a7 1\u00b0.<\/strong> Os planos de Ensino dever\u00e3o prever na bibliografia b\u00e1sica ou complementara ao menos 01(Uma) refer\u00eancia em l\u00edngua estrangeira, dispon\u00edvel f\u00edsica ou eletronicamente.<\/span><\/p>\n<p style=\"text-align: left;padding-left: 120px\"><span style=\"font-family: verdana, geneva, sans-serif;font-size: 12pt\"><strong>\u00a0 \u00a0 \u00a0 \u00a7 2\u00b0.<\/strong> Os colegiados de cursos de gradua\u00e7\u00e3o e de p\u00f3s-gradua\u00e7\u00e3o dever\u00e3o atender aos dispostos nesta resolu\u00e7\u00e3o, nos seguintes termos:<\/span><\/p>\n<ol>\n<li style=\"list-style-type: none\">\n<ol>\n<li style=\"list-style-type: none\">\n<ol>\n<li style=\"list-style-type: none\">\n<ol>\n<li style=\"list-style-type: none\">\n<ol style=\"list-style-type: upper-roman\">\n<li style=\"text-align: left\"><span style=\"font-family: verdana, geneva, sans-serif;font-size: 12pt\">Para o ano letivo de 2015, o m\u00ednimo de 50% das disciplinas;<\/span><\/li>\n<li style=\"text-align: left\"><span style=\"font-family: verdana, geneva, sans-serif;font-size: 12pt\">Para o ano letivo de 2016, 100% das disciplinas.<\/span><\/li>\n<\/ol>\n<\/li>\n<\/ol>\n<\/li>\n<\/ol>\n<\/li>\n<\/ol>\n<\/li>\n<\/ol>\n<p style=\"text-align: left;padding-left: 80px\"><span style=\"font-family: verdana, geneva, sans-serif;font-size: 12pt\"><strong>\u00a0 \u00a0 Art. 2\u00b0.<\/strong> Esta Resolu\u00e7\u00e3o entra em vigor na data de sua publica\u00e7\u00e3o, revogadas as disposi\u00e7\u00f5es em contr\u00e1rio.<\/span><\/p>\n<p style=\"text-align: center\"><span style=\"font-family: verdana, geneva, sans-serif;font-size: 12pt\">Gabinete da Reitora da UENP, em<\/span><br \/>\n<span style=\"font-family: verdana, geneva, sans-serif;font-size: 12pt\">Jacarezinho, 20 de agosto de 2014<\/span><\/p>\n<p style=\"text-align: center\"><strong><span style=\"font-family: verdana, geneva, sans-serif;font-size: 12pt\">F\u00e1tima Aparecida da Cruz Padoan<\/span><\/strong><br \/>\n<span style=\"font-family: verdana, geneva, sans-serif;font-size: 12pt\">Reitora<\/span><\/p>\n<p><span style=\"font-family: verdana, geneva, sans-serif;font-size: 12pt\"><strong>Fonte<\/strong>: CEPE\/UENP (<a href=\"https:\/\/uenp.edu.br\/doc-conselhos-uenp\/cepe\/cepe-resolucoes\/cepe-resolucoes-2014\/4740-resolucao-013-2014-cepe-uenp\/file\" target=\"_blank\" rel=\"noopener\">013\/2014<\/a>).<\/span><\/p>\n","protected":false},"excerpt":{"rendered":"","protected":false},"author":4,"featured_media":0,"parent":27,"menu_order":0,"comment_status":"closed","ping_status":"closed","template":"","meta":{"footnotes":""},"class_list":["post-1602","page","type-page","status-publish","hentry"],"_links":{"self":[{"href":"https:\/\/sbu.uenp.edu.br\/clm\/wp-json\/wp\/v2\/pages\/1602","targetHints":{"allow":["GET"]}}],"collection":[{"href":"https:\/\/sbu.uenp.edu.br\/clm\/wp-json\/wp\/v2\/pages"}],"about":[{"href":"https:\/\/sbu.uenp.edu.br\/clm\/wp-json\/wp\/v2\/types\/page"}],"author":[{"embeddable":true,"href":"https:\/\/sbu.uenp.edu.br\/clm\/wp-json\/wp\/v2\/users\/4"}],"replies":[{"embeddable":true,"href":"https:\/\/sbu.uenp.edu.br\/clm\/wp-json\/wp\/v2\/comments?post=1602"}],"version-history":[{"count":23,"href":"https:\/\/sbu.uenp.edu.br\/clm\/wp-json\/wp\/v2\/pages\/1602\/revisions"}],"predecessor-version":[{"id":1750,"href":"https:\/\/sbu.uenp.edu.br\/clm\/wp-json\/wp\/v2\/pages\/1602\/revisions\/1750"}],"up":[{"embeddable":true,"href":"https:\/\/sbu.uenp.edu.br\/clm\/wp-json\/wp\/v2\/pages\/27"}],"wp:attachment":[{"href":"https:\/\/sbu.uenp.edu.br\/clm\/wp-json\/wp\/v2\/media?parent=1602"}],"curies":[{"name":"wp","href":"https:\/\/api.w.org\/{rel}","templated":true}]}}