{"id":1542,"date":"2025-05-09T11:48:31","date_gmt":"2025-05-09T14:48:31","guid":{"rendered":"https:\/\/sbu.uenp.edu.br\/clm\/?page_id=1542"},"modified":"2025-06-02T11:56:57","modified_gmt":"2025-06-02T14:56:57","slug":"acervo","status":"publish","type":"page","link":"https:\/\/sbu.uenp.edu.br\/clm\/conheca\/acervo\/","title":{"rendered":"Acervo"},"content":{"rendered":"<hr \/>\n<p class=\"\" data-start=\"233\" data-end=\"698\"><span style=\"font-family: verdana, geneva, sans-serif;font-size: 12pt\">A Biblioteca da UENP-CLM tem como miss\u00e3o oferecer suporte informacional \u00e0s atividades de ensino, pesquisa e extens\u00e3o, por meio da disponibiliza\u00e7\u00e3o de um acervo diversificado. Nosso acervo abrange diversas \u00e1reas do conhecimento, com foco especial nas \u00e1reas de atua\u00e7\u00e3o dos cursos ofertados no campus, atendendo estudantes, professores e a comunidade em geral.<\/span><\/p>\n<p class=\"\" data-start=\"700\" data-end=\"866\"><span style=\"font-family: verdana, geneva, sans-serif;font-size: 12pt\">Al\u00e9m da estrutura f\u00edsica tradicional, a biblioteca tamb\u00e9m oferece recursos digitais de acesso remoto, proporcionando comodidade e amplitude na busca por conhecimento. Este servi\u00e7o \u00e9 exclusivo para estudantes regularmente matriculados e docentes vinculados \u00e0 UENP.<br \/>\n<\/span><\/p>\n<p data-start=\"700\" data-end=\"866\"><span style=\"font-family: verdana, geneva, sans-serif;font-size: 12pt\"><strong>Acervo F\u00edsico<\/strong><\/span><\/p>\n<ul style=\"list-style-type: square\" data-start=\"887\" data-end=\"1333\">\n<li class=\"\" data-start=\"887\" data-end=\"1040\">\n<p class=\"\" data-start=\"889\" data-end=\"1040\"><span style=\"font-family: verdana, geneva, sans-serif;font-size: 12pt\">Composto por livros, peri\u00f3dicos, obras de refer\u00eancia, trabalhos acad\u00eamicos (TCCs, disserta\u00e7\u00f5es) e outros suportes informacionais;<\/span><\/p>\n<\/li>\n<li class=\"\" data-start=\"1147\" data-end=\"1235\">\n<p class=\"\" data-start=\"1149\" data-end=\"1235\"><span style=\"font-family: verdana, geneva, sans-serif;font-size: 12pt\">Dispon\u00edvel para consulta local e empr\u00e9stimo domiciliar, conforme normas da biblioteca;<\/span><\/p>\n<\/li>\n<li class=\"\" data-start=\"1236\" data-end=\"1333\">\n<p class=\"\" data-start=\"1238\" data-end=\"1333\"><span style=\"font-family: verdana, geneva, sans-serif;font-size: 12pt\">Atualizado com base nas demandas dos cursos e sugest\u00f5es de docentes.<\/span><\/p>\n<\/li>\n<\/ul>\n<p class=\"\" data-start=\"1238\" data-end=\"1333\"><span style=\"font-family: verdana, geneva, sans-serif;font-size: 12pt\"><strong>Acervo Digital<\/strong><\/span><\/p>\n<p data-start=\"1355\" data-end=\"1376\"><span style=\"font-family: verdana, geneva, sans-serif;font-size: 12pt\"><strong><a href=\"https:\/\/sbu.uenp.edu.br\/clm\/fontes\/minha-biblioteca\/\" target=\"_blank\" rel=\"noopener\">Minha Biblioteca<\/a><\/strong><\/span><\/p>\n<ul style=\"list-style-type: square\" data-start=\"1378\" data-end=\"1749\">\n<li class=\"\" data-start=\"1378\" data-end=\"1476\">\n<p class=\"\" data-start=\"1380\" data-end=\"1476\"><span style=\"font-family: verdana, geneva, sans-serif;font-size: 12pt\">Plataforma online com acesso a milhares de t\u00edtulos acad\u00eamicos em diversas \u00e1reas do conhecimento;<\/span><\/p>\n<\/li>\n<li class=\"\" data-start=\"1477\" data-end=\"1554\">\n<p class=\"\" data-start=\"1479\" data-end=\"1554\"><span style=\"font-family: verdana, geneva, sans-serif;font-size: 12pt\">Dispon\u00edvel 24 horas por dia, de qualquer dispositivo com acesso \u00e0 internet;<\/span><\/p>\n<\/li>\n<li class=\"\" data-start=\"1555\" data-end=\"1647\">\n<p class=\"\" data-start=\"1557\" data-end=\"1647\"><span style=\"font-family: verdana, geneva, sans-serif;font-size: 12pt\">Permite leitura online, marca\u00e7\u00e3o de texto, anota\u00e7\u00f5es e outras funcionalidades interativas;<\/span><\/p>\n<\/li>\n<li class=\"\" data-start=\"1648\" data-end=\"1749\">\n<p class=\"\" data-start=\"1650\" data-end=\"1749\"><span style=\"font-family: verdana, geneva, sans-serif;font-size: 12pt\">Recurso essencial para estudo, pesquisa e aprofundamento tem\u00e1tico, especialmente em formato remoto.<\/span><\/p>\n<\/li>\n<\/ul>\n<p data-start=\"1751\" data-end=\"1782\"><span style=\"font-family: verdana, geneva, sans-serif;font-size: 12pt\"><strong><a href=\"https:\/\/sbu.uenp.edu.br\/clm\/wp-admin\/post.php?post=702&amp;action=edit\" target=\"_blank\" rel=\"noopener\">Biblioteca Virtual Pearson<\/a><\/strong><\/span><\/p>\n<ul style=\"list-style-type: square\" data-start=\"1784\" data-end=\"2143\">\n<li class=\"\" data-start=\"1784\" data-end=\"1862\">\n<p class=\"\" data-start=\"1786\" data-end=\"1862\"><span style=\"font-family: verdana, geneva, sans-serif;font-size: 12pt\">Ambiente digital com acervo focado em obras t\u00e9cnico-cient\u00edficas e did\u00e1ticas;<\/span><\/p>\n<\/li>\n<li class=\"\" data-start=\"1863\" data-end=\"1952\">\n<p class=\"\" data-start=\"1865\" data-end=\"1952\"><span style=\"font-family: verdana, geneva, sans-serif;font-size: 12pt\">T\u00edtulos de grandes editoras e autores renomados, com recursos de leitura personalizada;<\/span><\/p>\n<\/li>\n<li class=\"\" data-start=\"1953\" data-end=\"2058\">\n<p class=\"\" data-start=\"1955\" data-end=\"2058\"><span style=\"font-family: verdana, geneva, sans-serif;font-size: 12pt\">Acesso integrado ao ambiente acad\u00eamico, favorecendo a interdisciplinaridade e a autonomia do estudante.<\/span><\/p>\n<\/li>\n<\/ul>\n<p><span style=\"font-family: verdana, geneva, sans-serif;font-size: 12pt\">Acesse nossa <span class=\"yKMVIe\" role=\"heading\">colet\u00e2nea<\/span> de dados <strong><a href=\"https:\/\/lookerstudio.google.com\/reporting\/e5c04176-6417-4247-a0fc-61db02bef31e\" target=\"_blank\" rel=\"noopener\">aqui<\/a><\/strong>.<\/span><\/p>\n","protected":false},"excerpt":{"rendered":"","protected":false},"author":4,"featured_media":0,"parent":11,"menu_order":0,"comment_status":"closed","ping_status":"closed","template":"","meta":{"footnotes":""},"class_list":["post-1542","page","type-page","status-publish","hentry"],"_links":{"self":[{"href":"https:\/\/sbu.uenp.edu.br\/clm\/wp-json\/wp\/v2\/pages\/1542","targetHints":{"allow":["GET"]}}],"collection":[{"href":"https:\/\/sbu.uenp.edu.br\/clm\/wp-json\/wp\/v2\/pages"}],"about":[{"href":"https:\/\/sbu.uenp.edu.br\/clm\/wp-json\/wp\/v2\/types\/page"}],"author":[{"embeddable":true,"href":"https:\/\/sbu.uenp.edu.br\/clm\/wp-json\/wp\/v2\/users\/4"}],"replies":[{"embeddable":true,"href":"https:\/\/sbu.uenp.edu.br\/clm\/wp-json\/wp\/v2\/comments?post=1542"}],"version-history":[{"count":7,"href":"https:\/\/sbu.uenp.edu.br\/clm\/wp-json\/wp\/v2\/pages\/1542\/revisions"}],"predecessor-version":[{"id":1547,"href":"https:\/\/sbu.uenp.edu.br\/clm\/wp-json\/wp\/v2\/pages\/1542\/revisions\/1547"}],"up":[{"embeddable":true,"href":"https:\/\/sbu.uenp.edu.br\/clm\/wp-json\/wp\/v2\/pages\/11"}],"wp:attachment":[{"href":"https:\/\/sbu.uenp.edu.br\/clm\/wp-json\/wp\/v2\/media?parent=1542"}],"curies":[{"name":"wp","href":"https:\/\/api.w.org\/{rel}","templated":true}]}}