{"id":148,"date":"2024-09-06T15:33:11","date_gmt":"2024-09-06T18:33:11","guid":{"rendered":"https:\/\/sbu.uenp.edu.br\/clm\/?page_id=148"},"modified":"2025-05-05T08:45:01","modified_gmt":"2025-05-05T11:45:01","slug":"bases-de-dados","status":"publish","type":"page","link":"https:\/\/sbu.uenp.edu.br\/clm\/fontes\/bases-de-dados\/","title":{"rendered":"Bases de Dados"},"content":{"rendered":"<hr \/>\n<p><span style=\"font-family: verdana, geneva, sans-serif\">As bases de dados s\u00e3o ferramentas essenciais para o acesso r\u00e1pido e eficiente a informa\u00e7\u00f5es acad\u00eamicas de qualidade. Elas re\u00fanem peri\u00f3dicos cient\u00edficos, livros, artigos, teses, normas t\u00e9cnicas e muito mais, organizados de forma que os usu\u00e1rios possam realizar pesquisas espec\u00edficas por temas, autores, datas e palavras-chave ou descritores\/termos. A BCLM oferece acesso a uma ampla gama de bases de dados, cobrindo diversas \u00e1reas do conhecimento, como ci\u00eancias agr\u00e1rias, biol\u00f3gicas, exatas e da terra e da sa\u00fade.<\/span><\/p>\n<p><span style=\"font-family: verdana, geneva, sans-serif\">Ao utilizar uma base de dados, o usu\u00e1rio tem a vantagem de acessar conte\u00fados revisados por pares, atualizados regularmente e provenientes de fontes confi\u00e1veis. Isso \u00e9 particularmente importante em pesquisas acad\u00eamicas e cient\u00edficas, pois garante a credibilidade das informa\u00e7\u00f5es. Al\u00e9m disso, muitas bases oferecem acesso ao texto completo dos documentos, facilitando o desenvolvimento de projetos, artigos e monografias.<\/span><\/p>\n<p><span style=\"font-family: verdana, geneva, sans-serif\">Na BCLM, o acesso a essas bases pode ser feito de forma simples, atrav\u00e9s do site, utilizando seu login institucional (no caso das bases vinculadas ao Portal CAPES). Tamb\u00e9m disponibilizamos encontros de aperfei\u00e7oamento para que os usu\u00e1rios possam explorar ao m\u00e1ximo os recursos oferecidos por cada base de dados, otimizando suas buscas e garantindo que encontrem as informa\u00e7\u00f5es mais relevantes para suas buscas.<\/span><\/p>\n","protected":false},"excerpt":{"rendered":"","protected":false},"author":4,"featured_media":0,"parent":490,"menu_order":0,"comment_status":"closed","ping_status":"closed","template":"","meta":{"footnotes":""},"class_list":["post-148","page","type-page","status-publish","hentry"],"_links":{"self":[{"href":"https:\/\/sbu.uenp.edu.br\/clm\/wp-json\/wp\/v2\/pages\/148","targetHints":{"allow":["GET"]}}],"collection":[{"href":"https:\/\/sbu.uenp.edu.br\/clm\/wp-json\/wp\/v2\/pages"}],"about":[{"href":"https:\/\/sbu.uenp.edu.br\/clm\/wp-json\/wp\/v2\/types\/page"}],"author":[{"embeddable":true,"href":"https:\/\/sbu.uenp.edu.br\/clm\/wp-json\/wp\/v2\/users\/4"}],"replies":[{"embeddable":true,"href":"https:\/\/sbu.uenp.edu.br\/clm\/wp-json\/wp\/v2\/comments?post=148"}],"version-history":[{"count":14,"href":"https:\/\/sbu.uenp.edu.br\/clm\/wp-json\/wp\/v2\/pages\/148\/revisions"}],"predecessor-version":[{"id":1462,"href":"https:\/\/sbu.uenp.edu.br\/clm\/wp-json\/wp\/v2\/pages\/148\/revisions\/1462"}],"up":[{"embeddable":true,"href":"https:\/\/sbu.uenp.edu.br\/clm\/wp-json\/wp\/v2\/pages\/490"}],"wp:attachment":[{"href":"https:\/\/sbu.uenp.edu.br\/clm\/wp-json\/wp\/v2\/media?parent=148"}],"curies":[{"name":"wp","href":"https:\/\/api.w.org\/{rel}","templated":true}]}}