{"id":1250,"date":"2025-02-11T08:20:51","date_gmt":"2025-02-11T11:20:51","guid":{"rendered":"https:\/\/sbu.uenp.edu.br\/clm\/?page_id=1250"},"modified":"2025-05-05T09:57:52","modified_gmt":"2025-05-05T12:57:52","slug":"plagio","status":"publish","type":"page","link":"https:\/\/sbu.uenp.edu.br\/clm\/orientacoes\/integridade-academica\/plagio\/","title":{"rendered":"Pl\u00e1gio"},"content":{"rendered":"<hr \/>\n<p><span style=\"font-family: verdana, geneva, sans-serif\">O pl\u00e1gio \u00e9 uma pr\u00e1tica grave que consiste na apropria\u00e7\u00e3o indevida de ideias, textos ou obras alheias sem o devido cr\u00e9dito ao autor original. Na academia, essa conduta \u00e9 considerada uma viola\u00e7\u00e3o \u00e9tica e pode acarretar penalidades, desde reprova\u00e7\u00e3o em trabalhos at\u00e9 consequ\u00eancias jur\u00eddicas. A produ\u00e7\u00e3o intelectual deve ser pautada pela honestidade, criatividade e respeito \u00e0 propriedade alheia, fundamentais para o desenvolvimento cient\u00edfico e educacional.<\/span><\/p>\n<p><span style=\"font-family: verdana, geneva, sans-serif\">Para evitar o pl\u00e1gio, \u00e9 essencial adotar boas pr\u00e1ticas de pesquisa e escrita acad\u00eamica, como a cita\u00e7\u00e3o correta de fontes, o uso de par\u00e1frases com refer\u00eancia e a consulta a manuais de normatiza\u00e7\u00e3o (ex.: <strong><a href=\"https:\/\/sbu.uenp.edu.br\/clm\/orientacoes\/normas-academicas\/\" target=\"_blank\" rel=\"noopener\">ABNT<\/a><\/strong>). Ferramentas de verifica\u00e7\u00e3o de similaridade podem auxiliar na identifica\u00e7\u00e3o de trechos copiados inadvertidamente. Lembre-se: o conhecimento se constr\u00f3i com base no di\u00e1logo cr\u00edtico com outras obras, mas sempre com atribui\u00e7\u00e3o transparente aos autores consultados.<\/span><\/p>\n<p><span style=\"font-family: verdana, geneva, sans-serif\">A UENP, como institui\u00e7\u00e3o comprometida com a integridade acad\u00eamica, valoriza a originalidade e o rigor metodol\u00f3gico. Portanto, reflita sobre a import\u00e2ncia da autoria respons\u00e1vel e consulte sempre seus professores ou a biblioteca universit\u00e1ria em caso de d\u00favidas sobre cita\u00e7\u00f5es. O combate ao pl\u00e1gio n\u00e3o \u00e9 apenas uma regra, mas um princ\u00edpio que fortalece a credibilidade do seu trabalho e da pr\u00f3pria universidade.<\/span><\/p>\n","protected":false},"excerpt":{"rendered":"","protected":false},"author":4,"featured_media":0,"parent":1144,"menu_order":0,"comment_status":"closed","ping_status":"closed","template":"","meta":{"footnotes":""},"class_list":["post-1250","page","type-page","status-publish","hentry"],"_links":{"self":[{"href":"https:\/\/sbu.uenp.edu.br\/clm\/wp-json\/wp\/v2\/pages\/1250","targetHints":{"allow":["GET"]}}],"collection":[{"href":"https:\/\/sbu.uenp.edu.br\/clm\/wp-json\/wp\/v2\/pages"}],"about":[{"href":"https:\/\/sbu.uenp.edu.br\/clm\/wp-json\/wp\/v2\/types\/page"}],"author":[{"embeddable":true,"href":"https:\/\/sbu.uenp.edu.br\/clm\/wp-json\/wp\/v2\/users\/4"}],"replies":[{"embeddable":true,"href":"https:\/\/sbu.uenp.edu.br\/clm\/wp-json\/wp\/v2\/comments?post=1250"}],"version-history":[{"count":5,"href":"https:\/\/sbu.uenp.edu.br\/clm\/wp-json\/wp\/v2\/pages\/1250\/revisions"}],"predecessor-version":[{"id":1329,"href":"https:\/\/sbu.uenp.edu.br\/clm\/wp-json\/wp\/v2\/pages\/1250\/revisions\/1329"}],"up":[{"embeddable":true,"href":"https:\/\/sbu.uenp.edu.br\/clm\/wp-json\/wp\/v2\/pages\/1144"}],"wp:attachment":[{"href":"https:\/\/sbu.uenp.edu.br\/clm\/wp-json\/wp\/v2\/media?parent=1250"}],"curies":[{"name":"wp","href":"https:\/\/api.w.org\/{rel}","templated":true}]}}