{"id":11,"date":"2024-09-02T11:13:35","date_gmt":"2024-09-02T14:13:35","guid":{"rendered":"http:\/\/sbu.uenp.edu.br\/clm\/?page_id=11"},"modified":"2025-05-05T08:23:47","modified_gmt":"2025-05-05T11:23:47","slug":"conheca","status":"publish","type":"page","link":"https:\/\/sbu.uenp.edu.br\/clm\/conheca\/","title":{"rendered":"Conhe\u00e7a"},"content":{"rendered":"<hr \/>\n<p dir=\"ltr\" style=\"text-align: justify\"><a href=\"http:\/\/sbu.uenp.edu.br\/clm\"><img loading=\"lazy\" decoding=\"async\" class=\"alignright wp-image-733 size-medium\" src=\"https:\/\/sbu.uenp.edu.br\/clm\/wp-content\/uploads\/sites\/24\/2024\/09\/WhatsApp-Image-2024-09-26-at-10.12.21-300x225.jpeg\" alt=\"\" width=\"300\" height=\"225\" srcset=\"https:\/\/sbu.uenp.edu.br\/clm\/wp-content\/uploads\/sites\/24\/2024\/09\/WhatsApp-Image-2024-09-26-at-10.12.21-300x225.jpeg 300w, https:\/\/sbu.uenp.edu.br\/clm\/wp-content\/uploads\/sites\/24\/2024\/09\/WhatsApp-Image-2024-09-26-at-10.12.21-1024x768.jpeg 1024w, https:\/\/sbu.uenp.edu.br\/clm\/wp-content\/uploads\/sites\/24\/2024\/09\/WhatsApp-Image-2024-09-26-at-10.12.21-768x576.jpeg 768w, https:\/\/sbu.uenp.edu.br\/clm\/wp-content\/uploads\/sites\/24\/2024\/09\/WhatsApp-Image-2024-09-26-at-10.12.21-1536x1152.jpeg 1536w, https:\/\/sbu.uenp.edu.br\/clm\/wp-content\/uploads\/sites\/24\/2024\/09\/WhatsApp-Image-2024-09-26-at-10.12.21.jpeg 1600w\" sizes=\"auto, (max-width: 300px) 100vw, 300px\" \/><\/a><\/p>\n<p dir=\"ltr\"><span style=\"font-family: verdana, geneva, sans-serif\">Unidade componente do Sistema de Bibliotecas Universit\u00e1rias da Universidade Estadual do Norte do Paran\u00e1 (SBU-UENP). Localizada no <em>Campus <\/em>Luiz Meneghel, em Bandeirantes\/PR. Al\u00e9m da Biblioteca CLM, o SBU-UENP conta com outras unidades nas cidades norte-paranaenses de Corn\u00e9lio Proc\u00f3pio e Jacarezinho.<\/span><\/p>\n<p><span style=\"font-family: verdana, geneva, sans-serif\">As \u00e1reas de especialidade contempladas pela Biblioteca CLM s\u00e3o as Ci\u00eancias Agr\u00e1rias (mais precisamente a Agronomia e a Medicina Veterin\u00e1ria), as Ci\u00eancias Biol\u00f3gicas e da Sa\u00fade (com materiais na \u00e1rea de Ci\u00eancias Biol\u00f3gicas e Enfermagem) e as Ci\u00eancias Tecnol\u00f3gicas (abrangendo especificamente a Ci\u00eancia da Computa\u00e7\u00e3o, Computa\u00e7\u00e3o e Sistemas de Informa\u00e7\u00e3o).<\/span><\/p>\n<p>&nbsp;<\/p>\n","protected":false},"excerpt":{"rendered":"","protected":false},"author":1,"featured_media":0,"parent":0,"menu_order":0,"comment_status":"closed","ping_status":"closed","template":"","meta":{"footnotes":""},"class_list":["post-11","page","type-page","status-publish","hentry"],"_links":{"self":[{"href":"https:\/\/sbu.uenp.edu.br\/clm\/wp-json\/wp\/v2\/pages\/11","targetHints":{"allow":["GET"]}}],"collection":[{"href":"https:\/\/sbu.uenp.edu.br\/clm\/wp-json\/wp\/v2\/pages"}],"about":[{"href":"https:\/\/sbu.uenp.edu.br\/clm\/wp-json\/wp\/v2\/types\/page"}],"author":[{"embeddable":true,"href":"https:\/\/sbu.uenp.edu.br\/clm\/wp-json\/wp\/v2\/users\/1"}],"replies":[{"embeddable":true,"href":"https:\/\/sbu.uenp.edu.br\/clm\/wp-json\/wp\/v2\/comments?post=11"}],"version-history":[{"count":34,"href":"https:\/\/sbu.uenp.edu.br\/clm\/wp-json\/wp\/v2\/pages\/11\/revisions"}],"predecessor-version":[{"id":1452,"href":"https:\/\/sbu.uenp.edu.br\/clm\/wp-json\/wp\/v2\/pages\/11\/revisions\/1452"}],"wp:attachment":[{"href":"https:\/\/sbu.uenp.edu.br\/clm\/wp-json\/wp\/v2\/media?parent=11"}],"curies":[{"name":"wp","href":"https:\/\/api.w.org\/{rel}","templated":true}]}}