{"id":1064,"date":"2024-10-25T08:47:07","date_gmt":"2024-10-25T11:47:07","guid":{"rendered":"https:\/\/sbu.uenp.edu.br\/clm\/?page_id=1064"},"modified":"2026-02-09T16:06:37","modified_gmt":"2026-02-09T19:06:37","slug":"portal","status":"publish","type":"page","link":"https:\/\/sbu.uenp.edu.br\/clm\/conheca\/portal\/","title":{"rendered":"Portal"},"content":{"rendered":"<hr \/>\n<p><span style=\"font-family: verdana, geneva, sans-serif\">O portal da Biblioteca do <em>Campus<\/em> Luiz Meneghel (BCLM) configura-se como mais uma fonte de informa\u00e7\u00e3o para a comunidade acad\u00eamica do Campus Luiz Meneghel de Bandeirantes da UENP. Seu objetivo \u00e9 reunir, apresentar e divulgar, de forma clara, os servi\u00e7os e orienta\u00e7\u00f5es da BCLM para sua comunidade. Os conte\u00fados do site s\u00e3o revisados e atualizados periodicamente para assegurar precis\u00e3o e relev\u00e2ncia, com a frequ\u00eancia variando conforme a natureza das informa\u00e7\u00f5es.<\/span><\/p>\n<p><span style=\"font-family: verdana, geneva, sans-serif\">Atualmente, a responsabilidade pela curadoria e arquitetura da informa\u00e7\u00e3o do portal \u00e9 do bibliotec\u00e1rio respons\u00e1vel pela BCLM, com apoio de infraestrutura tecnol\u00f3gica concedido por uma pessoa estagi\u00e1ria vinculada ao N\u00facleo de Tecnologia da Informa\u00e7\u00e3o (<strong><a href=\"https:\/\/nti.uenp.edu.br\/\" target=\"_blank\" rel=\"noopener\">NTI<\/a><\/strong>). A elabora\u00e7\u00e3o do conte\u00fado textual de cunho descritivo disponibilizado no portal contou com a contribui\u00e7\u00e3o de ferramentas de intelig\u00eancia artificial, sendo o conte\u00fado revisado e validado pelo respons\u00e1vel pelo site. A arquitetura da informa\u00e7\u00e3o da p\u00e1gina \u00e9 de inteira responsabilidade do bibliotec\u00e1rio da BCLM.<\/span><\/p>\n<p><span style=\"font-family: verdana, geneva, sans-serif\">O portal tamb\u00e9m conta com o apoio fundamental dos estagi\u00e1rios da pr\u00f3pria biblioteca, que contribuem com a atualiza\u00e7\u00e3o do acervo de livros, a inser\u00e7\u00e3o de novos textos no site e a produ\u00e7\u00e3o de conte\u00fados para as redes sociais da BCLM. Al\u00e9m dessas atividades, os estagi\u00e1rios desempenham um papel estrat\u00e9gico no fortalecimento da biblioteca e no estreitamento da rela\u00e7\u00e3o com a comunidade acad\u00eamica. Essa colabora\u00e7\u00e3o tem sido essencial para ampliar o alcance das informa\u00e7\u00f5es e consolidar o v\u00ednculo entre a biblioteca e seus usu\u00e1rios.<\/span><\/p>\n<p><span style=\"font-family: verdana, geneva, sans-serif\">Apesar do compromisso com a manuten\u00e7\u00e3o de informa\u00e7\u00f5es atualizadas, podem ocorrer atrasos na atualiza\u00e7\u00e3o de certos conte\u00fados devido a outras demandas sob responsabilidade do bibliotec\u00e1rio. Caso algum membro da comunidade acad\u00eamica do CLM identifique informa\u00e7\u00f5es desatualizadas ou que necessitem de altera\u00e7\u00f5es, recomenda-se contatar o bibliotec\u00e1rio gestor do site pelo e-mail: <a href=\"mailto:coordenacao.biblioteca.clm@uenp.edu.br\" target=\"_blank\" rel=\"noopener\"><strong>coordenacao.biblioteca.clm@uenp.edu.br<\/strong><\/a><\/span><\/p>\n","protected":false},"excerpt":{"rendered":"","protected":false},"author":4,"featured_media":0,"parent":11,"menu_order":0,"comment_status":"closed","ping_status":"closed","template":"","meta":{"footnotes":""},"class_list":["post-1064","page","type-page","status-publish","hentry"],"_links":{"self":[{"href":"https:\/\/sbu.uenp.edu.br\/clm\/wp-json\/wp\/v2\/pages\/1064","targetHints":{"allow":["GET"]}}],"collection":[{"href":"https:\/\/sbu.uenp.edu.br\/clm\/wp-json\/wp\/v2\/pages"}],"about":[{"href":"https:\/\/sbu.uenp.edu.br\/clm\/wp-json\/wp\/v2\/types\/page"}],"author":[{"embeddable":true,"href":"https:\/\/sbu.uenp.edu.br\/clm\/wp-json\/wp\/v2\/users\/4"}],"replies":[{"embeddable":true,"href":"https:\/\/sbu.uenp.edu.br\/clm\/wp-json\/wp\/v2\/comments?post=1064"}],"version-history":[{"count":6,"href":"https:\/\/sbu.uenp.edu.br\/clm\/wp-json\/wp\/v2\/pages\/1064\/revisions"}],"predecessor-version":[{"id":1966,"href":"https:\/\/sbu.uenp.edu.br\/clm\/wp-json\/wp\/v2\/pages\/1064\/revisions\/1966"}],"up":[{"embeddable":true,"href":"https:\/\/sbu.uenp.edu.br\/clm\/wp-json\/wp\/v2\/pages\/11"}],"wp:attachment":[{"href":"https:\/\/sbu.uenp.edu.br\/clm\/wp-json\/wp\/v2\/media?parent=1064"}],"curies":[{"name":"wp","href":"https:\/\/api.w.org\/{rel}","templated":true}]}}